{"id":6556,"date":"2024-01-02T19:51:01","date_gmt":"2024-01-02T19:51:01","guid":{"rendered":"https:\/\/calibracion.com.mx\/tienda\/?post_type=product&#038;p=6556"},"modified":"2024-01-02T20:08:35","modified_gmt":"2024-01-02T20:08:35","slug":"extech-ir270-termometro-ir-con-alerta-de-color-2","status":"publish","type":"product","link":"https:\/\/calibracion.com.mx\/tienda\/extech-ir270-termometro-ir-con-alerta-de-color-2\/","title":{"rendered":"Term\u00f3metro infrarrojo de -50 a 450\u00b0C BT-GM300"},"content":{"rendered":"<p>Esta se\u00f1al resultar\u00e1 ser digital que se expone en la pantalla LCD tras el amplificador de se\u00f1al y el circuito de procesamiento.<\/p>\n<ul>\n<li>Conversi\u00f3n de unidad de temperatura de 1.\u2103 \/ \u2109.<\/li>\n<li>Apagado autom\u00e1tico.<\/li>\n<li>Retenci\u00f3n de datos.<\/li>\n<li>Luz de fondo LCD.<\/li>\n<li>L\u00e1ser de posicionamiento.<\/li>\n<\/ul>\n<table border=\"1\" cellspacing=\"0\" cellpadding=\"2\">\n<tbody>\n<tr>\n<td>Rango de temperatura<\/td>\n<td>-50 ~ 450 \u2103 (-58 ~ 842 \u2109)<\/td>\n<\/tr>\n<tr>\n<td>Exactitud<\/td>\n<td>0\u2103~450\u2103 (32\u2109~842\u2109) \uff1a\u00b11.5\u2103(\u00b12.7\u2109)<br \/>\nor\u00b11.5%<br \/>\n-50\u2103~0\u2103(-58\u2109~32\u2109)\uff1a \u00b13\u2103 (\u00b15\u2109)<br \/>\nCualquiera que sea mayor que<\/td>\n<\/tr>\n<tr>\n<td>Resoluci\u00f3n<\/td>\n<td>0,1 \u2103 o 0,1 \u2109<\/td>\n<\/tr>\n<tr>\n<td>Repetibilidad<\/td>\n<td>1% de lectura o 1\u2103<\/td>\n<\/tr>\n<tr>\n<td>Tiempo de respuesta<\/td>\n<td>500 mseg, 95% de respuesta<\/td>\n<\/tr>\n<tr>\n<td>Respuesta espectral<\/td>\n<td>5-14 um<\/td>\n<\/tr>\n<tr>\n<td>emisividad<\/td>\n<td>0,95 preestablecido<\/td>\n<\/tr>\n<tr>\n<td>Distancia al tama\u00f1o del punto<\/td>\n<td>12:1<\/td>\n<\/tr>\n<tr>\n<td>Temperatura de funcionamiento<\/td>\n<td>0 ~40 \u2103 (32 ~ 104 \u2109)<\/td>\n<\/tr>\n<tr>\n<td>Humedad de funcionamiento<\/td>\n<td>10~95 % de HR sin condensaci\u00f3n,<br \/>\nhasta 30 \u2103 (86 \u2109)<\/td>\n<\/tr>\n<tr>\n<td>Temperatura de almacenamiento<\/td>\n<td>-20 ~ 60 \u2103 (-4 ~ 140 \u2109)<\/td>\n<\/tr>\n<tr>\n<td>Energ\u00eda<\/td>\n<td>bater\u00eda de 9V (6F22)<\/td>\n<\/tr>\n<tr>\n<td>Duraci\u00f3n t\u00edpica de la bater\u00eda<\/td>\n<td>Modo no l\u00e1ser: 22 horas;<br \/>\nModelos l\u00e1ser: 12 horas<\/td>\n<\/tr>\n<tr>\n<td>Peso<\/td>\n<td>147,5 g<\/td>\n<\/tr>\n<tr>\n<td>Dimensi\u00f3n<\/td>\n<td>153x101x43mm<\/td>\n<\/tr>\n<\/tbody>\n<\/table>\n","protected":false},"excerpt":{"rendered":"<p>Esta unidad se compone de \u00f3ptica, amplificador de se\u00f1al del sensor de temperatura, circuito de procesamiento y pantalla LCD.La \u00d3ptica recolect\u00f3 la energ\u00eda infrarroja emitida por el objeto y se enfoc\u00f3 en el Sensor. Entonces el sensor traduce la energ\u00eda en una se\u00f1al el\u00e9ctrica.<\/p>\n","protected":false},"featured_media":6562,"template":"","meta":[],"product_cat":[16],"product_tag":[],"class_list":["post-6556","product","type-product","status-publish","has-post-thumbnail","hentry","product_cat-uncategorized"],"_links":{"self":[{"href":"https:\/\/calibracion.com.mx\/tienda\/wp-json\/wp\/v2\/product\/6556","targetHints":{"allow":["GET"]}}],"collection":[{"href":"https:\/\/calibracion.com.mx\/tienda\/wp-json\/wp\/v2\/product"}],"about":[{"href":"https:\/\/calibracion.com.mx\/tienda\/wp-json\/wp\/v2\/types\/product"}],"wp:featuredmedia":[{"embeddable":true,"href":"https:\/\/calibracion.com.mx\/tienda\/wp-json\/wp\/v2\/media\/6562"}],"wp:attachment":[{"href":"https:\/\/calibracion.com.mx\/tienda\/wp-json\/wp\/v2\/media?parent=6556"}],"wp:term":[{"taxonomy":"product_cat","embeddable":true,"href":"https:\/\/calibracion.com.mx\/tienda\/wp-json\/wp\/v2\/product_cat?post=6556"},{"taxonomy":"product_tag","embeddable":true,"href":"https:\/\/calibracion.com.mx\/tienda\/wp-json\/wp\/v2\/product_tag?post=6556"}],"curies":[{"name":"wp","href":"https:\/\/api.w.org\/{rel}","templated":true}]}}