{"id":6557,"date":"2024-01-02T19:58:13","date_gmt":"2024-01-02T19:58:13","guid":{"rendered":"https:\/\/calibracion.com.mx\/tienda\/?post_type=product&#038;p=6557"},"modified":"2024-01-02T19:58:13","modified_gmt":"2024-01-02T19:58:13","slug":"pq3450-analizador-de-energia-trifasico-asico-registrador-datalogger","status":"publish","type":"product","link":"https:\/\/calibracion.com.mx\/tienda\/pq3450-analizador-de-energia-trifasico-asico-registrador-datalogger\/","title":{"rendered":"Pq3450-Analizador de energia trifasico asico registrador (datalogger)"},"content":{"rendered":"<p><strong>Caracter\u00edsticas:<\/strong><\/p>\n<ul>\n<li>Pinzas amperim\u00e9tricas opcionales de 200 A, 1200 A o sondas de corriente flexibles de 3000 A (se venden por separado).<\/li>\n<li>Registre hasta 30.000 lecturas en una tarjeta de memoria SD extra\u00edble en formato Microsoft Excel.<\/li>\n<li>KWH \/ KVAH \/ KVARH \/ PFH (sistema).<\/li>\n<li>Completo con 4 cables de voltaje con pinzas de cocodrilo, 8 bater\u00edas AA, tarjeta SD, adaptador de CA de 100-240 V y estuche. Las sondas de pinza se venden por separado.<\/li>\n<li>V (fase a fase) V (fase a tierra).<\/li>\n<li>KW \/ KVA \/ KVAR \/ PF (sistema).<\/li>\n<li>Amplio rango de frecuencia de muestreo (2 segundos a 2 horas).<\/li>\n<li>A (fase a tierra).<\/li>\n<li>Gran pantalla LCD num\u00e9rica retroiluminada de matriz de puntos legible por el sol con men\u00fa en pantalla f\u00e1cil de usar.<\/li>\n<li>\u00c1ngulo de fase.<\/li>\n<li>KW \/ KVA \/ KVAR \/ PF (fase).<\/li>\n<li>Reloj y calendario integrados.<\/li>\n<li>An\u00e1lisis completo del sistema con hasta 35 par\u00e1metros:<\/li>\n<li>Transformador de corriente ajustable CT (1 a 600) y relaci\u00f3n de transformador de potencial PT (1 a 1000) para sistemas de distribuci\u00f3n de alta potencia.<\/li>\n<\/ul>\n","protected":false},"excerpt":{"rendered":"<p>Pq3450-Analizador de energia trifasico asico registrador (datalogger)<\/p>\n","protected":false},"featured_media":6561,"template":"","meta":[],"product_cat":[16],"product_tag":[],"class_list":["post-6557","product","type-product","status-publish","has-post-thumbnail","hentry","product_cat-uncategorized"],"_links":{"self":[{"href":"https:\/\/calibracion.com.mx\/tienda\/wp-json\/wp\/v2\/product\/6557","targetHints":{"allow":["GET"]}}],"collection":[{"href":"https:\/\/calibracion.com.mx\/tienda\/wp-json\/wp\/v2\/product"}],"about":[{"href":"https:\/\/calibracion.com.mx\/tienda\/wp-json\/wp\/v2\/types\/product"}],"wp:featuredmedia":[{"embeddable":true,"href":"https:\/\/calibracion.com.mx\/tienda\/wp-json\/wp\/v2\/media\/6561"}],"wp:attachment":[{"href":"https:\/\/calibracion.com.mx\/tienda\/wp-json\/wp\/v2\/media?parent=6557"}],"wp:term":[{"taxonomy":"product_cat","embeddable":true,"href":"https:\/\/calibracion.com.mx\/tienda\/wp-json\/wp\/v2\/product_cat?post=6557"},{"taxonomy":"product_tag","embeddable":true,"href":"https:\/\/calibracion.com.mx\/tienda\/wp-json\/wp\/v2\/product_tag?post=6557"}],"curies":[{"name":"wp","href":"https:\/\/api.w.org\/{rel}","templated":true}]}}