{"id":6566,"date":"2024-01-02T20:17:04","date_gmt":"2024-01-02T20:17:04","guid":{"rendered":"https:\/\/calibracion.com.mx\/tienda\/?post_type=product&#038;p=6566"},"modified":"2024-01-02T20:17:05","modified_gmt":"2024-01-02T20:17:05","slug":"pq3450-2-analizador-de-energia-trifasico-asico-registrador-datalogger-200a-kit","status":"publish","type":"product","link":"https:\/\/calibracion.com.mx\/tienda\/pq3450-2-analizador-de-energia-trifasico-asico-registrador-datalogger-200a-kit\/","title":{"rendered":"Pq3450-2-Analizador de energ\u00eda trif\u00e1sico asico registrador (datalogger) 200a kit"},"content":{"rendered":"<p><strong>Caracter\u00edsticas:<\/strong><\/p>\n<ul>\n<li>Completo con 4 cables de voltaje con pinzas de cocodrilo, 8 bater\u00edas AA, tarjeta SD, adaptador de CA de 100-240 V y estuche.<\/li>\n<li>Registre hasta 30.000 lecturas en una tarjeta de memoria SD extra\u00edble en formato Microsoft Excel,<\/li>\n<li>KWH \/ KVAH \/ KVARH \/ PFH (sistema),<\/li>\n<li>Reloj y calendario integrados.<\/li>\n<li>Amplio rango de frecuencia de muestreo (2 segundos a 2 horas).<\/li>\n<li>An\u00e1lisis completo del sistema con hasta 35 par\u00e1metros:<\/li>\n<li>KW \/ KVA \/ KVAR \/ PF (sistema),<\/li>\n<li>A (fase a tierra),<\/li>\n<li>\u00c1ngulo de fase,<\/li>\n<li>KW \/ KVA \/ KVAR \/ PF (fase),<\/li>\n<li>Transformador de corriente ajustable CT (1 a 600) y relaci\u00f3n de transformador de potencial PT (1 a 1000) para sistemas de distribuci\u00f3n de alta potencia,<\/li>\n<li>V (fase a fase), V (fase a tierra),<\/li>\n<li>Gran pantalla LCD num\u00e9rica, de matriz de puntos, legible al sol, retroiluminada con men\u00fa en pantalla f\u00e1cil de usar<\/li>\n<\/ul>\n","protected":false},"excerpt":{"rendered":"<div class=\"woocommerce-tabs wc-tabs-wrapper\">\n<div id=\"tab-description\" class=\"woocommerce-Tabs-panel woocommerce-Tabs-panel--description panel entry-content wc-tab\" role=\"tabpanel\" aria-labelledby=\"tab-title-description\">\n<p>Pq3450-2-Analizador de energ\u00eda trif\u00e1sico asico registrador (datalogger) 200a kit<\/p>\n<\/div>\n<\/div>\n","protected":false},"featured_media":6571,"template":"","meta":[],"product_cat":[16],"product_tag":[],"class_list":["post-6566","product","type-product","status-publish","has-post-thumbnail","hentry","product_cat-uncategorized"],"_links":{"self":[{"href":"https:\/\/calibracion.com.mx\/tienda\/wp-json\/wp\/v2\/product\/6566","targetHints":{"allow":["GET"]}}],"collection":[{"href":"https:\/\/calibracion.com.mx\/tienda\/wp-json\/wp\/v2\/product"}],"about":[{"href":"https:\/\/calibracion.com.mx\/tienda\/wp-json\/wp\/v2\/types\/product"}],"wp:featuredmedia":[{"embeddable":true,"href":"https:\/\/calibracion.com.mx\/tienda\/wp-json\/wp\/v2\/media\/6571"}],"wp:attachment":[{"href":"https:\/\/calibracion.com.mx\/tienda\/wp-json\/wp\/v2\/media?parent=6566"}],"wp:term":[{"taxonomy":"product_cat","embeddable":true,"href":"https:\/\/calibracion.com.mx\/tienda\/wp-json\/wp\/v2\/product_cat?post=6566"},{"taxonomy":"product_tag","embeddable":true,"href":"https:\/\/calibracion.com.mx\/tienda\/wp-json\/wp\/v2\/product_tag?post=6566"}],"curies":[{"name":"wp","href":"https:\/\/api.w.org\/{rel}","templated":true}]}}