{"id":6660,"date":"2024-01-03T16:33:11","date_gmt":"2024-01-03T16:33:11","guid":{"rendered":"https:\/\/calibracion.com.mx\/tienda\/?post_type=product&#038;p=6660"},"modified":"2024-01-03T16:33:45","modified_gmt":"2024-01-03T16:33:45","slug":"mp530a-multimetro-multipro","status":"publish","type":"product","link":"https:\/\/calibracion.com.mx\/tienda\/mp530a-multimetro-multipro\/","title":{"rendered":"Mp530a &#8211; multimetro multipro"},"content":{"rendered":"<p><strong>Caracter\u00edsticas:<\/strong><\/p>\n<p>MP530A es un mult\u00edmetro de rango autom\u00e1tico de valor eficiente verdadero de 5000 recuentos que mide voltaje CA \/ CC, corriente CA \/ CC, resistencia, temperatura, capacitancia y continuidad con una precisi\u00f3n b\u00e1sica del 0.08%.\u00a0Las especificaciones auxiliares tienen dentro : prueba de diodos, verificaci\u00f3n de continuidad, pantalla retroiluminada de f\u00e1cil lectura, apagado autom\u00e1tico, retenci\u00f3n de datos y cero conductor autom\u00e1tico de baja resistencia.\u00a0Incluye funda protectora con soporte incorporado, cables de prueba, sonda de temperatura de perla tipo K y bater\u00eda de 9 voltios.<\/p>\n<ul>\n<li>Funci\u00f3n de temperatura: -58 a 1832 \u00b0 F (-50 a 1000 \u00b0 C).<\/li>\n<li>Amplio ancho de banda de voltaje CA de 40 Hz a 20 kHz.<\/li>\n<li>Pantalla LCD retroiluminada de 5000 cuentas para alta resoluci\u00f3n (0.01mV, 0.1\u00b5A, 0.01Ohm, 0.01nF, 0.001Hz).<\/li>\n<li>Completo con soporte incorporado, cables de prueba CAT IV, funda protectora, sonda de temperatura tipo K y bater\u00eda de 9V.<\/li>\n<li>Funciones del mult\u00edmetro: voltaje y corriente CA \/ CC de verdadero valor eficaz, resistencia, frecuencia, capacitancia, diodo y continuidad.<\/li>\n<li>Apagado autom\u00e1tico inteligente, retenci\u00f3n y puesta a cero autom\u00e1tica de baja resistencia.<\/li>\n<li>Dise\u00f1o resistente con funda protectora y carcasa resistente al agua.<\/li>\n<li>Alta precisi\u00f3n de voltaje CC b\u00e1sico de 0.08%.<\/li>\n<li>Software de comunicaci\u00f3n para PC compatible con Windows opcional y cable aislado \u00f3pticamente.<\/li>\n<\/ul>\n","protected":false},"excerpt":{"rendered":"<p>Mp530a &#8211; multimetro multipro.<\/p>\n","protected":false},"featured_media":6663,"template":"","meta":[],"product_cat":[16],"product_tag":[],"class_list":["post-6660","product","type-product","status-publish","has-post-thumbnail","hentry","product_cat-uncategorized"],"_links":{"self":[{"href":"https:\/\/calibracion.com.mx\/tienda\/wp-json\/wp\/v2\/product\/6660","targetHints":{"allow":["GET"]}}],"collection":[{"href":"https:\/\/calibracion.com.mx\/tienda\/wp-json\/wp\/v2\/product"}],"about":[{"href":"https:\/\/calibracion.com.mx\/tienda\/wp-json\/wp\/v2\/types\/product"}],"wp:featuredmedia":[{"embeddable":true,"href":"https:\/\/calibracion.com.mx\/tienda\/wp-json\/wp\/v2\/media\/6663"}],"wp:attachment":[{"href":"https:\/\/calibracion.com.mx\/tienda\/wp-json\/wp\/v2\/media?parent=6660"}],"wp:term":[{"taxonomy":"product_cat","embeddable":true,"href":"https:\/\/calibracion.com.mx\/tienda\/wp-json\/wp\/v2\/product_cat?post=6660"},{"taxonomy":"product_tag","embeddable":true,"href":"https:\/\/calibracion.com.mx\/tienda\/wp-json\/wp\/v2\/product_tag?post=6660"}],"curies":[{"name":"wp","href":"https:\/\/api.w.org\/{rel}","templated":true}]}}