{"id":6669,"date":"2024-01-03T16:50:29","date_gmt":"2024-01-03T16:50:29","guid":{"rendered":"https:\/\/calibracion.com.mx\/tienda\/?post_type=product&#038;p=6669"},"modified":"2024-01-03T16:50:30","modified_gmt":"2024-01-03T16:50:30","slug":"termometro-infrarrojo-etekcity-lasergrip-1080","status":"publish","type":"product","link":"https:\/\/calibracion.com.mx\/tienda\/termometro-infrarrojo-etekcity-lasergrip-1080\/","title":{"rendered":"Termometro infrarrojo Etekcity Lasergrip 1080"},"content":{"rendered":"<p><strong>CARACTERISTICAS:<\/strong><\/p>\n<ul>\n<li>Destino m\u00e1s veloz : un l\u00e1ser incorporado le da la precisi\u00f3n para pulir en el espacio exacto que desea medir. No adivine de forma ciega hacia d\u00f3nde apunta su term\u00f3metro infrarrojo.<\/li>\n<li>Funci\u00f3n agregada: la pantalla LCD es retro iluminada , tambi\u00e9n tiene una funci\u00f3n de apagado autom\u00e1tico para alargar la duraci\u00f3n de la bater\u00eda, y cuenta con un indicador de bater\u00eda baja con lo que nunca de manera accidental se queda sin jugo (bater\u00eda incluida).<\/li>\n<li>Mejor precisi\u00f3n: la relaci\u00f3n distancia \/ punto es de 12: 1, lo que significa que el puntero l\u00e1ser 1080 puede medir con precisi\u00f3n los objetivos a distancias mayores en comparaci\u00f3n con la mayor\u00eda de los otros term\u00f3metros IR.<\/li>\n<\/ul>\n<h4><strong>Especificaciones:<\/strong><\/h4>\n<div class=\"a-expander-content a-expander-extend-content\" aria-expanded=\"true\">\n<div class=\"a-row a-expander-container a-expander-inline-container\">\n<div class=\"a-expander-content a-expander-section-content a-section-expander-inner\" aria-expanded=\"true\">\n<table id=\"productDetails_techSpec_section_1\" class=\"a-keyvalue prodDetTable\" style=\"height: 238px;\" role=\"presentation\" width=\"566\">\n<tbody>\n<tr>\n<th class=\"a-color-secondary a-size-base prodDetSectionEntry\">Marca<\/th>\n<td class=\"a-size-base prodDetAttrValue\">\u200eEtekcity<\/td>\n<\/tr>\n<tr>\n<th class=\"a-color-secondary a-size-base prodDetSectionEntry\">N\u00famero de modelo<\/th>\n<td class=\"a-size-base prodDetAttrValue\">\u200e1<\/td>\n<\/tr>\n<tr>\n<th class=\"a-color-secondary a-size-base prodDetSectionEntry\">Color<\/th>\n<td class=\"a-size-base prodDetAttrValue\">\u200eAmarillo<\/td>\n<\/tr>\n<tr>\n<th class=\"a-color-secondary a-size-base prodDetSectionEntry\">Dimensiones del producto<\/th>\n<td class=\"a-size-base prodDetAttrValue\">\u200e15,49 x 7,87 x 3,99 cm; 181,44 g<\/td>\n<\/tr>\n<tr>\n<th class=\"a-color-secondary a-size-base prodDetSectionEntry\">Voltaje<\/th>\n<td class=\"a-size-base prodDetAttrValue\">\u200e9 Voltios<\/td>\n<\/tr>\n<tr>\n<th class=\"a-color-secondary a-size-base prodDetSectionEntry\">Material<\/th>\n<td class=\"a-size-base prodDetAttrValue\">\u200ePl\u00e1stico<\/td>\n<\/tr>\n<tr>\n<th class=\"a-color-secondary a-size-base prodDetSectionEntry\">Apagado autom\u00e1tico<\/th>\n<td class=\"a-size-base prodDetAttrValue\">\u200eNo<\/td>\n<\/tr>\n<tr>\n<th class=\"a-color-secondary a-size-base prodDetSectionEntry\">Caracter\u00edsticas especiales<\/th>\n<td class=\"a-size-base prodDetAttrValue\">\u200ePort\u00e1til<\/td>\n<\/tr>\n<tr>\n<th class=\"a-color-secondary a-size-base prodDetSectionEntry\">Peso del producto<\/th>\n<td class=\"a-size-base prodDetAttrValue\">\u200e181 g<\/td>\n<\/tr>\n<\/tbody>\n<\/table>\n<\/div>\n<\/div>\n<\/div>\n","protected":false},"excerpt":{"rendered":"<p><strong>CARACTERISTICAS:\u00a0 \u00a0<\/strong><\/p>\n<p>Dise\u00f1o Polivalente : La tecnolog\u00eda de infrarrojos provoca que este term\u00f3metro sea \u00fatil para cocinar y barbacoa, efectuar cuidado autom\u00e1tico, realizar reparaciones en el hogar y otras muchas tareas; Medir todos los de -58 ~ 1022 \/ -50 ~ 550<\/p>\n","protected":false},"featured_media":6670,"template":"","meta":[],"product_cat":[16],"product_tag":[],"class_list":["post-6669","product","type-product","status-publish","has-post-thumbnail","hentry","product_cat-uncategorized"],"_links":{"self":[{"href":"https:\/\/calibracion.com.mx\/tienda\/wp-json\/wp\/v2\/product\/6669","targetHints":{"allow":["GET"]}}],"collection":[{"href":"https:\/\/calibracion.com.mx\/tienda\/wp-json\/wp\/v2\/product"}],"about":[{"href":"https:\/\/calibracion.com.mx\/tienda\/wp-json\/wp\/v2\/types\/product"}],"wp:featuredmedia":[{"embeddable":true,"href":"https:\/\/calibracion.com.mx\/tienda\/wp-json\/wp\/v2\/media\/6670"}],"wp:attachment":[{"href":"https:\/\/calibracion.com.mx\/tienda\/wp-json\/wp\/v2\/media?parent=6669"}],"wp:term":[{"taxonomy":"product_cat","embeddable":true,"href":"https:\/\/calibracion.com.mx\/tienda\/wp-json\/wp\/v2\/product_cat?post=6669"},{"taxonomy":"product_tag","embeddable":true,"href":"https:\/\/calibracion.com.mx\/tienda\/wp-json\/wp\/v2\/product_tag?post=6669"}],"curies":[{"name":"wp","href":"https:\/\/api.w.org\/{rel}","templated":true}]}}