{"id":6685,"date":"2024-01-03T17:14:40","date_gmt":"2024-01-03T17:14:40","guid":{"rendered":"https:\/\/calibracion.com.mx\/tienda\/?post_type=product&#038;p=6685"},"modified":"2024-01-03T17:14:41","modified_gmt":"2024-01-03T17:14:41","slug":"termometro-flashcheck-certified-min-max-ult-modelo-12239","status":"publish","type":"product","link":"https:\/\/calibracion.com.mx\/tienda\/termometro-flashcheck-certified-min-max-ult-modelo-12239\/","title":{"rendered":"Term\u00f3metro flashcheck certified min-max ult Modelo 12239"},"content":{"rendered":"<h5><strong>Modelo 12239:<\/strong><\/h5>\n<ul>\n<li>La memoria no vol\u00e1til conserva la configuraci\u00f3n a lo largo del remplazo de la bater\u00eda.<\/li>\n<li>Escalas de temperatura seleccionables en \u00baC \/ \u00baF.<\/li>\n<li>Sensor externo desmontable con conector Jack est\u00e9reo chapado en oro.<\/li>\n<li>Alarmas altas y bajas con zumbido audible y luz roja intermitente.<\/li>\n<li>Indicador de bater\u00eda sobrante.<\/li>\n<li>Pantalla LCD Jumbo.<\/li>\n<li>Se monta en superficies verticales con poderosos imanes integrados.<\/li>\n<li>Soporte plegable para ponerse en superficies llanas.<\/li>\n<\/ul>\n<h5><b>Aplicaciones:<\/b><\/h5>\n<p>Hospitales, Laboratorios, Farmacias, Refrigeradores y Congeladores de Almacenamiento.<\/p>\n<h4 class=\"rl_tabs-title nn_tabs-title\"><strong>Modelos:<\/strong><\/h4>\n<table style=\"height: 92px;\" width=\"552\">\n<thead>\n<tr>\n<th scope=\"col\">Modelo<\/th>\n<th scope=\"col\"><\/th>\n<\/tr>\n<\/thead>\n<tbody>\n<tr>\n<td>12239<\/td>\n<td>Incluye Certificado de Cumplimiento del Fabricante<\/td>\n<\/tr>\n<tr>\n<td>12239-02<\/td>\n<td>Incluye Certificado de Calibraci\u00f3n ISO 17025 de 2 a\u00f1os<\/td>\n<\/tr>\n<\/tbody>\n<\/table>\n<h4 class=\"rl_tabs-title nn_tabs-title\"><strong>Especificaciones:<\/strong><\/h4>\n<table style=\"height: 474px;\" width=\"918\">\n<caption>Term\u00f3metro ULT certificado m\u00ednimo\/m\u00e1ximo FlashCheck<\/caption>\n<thead>\n<tr>\n<th scope=\"col\">Caracter\u00edsticas<\/th>\n<th scope=\"col\">Especificaci\u00f3n<\/th>\n<\/tr>\n<\/thead>\n<tfoot>\n<tr>\n<td colspan=\"2\"><\/td>\n<\/tr>\n<\/tfoot>\n<tbody>\n<tr>\n<td>Rango de Medici\u00f3n del Sensor Externo<\/td>\n<td>-115.6\u00b0F a 113\u00b0F (-82\u00b0C a 45\u00b0C)<\/td>\n<\/tr>\n<tr>\n<td>Rango de Operaci\u00f3n<\/td>\n<td>De 14\u00b0F a 122\u00b0F (-10\u00b0C a 50\u00b0C)<\/td>\n<\/tr>\n<tr>\n<td>Precisi\u00f3n<\/td>\n<td>\u00b11.0\u00b0F de -76\u00b0F a 113\u00b0F (\u00b10.5\u00b0C de -60\u00b0C a 45\u00b0C) \u00b12.7\u00b0F de -115.6\u00b0F a -77.8\u00b0F (\u00b11.5\u00b0C de -82\u00b0C a -61\u00b0C)<\/td>\n<\/tr>\n<tr>\n<td>Resoluci\u00f3n de la Pantalla<\/td>\n<td>0.1\u00b0F\/\u00b0C<\/td>\n<\/tr>\n<tr>\n<td>Actualizaci\u00f3n de Lectura de Pantalla<\/td>\n<td>17 segundos<\/td>\n<\/tr>\n<tr>\n<td>Tama\u00f1o de la Pantalla<\/td>\n<td>1,92 pulg\u00a0ancho x 2,08 pulg largo\u00a0(49 mm de ancho x 53 mm de largo)<\/td>\n<\/tr>\n<tr>\n<td>Tama\u00f1o del Instrumento<\/td>\n<td>2.99 pulg ancho x 3.74 pulg largo x 0.74 pulg profundidad (76 mm ancho x 95 mm\u00a0largo x 19 mm profundidad)<\/td>\n<\/tr>\n<tr>\n<td>Cubierta<\/td>\n<td>Pol\u00edmero ABS, resistente a productos qu\u00edmicos y de alto impacto<\/td>\n<\/tr>\n<tr>\n<td>Sensor<\/td>\n<td>Termistor<\/td>\n<\/tr>\n<tr>\n<td>Sensor externo<\/td>\n<td>0.15 pulg di\u00e1metro x 0.98 pulg (3.8 mm de di\u00e1metro x 25 mm) Cable de tefl\u00f3n de 3.28 pies (1 m) con conector Jack est\u00e9reo<\/td>\n<\/tr>\n<tr>\n<td>Bater\u00eda<\/td>\n<td>Bater\u00eda AA, reemplazable por el usuario<\/td>\n<\/tr>\n<tr>\n<td>Calibraci\u00f3n<\/td>\n<td>Certificado de Calibraci\u00f3n ISO 17025 de 2 a\u00f1os (A2LA), Certificado de Calibraci\u00f3n NIST de 1 a\u00f1o y Certificado de Cumplimiento del Fabricante<\/td>\n<\/tr>\n<tr>\n<td>Certificaci\u00f3n<\/td>\n<td>Marca CE, Trazable a NIST, RoHS, WEEE<\/td>\n<\/tr>\n<\/tbody>\n<\/table>\n","protected":false},"excerpt":{"rendered":"<h5><strong>Caracter\u00edsticas:<\/strong><\/h5>\n<p>Memoria m\u00ednima\/m\u00e1xima para lecturas m\u00e1s bajas y mucho m\u00e1s altas.<\/p>\n<p>Monitorea las vacunas a temperaturas ultrajabas.<\/p>\n<p>Perfecto para almacenaje y transporte con hielo seco.<\/p>\n","protected":false},"featured_media":6687,"template":"","meta":[],"product_cat":[16],"product_tag":[],"class_list":["post-6685","product","type-product","status-publish","has-post-thumbnail","hentry","product_cat-uncategorized"],"_links":{"self":[{"href":"https:\/\/calibracion.com.mx\/tienda\/wp-json\/wp\/v2\/product\/6685","targetHints":{"allow":["GET"]}}],"collection":[{"href":"https:\/\/calibracion.com.mx\/tienda\/wp-json\/wp\/v2\/product"}],"about":[{"href":"https:\/\/calibracion.com.mx\/tienda\/wp-json\/wp\/v2\/types\/product"}],"wp:featuredmedia":[{"embeddable":true,"href":"https:\/\/calibracion.com.mx\/tienda\/wp-json\/wp\/v2\/media\/6687"}],"wp:attachment":[{"href":"https:\/\/calibracion.com.mx\/tienda\/wp-json\/wp\/v2\/media?parent=6685"}],"wp:term":[{"taxonomy":"product_cat","embeddable":true,"href":"https:\/\/calibracion.com.mx\/tienda\/wp-json\/wp\/v2\/product_cat?post=6685"},{"taxonomy":"product_tag","embeddable":true,"href":"https:\/\/calibracion.com.mx\/tienda\/wp-json\/wp\/v2\/product_tag?post=6685"}],"curies":[{"name":"wp","href":"https:\/\/api.w.org\/{rel}","templated":true}]}}