{"id":67,"date":"2023-10-24T17:55:39","date_gmt":"2023-10-24T17:55:39","guid":{"rendered":"https:\/\/calibracion.com.mx\/tienda\/?post_type=product&#038;p=67"},"modified":"2023-10-31T15:47:29","modified_gmt":"2023-10-31T15:47:29","slug":"elitech-gsp-8-datalogger-de-temperatura-y-humedad","status":"publish","type":"product","link":"https:\/\/calibracion.com.mx\/tienda\/elitech-gsp-8-datalogger-de-temperatura-y-humedad\/","title":{"rendered":"Elitech GSP-8 datalogger de temperatura y humedad"},"content":{"rendered":"<p>Elitech GSP-8<\/p>\n<p>Funcionalidades :<\/p>\n<ul>\n<li>Bater\u00eda de larga duraci\u00f3n y reemplazable<\/li>\n<li>Puerto USB para descarga de datos y configuraci\u00f3n del dispositivo<\/li>\n<li>Registro de temperatura y humedad en tiempo real<\/li>\n<li>Capacidad de almacenamiento de datos de hasta 8000 registros<\/li>\n<li>Pantalla LCD para visualizaci\u00f3n de datos<\/li>\n<li>Software gratuito para an\u00e1lisis de datos y generaci\u00f3n de informes<\/li>\n<li>Funci\u00f3n de alarmas de l\u00edmites superiores e inferiores para la temperatura y la humedad<\/li>\n<\/ul>\n<p>&nbsp;<\/p>\n<p>Informaciones t\u00e9cnicas:<\/p>\n<ul>\n<li>Peso: 42g<\/li>\n<li>Comunicaci\u00f3n: puerto USB<\/li>\n<li>Dimensiones: 84mm x 44mm x 20mm<\/li>\n<li>Bater\u00eda: 1 x pila de litio CR2032 (reemplazable)<\/li>\n<li>Precisi\u00f3n de la medici\u00f3n de temperatura: +\/- 0.5\u00b0C<\/li>\n<li>Intervalo de registro: ajustable entre 10 segundos y 24 horas<\/li>\n<li>Capacidad de almacenamiento: 8000 registros<\/li>\n<li>Rango de medici\u00f3n de humedad: 0% a 100% RH<\/li>\n<li>Rango de medici\u00f3n de temperatura: -40\u00b0C a 70\u00b0C<\/li>\n<li>Precisi\u00f3n de la medici\u00f3n de humedad: +\/- 3% RH<\/li>\n<\/ul>\n<p>&nbsp;<\/p>\n<p>Contenido del paquete :<\/p>\n<ul>\n<li>1 x Elitech GSP-8 datalogger de temperatura y humedad<\/li>\n<li>1 x cable USB<\/li>\n<li>1 x manual de usuario<\/li>\n<li>1 x software gratuito para an\u00e1lisis de datos y generaci\u00f3n de informes<\/li>\n<\/ul>\n<p>&nbsp;<\/p>\n<p>Con la capacidad de guardar hasta 8000 registros, el Elitech GSP-8 datalogger permite al usuario monitorear la temperatura y humedad a lo largo del tiempo y advertir cualquier variaci\u00f3n fuera de los l\u00edmites establecidos. Adem\u00e1s de esto , la funci\u00f3n de alarmas de l\u00edmites superiores y tambi\u00e9n inferiores da una alarma temprana de cualquier desviaci\u00f3n.<\/p>\n<p>El software gratuito proporcionado con el dispositivo permite al usuario investigar y producir reportes de los datos registrados para una mejor gesti\u00f3n de los ambientes controlados.<\/p>\n<p>Aplicaci\u00f3n : El Elitech GSP-8 datalogger de temperatura y humedad se usa principalmente para el chequeo y registro de la temperatura y la humedad en entornos interiores, as\u00ed como salas de almacenaje , oficinas , museos, salas de servidores, invernaderos, laboratorios, entre otros.<\/p>\n<p>El dispositivo es \u00fatil en cualquier sitio donde es importante sostener un ambiente controlado en t\u00e9rminos de temperatura y humedad para la protecci\u00f3n de bienes , equipos o la seguridad de los ocupantes.<\/p>\n","protected":false},"excerpt":{"rendered":"<p>CARACTER\u00cdSTICAS ELITECH GSP-8 DATALOGGER DE TEMPERATURA Y HUMEDAD<\/p>\n<p>El Elitech GSP-8 datalogger de temperatura y humedad se emplea eminentemente para el chequeo y registro de la temperatura y la humedad en ambientes interiores, tales como salas de almacenamiento , oficinas , museos, salas de servidores, invernaderos, laboratorios, entre otros.<\/p>\n","protected":false},"featured_media":68,"template":"","meta":[],"product_cat":[16],"product_tag":[],"class_list":["post-67","product","type-product","status-publish","has-post-thumbnail","hentry","product_cat-uncategorized"],"_links":{"self":[{"href":"https:\/\/calibracion.com.mx\/tienda\/wp-json\/wp\/v2\/product\/67","targetHints":{"allow":["GET"]}}],"collection":[{"href":"https:\/\/calibracion.com.mx\/tienda\/wp-json\/wp\/v2\/product"}],"about":[{"href":"https:\/\/calibracion.com.mx\/tienda\/wp-json\/wp\/v2\/types\/product"}],"wp:featuredmedia":[{"embeddable":true,"href":"https:\/\/calibracion.com.mx\/tienda\/wp-json\/wp\/v2\/media\/68"}],"wp:attachment":[{"href":"https:\/\/calibracion.com.mx\/tienda\/wp-json\/wp\/v2\/media?parent=67"}],"wp:term":[{"taxonomy":"product_cat","embeddable":true,"href":"https:\/\/calibracion.com.mx\/tienda\/wp-json\/wp\/v2\/product_cat?post=67"},{"taxonomy":"product_tag","embeddable":true,"href":"https:\/\/calibracion.com.mx\/tienda\/wp-json\/wp\/v2\/product_tag?post=67"}],"curies":[{"name":"wp","href":"https:\/\/api.w.org\/{rel}","templated":true}]}}