{"id":6742,"date":"2024-01-03T20:06:03","date_gmt":"2024-01-03T20:06:03","guid":{"rendered":"https:\/\/calibracion.com.mx\/tienda\/?post_type=product&#038;p=6742"},"modified":"2024-01-03T20:06:04","modified_gmt":"2024-01-03T20:06:04","slug":"manometro-digital-ametek-crystal-xp2i-con-sistema-c-de-0-a-3000-psi","status":"publish","type":"product","link":"https:\/\/calibracion.com.mx\/tienda\/manometro-digital-ametek-crystal-xp2i-con-sistema-c-de-0-a-3000-psi\/","title":{"rendered":"Man\u00f3metro digital ametek crystal xp2i con sistema c, de 0 a 3000 psi"},"content":{"rendered":"<p>Fiable a cualquier temperatura sin comprometer la precisi\u00f3n.<\/p>\n<h3>Funciones<\/h3>\n<ul>\n<li>Relaci\u00f3n de calibraci\u00f3n 4:1 f\u00e1cil de calcular.<\/li>\n<li>F\u00e1cil de usar.<\/li>\n<li>Cambiar los par\u00e1metros de registro directamente desde el teclado.<\/li>\n<li>Construcci\u00f3n de grado marino.<\/li>\n<li>Registre hasta 32000 puntos de datos.<\/li>\n<li><\/li>\n<li>Resistente a los golpes.<\/li>\n<li>Salida a hojas de c\u00e1lculo de Microsoft Excel preformateadas.<\/li>\n<li>Inst\u00e1lelo en computadoras adicionales sin costo adicional.<\/li>\n<li>Mayor duraci\u00f3n de la bater\u00eda para grabaciones a largo plazo.<\/li>\n<\/ul>\n<h3>Aplicaciones<\/h3>\n<ul>\n<li>Monitoreo de boca de pozo.<\/li>\n<li>Reemplazo del registrador de gr\u00e1ficos.<\/li>\n<li>Pruebas de fugas en tuber\u00edas.<\/li>\n<li>Diagn\u00f3stico: captura eventos intermitentes o transitorios y muchos m\u00e1s..<\/li>\n<\/ul>\n<h3>Presi\u00f3n de cristal 3KPSIXP2I-CXX-E Especificaciones<\/h3>\n<table>\n<tbody>\n<tr>\n<td>Rango de presi\u00f3n<\/td>\n<td>De 0 a 3000 psi<\/td>\n<\/tr>\n<tr>\n<td>Exactitud<\/td>\n<td>0.1% de la lectura<\/td>\n<\/tr>\n<tr>\n<td>Tipo de adaptador<\/td>\n<td>NPT<\/td>\n<\/tr>\n<tr>\n<td>Ubicaci\u00f3n de la conexi\u00f3n<\/td>\n<td>Fondo<\/td>\n<\/tr>\n<tr>\n<td>Sistema de bombeo<\/td>\n<td>Sistema C<\/td>\n<\/tr>\n<tr>\n<td>Estuche de transporte<\/td>\n<td>Aluminio<\/td>\n<\/tr>\n<tr>\n<td>Rango de presi\u00f3n del sistema de bombeo<\/td>\n<td>De 0 a 3000 psi\/200 bar<\/td>\n<\/tr>\n<tr>\n<td>Hidr\u00e1ulico<\/td>\n<td>Aceite<\/td>\n<\/tr>\n<tr>\n<td>Sobrepresi\u00f3n<\/td>\n<td>1,5 x<\/td>\n<\/tr>\n<tr>\n<td>Temperatura de funcionamiento<\/td>\n<td>De -10 a 50 \u00b0C (de 14 a 122 \u00b0F)<\/td>\n<\/tr>\n<\/tbody>\n<\/table>\n<p>&nbsp;<\/p>\n","protected":false},"excerpt":{"rendered":"<p>Robusto y confiable , este man\u00f3metro digital cuenta con un rango de 0 a 3000 psi y una sobrepresi\u00f3n de 1,5 veces. Consiga lecturas exactas con el sistema de bomba C de este man\u00f3metro que viene con un accesorio de presi\u00f3n NPT de 1\/4\u2033 y un estuche de transporte de aluminio.<\/p>\n","protected":false},"featured_media":6743,"template":"","meta":[],"product_cat":[16],"product_tag":[],"class_list":["post-6742","product","type-product","status-publish","has-post-thumbnail","hentry","product_cat-uncategorized"],"_links":{"self":[{"href":"https:\/\/calibracion.com.mx\/tienda\/wp-json\/wp\/v2\/product\/6742","targetHints":{"allow":["GET"]}}],"collection":[{"href":"https:\/\/calibracion.com.mx\/tienda\/wp-json\/wp\/v2\/product"}],"about":[{"href":"https:\/\/calibracion.com.mx\/tienda\/wp-json\/wp\/v2\/types\/product"}],"wp:featuredmedia":[{"embeddable":true,"href":"https:\/\/calibracion.com.mx\/tienda\/wp-json\/wp\/v2\/media\/6743"}],"wp:attachment":[{"href":"https:\/\/calibracion.com.mx\/tienda\/wp-json\/wp\/v2\/media?parent=6742"}],"wp:term":[{"taxonomy":"product_cat","embeddable":true,"href":"https:\/\/calibracion.com.mx\/tienda\/wp-json\/wp\/v2\/product_cat?post=6742"},{"taxonomy":"product_tag","embeddable":true,"href":"https:\/\/calibracion.com.mx\/tienda\/wp-json\/wp\/v2\/product_tag?post=6742"}],"curies":[{"name":"wp","href":"https:\/\/api.w.org\/{rel}","templated":true}]}}