{"id":6764,"date":"2024-01-04T16:16:32","date_gmt":"2024-01-04T16:16:32","guid":{"rendered":"https:\/\/calibracion.com.mx\/tienda\/?post_type=product&#038;p=6764"},"modified":"2024-01-04T16:16:32","modified_gmt":"2024-01-04T16:16:32","slug":"flashcheck-tct-kit-de-termometro-de-termopar-digital-modelo-25002","status":"publish","type":"product","link":"https:\/\/calibracion.com.mx\/tienda\/flashcheck-tct-kit-de-termometro-de-termopar-digital-modelo-25002\/","title":{"rendered":"Flashcheck tct kit de term\u00f3metro de termopar digital Modelo 25002"},"content":{"rendered":"<h5><strong>Aplicaciones :<\/strong><\/h5>\n<p>Servicio de alimentos, Inspecci\u00f3n de Control de Calidad.<br \/>\nEl Kit de Term\u00f3metro Digital Termopar, Modelo 25002 es una gama mucho m\u00e1s extensa de instrumentos, de mano usados por los expertos de servicios de alimentos y de los inspectores de control de calidad para contrastar las temperaturas de los alimentos y equipos durante la preparaci\u00f3n, el almacenaje y la manipulaci\u00f3n de los alimentos. El kit de TCT le da una m\u00e1xima durabilidad y la utilidad que se puede utilizar en una pluralidad de ocasiones.<\/p>\n<p>El kit de term\u00f3metro digital termopar, Modelo 25002 incluye una funda de pl\u00e1stico resistente , 5 sondas remplazables tipo K, un cable de extensi\u00f3n, y la unidad base term\u00f3metro termopar.<\/p>\n<p>&nbsp;<\/p>\n<table class=\"plain\" style=\"height: 1601px;\" width=\"695\">\n<caption>Modelo 25002 Termopar Term\u00f3metro Componentes<\/caption>\n<thead>\n<tr>\n<th scope=\"col\">Modelo<\/th>\n<th scope=\"col\">Sonda<\/th>\n<th scope=\"col\">Rango de temperatura<\/th>\n<\/tr>\n<\/thead>\n<tfoot>\n<tr>\n<td colspan=\"3\">Los term\u00f3metros y sondas tambi\u00e9n estan disponibles individualmente. El usuario debe elegir el tipo adecuado de sonda para las diferentes aplicaciones. Aseg\u00farese de que el objetivo a ser medido no deber\u00e1 exceder la gama de temperatura de la sonda para evitar da\u00f1os permanentes a la sonda de termopar.<\/td>\n<\/tr>\n<\/tfoot>\n<tbody>\n<tr>\n<td>25004 \u2013 Sonda de Superficie<\/td>\n<td>\u00a0Aplicable para la medici\u00f3n de temperaturas en una variedad de superficies. Utilice la sonda de superficie en parrillas o rejillas para garantizar que se cumplan las temperaturas adecuadas de cocci\u00f3n.<\/td>\n<td>-76\u00b0F a 752\u00b0F (-60\u00b0C a 400\u00b0C)<\/td>\n<\/tr>\n<tr>\n<td>25005 \u2013 Sonda Aire\/Gas<\/td>\n<td>\u00a0Aplicable para la medici\u00f3n de la temperatura del aire. Utilice la sonda de aire \/ gas para controlar hornos, hornillas de la cocina o el congelador.<\/td>\n<td>-76\u00b0F a 1652\u00b0F (-60\u00b0C a 900\u00b0C)<\/td>\n<\/tr>\n<tr>\n<td>25006 \u2013 Sonda de penetraci\u00f3n<\/td>\n<td>\u00a0Aplicable para la medici\u00f3n de carnes s\u00f3lidas o semi-s\u00f3lidas y alimentos congelados. Cualquier cosa que est\u00e9 congelada no se puede penetrar sin antes ser perforada. Utilice la sonda de penetraci\u00f3n para trabajo pesado y en la exploraci\u00f3n m\u00e1s profunda.<\/td>\n<td>-76\u00b0F a 1112\u00b0F (-60\u00b0C a 600\u00b0C)<\/td>\n<\/tr>\n<tr>\n<td>25007- Punta reducida<\/td>\n<td>\u00a0Aplicable para la medici\u00f3n de alimentos de masa delgada como las hamburguesas y nuggets de pollo. Use la punta de sonda reducida para una mayor durabilidad que la sonda de aguja.<\/td>\n<td>-76\u00b0F a 752\u00b0F (-60\u00b0C a 400\u00b0C)<\/td>\n<\/tr>\n<tr>\n<td>25008- sonda de aguja<\/td>\n<td>\u00a0Aplicable para la medici\u00f3n de l\u00edquidos y semis\u00f3lidos suaves. Tambi\u00e9n puede utilizar la sonda de aguja para medir la temperatura de los alimentos de masas finas tales como filetes de pescado y uvas.<\/td>\n<td>-76\u00b0F a 752\u00b0F (-60\u00b0C a 400\u00b0C)<\/td>\n<\/tr>\n<tr>\n<td>25003 \u2013 Term\u00f3metro termopar, unidad de base<\/td>\n<td><\/td>\n<td><\/td>\n<\/tr>\n<tr>\n<td>25013 \u2013 Cable de Extensi\u00f3n<\/td>\n<\/tr>\n<\/tbody>\n<\/table>\n","protected":false},"excerpt":{"rendered":"<h5><strong>Caracter\u00edsticas:<\/strong><\/h5>\n<ul>\n<li>Certificado por la NSF.<\/li>\n<li>Mezclable \u00b0F\/\u00b0C.<\/li>\n<li>Cinco sondas tipo K intercambiables disponibles.<\/li>\n<li>A prueba de salpicaduras (IP54).<\/li>\n<li>Perfecto para el servicio de alimentos y los inspectores de control de calidad.<\/li>\n<li>Gran pantalla LCD.<\/li>\n<\/ul>\n","protected":false},"featured_media":6765,"template":"","meta":[],"product_cat":[16],"product_tag":[],"class_list":["post-6764","product","type-product","status-publish","has-post-thumbnail","hentry","product_cat-uncategorized"],"_links":{"self":[{"href":"https:\/\/calibracion.com.mx\/tienda\/wp-json\/wp\/v2\/product\/6764","targetHints":{"allow":["GET"]}}],"collection":[{"href":"https:\/\/calibracion.com.mx\/tienda\/wp-json\/wp\/v2\/product"}],"about":[{"href":"https:\/\/calibracion.com.mx\/tienda\/wp-json\/wp\/v2\/types\/product"}],"wp:featuredmedia":[{"embeddable":true,"href":"https:\/\/calibracion.com.mx\/tienda\/wp-json\/wp\/v2\/media\/6765"}],"wp:attachment":[{"href":"https:\/\/calibracion.com.mx\/tienda\/wp-json\/wp\/v2\/media?parent=6764"}],"wp:term":[{"taxonomy":"product_cat","embeddable":true,"href":"https:\/\/calibracion.com.mx\/tienda\/wp-json\/wp\/v2\/product_cat?post=6764"},{"taxonomy":"product_tag","embeddable":true,"href":"https:\/\/calibracion.com.mx\/tienda\/wp-json\/wp\/v2\/product_tag?post=6764"}],"curies":[{"name":"wp","href":"https:\/\/api.w.org\/{rel}","templated":true}]}}