{"id":6768,"date":"2024-01-04T16:21:43","date_gmt":"2024-01-04T16:21:43","guid":{"rendered":"https:\/\/calibracion.com.mx\/tienda\/?post_type=product&#038;p=6768"},"modified":"2024-01-04T16:21:44","modified_gmt":"2024-01-04T16:21:44","slug":"termometro-infrarrojo-en-linea-modelo-15201-15204","status":"publish","type":"product","link":"https:\/\/calibracion.com.mx\/tienda\/termometro-infrarrojo-en-linea-modelo-15201-15204\/","title":{"rendered":"Term\u00f3metro infrarrojo en l\u00ednea Modelo 15201-15204"},"content":{"rendered":"<h5><b>Aplicaciones:<\/b><\/h5>\n<p>L\u00edneas de Producci\u00f3n, Alimentos, Metal, Vidrio, Cer\u00e1mica, Caucho, Resina Sint\u00e9tica, Medicina, Petroqu\u00edmica, Automotriz, El\u00e9ctrica, Industrial.<\/p>\n<p>Una de sus peculiaridades mucho m\u00e1s destacadas es la funci\u00f3n E -TEACH que ayuda con el ajuste autom\u00e1tico de la relaci\u00f3n de emisividad. Los term\u00f3metros infrarrojos en l\u00ednea tienen 2 opciones de salida anal\u00f3gica: De tipo televisi\u00f3n (1mV\/\u00b0C) que se conecta a gadgets as\u00ed como un medidor de panel o el de tipo TA (4-20mA) para las transmisiones de larga distancia. Hay un collar opcional que limpia el aire y adapta la unidad a ambientes llenos de polvo.<\/p>\n<p>Aplicaciones : Intervalo desde la fabricaci\u00f3n de alimentos, metal, vidrio, cer\u00e1mica, caucho, resina sint\u00e9tica hasta usos m\u00e9dicos, petroqu\u00edmica, automotriz, el\u00e9ctrica e industrial.<\/p>\n<p>Los Term\u00f3metros Infrarrojos Online , modelos 15201-15204, est\u00e1n dise\u00f1ados espec\u00edficamente para su empleo en la l\u00ednea de producci\u00f3n para medir con velocidad y precisi\u00f3n objetos en movimiento desde una distancia segura. Estos term\u00f3metros miden objetivos dentro de un intervalo de temperatura de 32 \u00b0F a 932 \u00b0F (0 \u00b0C a 500 \u00b0C) con una respuesta de 500 milisegundos a un nivel de precisi\u00f3n de \u00b11%.<\/p>\n<p>&nbsp;<\/p>\n<table class=\"text-center\" style=\"height: 5px;\" width=\"734\">\n<thead>\n<tr>\n<th>Modelos<\/th>\n<th>15201<\/th>\n<th>15202<\/th>\n<th>15203<\/th>\n<th>15204<\/th>\n<\/tr>\n<\/thead>\n<tbody>\n<tr>\n<td>Campo de visi\u00f3n<\/td>\n<td colspan=\"2\">\u00d86 \/ 200mm<\/td>\n<td colspan=\"2\">\u00d830 \/ 1000mm<\/td>\n<\/tr>\n<tr>\n<td>Salida An\u00e1loga<\/td>\n<td>4-20mA<\/td>\n<td>1mV\/\u00b0C<\/td>\n<td>4-20mA<\/td>\n<td>1mV\/\u00b0C<\/td>\n<\/tr>\n<\/tbody>\n<\/table>\n<p>&nbsp;<\/p>\n<table style=\"height: 666px;\" width=\"774\">\n<caption>Modelo 15201-15204 Term\u00f3metro infrarrojo en l\u00ednea<\/caption>\n<thead>\n<tr>\n<th scope=\"col\">Caracter\u00edstica<\/th>\n<th colspan=\"4\" scope=\"col\">Especificaci\u00f3n<\/th>\n<\/tr>\n<\/thead>\n<tfoot>\n<tr>\n<td colspan=\"5\"><\/td>\n<\/tr>\n<\/tfoot>\n<tbody>\n<tr>\n<td><\/td>\n<td>15201<\/td>\n<td>15202<\/td>\n<td>15203<\/td>\n<td>15204<\/td>\n<\/tr>\n<tr>\n<td>Campo de visi\u00f3n<\/td>\n<td colspan=\"2\">\u00d86 \/ 200mm<\/td>\n<td colspan=\"2\">\u00d830 \/ 1000mm<\/td>\n<\/tr>\n<tr>\n<td>Salida An\u00e1loga<\/td>\n<td>4-20mA<\/td>\n<td>1mV\/\u00b0C<\/td>\n<td>4-20mA<\/td>\n<td>1mV\/\u00b0C<\/td>\n<\/tr>\n<tr>\n<td>Rango de temperatura<\/td>\n<td colspan=\"4\">32\u00b0F a 932\u00b0F (0\u00b0C a 500\u00b0C), monitoreo -4\u00b0F a 968\u00b0F (-20\u00b0C a 520\u00b0C)<\/td>\n<\/tr>\n<tr>\n<td>\u00d3ptica \/ Rango de espectro<\/td>\n<td colspan=\"4\">Lente de silic\u00f3n\/Termopila \/ 8 a 14 \u00b5m<\/td>\n<\/tr>\n<tr>\n<td>Precisi\u00f3n<\/td>\n<td colspan=\"4\">\u00b11% del valor de lectura o \u00b12\u00b0C, \u00b1 1 d\u00edgito, cual sea el mayor<\/td>\n<\/tr>\n<tr>\n<td>Resoluci\u00f3n de pantalla<\/td>\n<td colspan=\"4\">1\u00b0F\/ \u00b0C seleccionable<\/td>\n<\/tr>\n<tr>\n<td>Resoluci\u00f3n de salida<\/td>\n<td colspan=\"4\">0.2\u00b0F\/\u00b0C<\/td>\n<\/tr>\n<tr>\n<td>Velocidad de respuesta<\/td>\n<td colspan=\"4\">Menos de 1 segundo (100ms\/90%)<\/td>\n<\/tr>\n<tr>\n<td>M\u00e9todo de visi\u00f3n<\/td>\n<td colspan=\"4\">Marcador l\u00e1ser coaxial<\/td>\n<\/tr>\n<tr>\n<td>Repetibilidad<\/td>\n<td colspan=\"4\">\u00b12\u00b0F (\u00b11\u00b0C) del valor de lectura<\/td>\n<\/tr>\n<tr>\n<td>Emisividad<\/td>\n<td colspan=\"4\">0.10 a 1.20 (0.01\/1paso)<\/td>\n<\/tr>\n<tr>\n<td>Humedad ambiental<\/td>\n<td colspan=\"4\">35 a 85% RH (sin condensaci\u00f3n de roc\u00edo)<\/td>\n<\/tr>\n<tr>\n<td>Temperatura ambiental<\/td>\n<td colspan=\"4\">De 32 \u00b0C a 122 \u00b0C (de 0 \u00b0F a 50 \u00b0F)<\/td>\n<\/tr>\n<tr>\n<td>Clasificaci\u00f3n impermeable<\/td>\n<td colspan=\"4\">IP65<\/td>\n<\/tr>\n<tr>\n<td>Fuente de alimentaci\u00f3n<\/td>\n<td colspan=\"4\">DC12 a 24V\u00b110% \/ MAX 150mA<\/td>\n<\/tr>\n<tr>\n<td>Condiciones de almacenamiento<\/td>\n<td colspan=\"4\">14\u00b0F a 140\u00b0F (-10 a 60\u00b0C)<\/td>\n<\/tr>\n<tr>\n<td>Resistencia de vibracion<\/td>\n<td colspan=\"4\">3G (20 a 50Hz, seg\u00fan JIS CO 911)<\/td>\n<\/tr>\n<tr>\n<td>Pederasta<\/td>\n<td colspan=\"4\">12,35 onzas (350 g)<\/td>\n<\/tr>\n<tr>\n<td>Accesorio opcional<\/td>\n<td colspan=\"4\">Collar de purga de aire (pida el producto 15205)<\/td>\n<\/tr>\n<\/tbody>\n<\/table>\n","protected":false},"excerpt":{"rendered":"<h3><span style=\"font-size: 18.72px;\">Caracter\u00edsticas:\u00a0<\/span><\/h3>\n<ul>\n<li>Cuenta con tecnolog\u00eda moderna de infrarrojo.<\/li>\n<li>El modelo 15203 y 15204 tienen un campo de visi\u00f3n de 33:1.<\/li>\n<li>El modelo 15201 y 15202 tienen un campo de visi\u00f3n de 6\/200mm.<\/li>\n<li>Medici\u00f3n instant\u00e1nea de la temperatura de la \u00e1rea (sin contacto).<\/li>\n<li>Instrumento muy \u00fatil con modelos en movimiento o en sitios de bien dif\u00edcil ingreso.<\/li>\n<\/ul>\n","protected":false},"featured_media":6769,"template":"","meta":[],"product_cat":[16],"product_tag":[],"class_list":["post-6768","product","type-product","status-publish","has-post-thumbnail","hentry","product_cat-uncategorized"],"_links":{"self":[{"href":"https:\/\/calibracion.com.mx\/tienda\/wp-json\/wp\/v2\/product\/6768","targetHints":{"allow":["GET"]}}],"collection":[{"href":"https:\/\/calibracion.com.mx\/tienda\/wp-json\/wp\/v2\/product"}],"about":[{"href":"https:\/\/calibracion.com.mx\/tienda\/wp-json\/wp\/v2\/types\/product"}],"wp:featuredmedia":[{"embeddable":true,"href":"https:\/\/calibracion.com.mx\/tienda\/wp-json\/wp\/v2\/media\/6769"}],"wp:attachment":[{"href":"https:\/\/calibracion.com.mx\/tienda\/wp-json\/wp\/v2\/media?parent=6768"}],"wp:term":[{"taxonomy":"product_cat","embeddable":true,"href":"https:\/\/calibracion.com.mx\/tienda\/wp-json\/wp\/v2\/product_cat?post=6768"},{"taxonomy":"product_tag","embeddable":true,"href":"https:\/\/calibracion.com.mx\/tienda\/wp-json\/wp\/v2\/product_tag?post=6768"}],"curies":[{"name":"wp","href":"https:\/\/api.w.org\/{rel}","templated":true}]}}