{"id":6776,"date":"2024-01-04T16:33:31","date_gmt":"2024-01-04T16:33:31","guid":{"rendered":"https:\/\/calibracion.com.mx\/tienda\/?post_type=product&#038;p=6776"},"modified":"2024-01-04T16:33:32","modified_gmt":"2024-01-04T16:33:32","slug":"termometro-infrarrojo-impermeable-thermotrace-modelo-15006","status":"publish","type":"product","link":"https:\/\/calibracion.com.mx\/tienda\/termometro-infrarrojo-impermeable-thermotrace-modelo-15006\/","title":{"rendered":"Term\u00f3metro infrarrojo impermeable ThermoTrace Modelo 15006"},"content":{"rendered":"<ul>\n<li>Medici\u00f3n de la temperatura superficial sin contacto instant\u00e1neo.<\/li>\n<\/ul>\n<h5><b>Aplicaciones:<\/b><\/h5>\n<p>Establecimientos de Alimentos, Centros de Distribuci\u00f3n, Almacenaje en Fr\u00edo, Instalaciones de Procesamiento, Productos en Movimiento, \u00c1reas Dif\u00edciles de Alcanzar.<\/p>\n<p>El Term\u00f3metro Infrarrojo ThermoTrace Impermeable, modelo 15006, es ideal en varios entornos gracias a su construcci\u00f3n robusta a prueba de agua. Utilice este term\u00f3metro infrarrojo para comprobar de forma r\u00e1pida las temperaturas de superficies de art\u00edculos en regi\u00f3n de dif\u00edcil acceso , como dentro de cajas refrigeradas u otras \u00e1reas de almacenaje en fr\u00edo, o revise la comida en los bares de ensaladas y buf\u00e9 ardiente.<\/p>\n<p>&nbsp;<\/p>\n<table style=\"height: 608px;\" width=\"862\">\n<caption>Modelo 15006 Term\u00f3metro infrarrojo impermeable ThermoTrace<\/caption>\n<thead>\n<tr>\n<th scope=\"col\">Caracter\u00edstica<\/th>\n<th scope=\"col\">Especificaci\u00f3n<\/th>\n<\/tr>\n<\/thead>\n<tfoot>\n<tr>\n<td colspan=\"2\"><\/td>\n<\/tr>\n<\/tfoot>\n<tbody>\n<tr>\n<td>Campo de Visi\u00f3n<\/td>\n<td>D:S=15:1 en D=1 metro (39.4\u2033); S=66.7mm (2.6\u2033)<\/td>\n<\/tr>\n<tr>\n<td>Rango de temperatura<\/td>\n<td>De 32 \u00b0C a 932 \u00b0C (de 0 \u00b0F a 500 \u00b0F)<\/td>\n<\/tr>\n<tr>\n<td>Intervalo de la Pantalla*<\/td>\n<td>De 14\u00b0F a 1202\u00b0F (-10\u00b0C a 650\u00b0C)<\/td>\n<\/tr>\n<tr>\n<td>Intervalo Operativo Ambiental<\/td>\n<td>De 14\u00b0F a 122\u00b0F (-10\u00b0C a 50\u00b0C)<\/td>\n<\/tr>\n<tr>\n<td>Tiempo de Respuesta<\/td>\n<td>Menos de 1 segundo<\/td>\n<\/tr>\n<tr>\n<td>Precisi\u00f3n<\/td>\n<td>\u00b13.6 \u00b0F (\u00b12 \u00b0C) de 32 \u00b0F a 392 \u00b0F (0 \u00b0C a 200 \u00b0C) de otro modo el 1% de la lectura<\/td>\n<\/tr>\n<tr>\n<td>Intervalo de Humedad Ambiental<\/td>\n<td>0% a 95% HR (sin condensaci\u00f3n)<\/td>\n<\/tr>\n<tr>\n<td>Tiempo de Espera de la Pantalla<\/td>\n<td>15 segundos<\/td>\n<\/tr>\n<tr>\n<td>Escala<\/td>\n<td>Seleccionable en \u00b0F \/ \u00b0C<\/td>\n<\/tr>\n<tr>\n<td>Repetibilidad<\/td>\n<td>\u00b12 \u00b0F (1 \u00b0C) del valor de la lectura<\/td>\n<\/tr>\n<tr>\n<td>Funda<\/td>\n<td>Pl\u00e1stico ABS<\/td>\n<\/tr>\n<tr>\n<td>Bater\u00eda<\/td>\n<td>Alcalina de 9v (12 horas de vida)<\/td>\n<\/tr>\n<tr>\n<td>Emisividad<\/td>\n<td>Seleccionable en Oscuro (.95) \/ Claro (.70)<\/td>\n<\/tr>\n<tr>\n<td>Resoluci\u00f3n de la Pantalla<\/td>\n<td>1\u00b0F (1\u00b0C)<\/td>\n<\/tr>\n<tr>\n<td>M\u00e9todo de Mira<\/td>\n<td>Desplazamiento l\u00e1ser, Clase 2, 670nm<\/td>\n<\/tr>\n<tr>\n<td>Peso<\/td>\n<td>7.05oz. (200g), incluyendo bater\u00eda<\/td>\n<\/tr>\n<tr>\n<td>Tama\u00f1o<\/td>\n<td>6.3 pulg. (largo) x 1.7 pulg. (ancho) x 1.65 pulg. (profundidad) (15cm x 4cm x 4 cm)<\/td>\n<\/tr>\n<\/tbody>\n<\/table>\n","protected":false},"excerpt":{"rendered":"<h5><span style=\"font-size: 13.28px;\">Caracter\u00edsticas<\/span><strong>:<\/strong><\/h5>\n<ul>\n<li>La funci\u00f3n de memoria contiene hasta 99 puntos de datos de temperatura.<\/li>\n<li>Instrumento \u00fatil con art\u00edculos en movimiento o para lugares de dif\u00edcil acceso.<\/li>\n<li>La funci\u00f3n de la memoria almacena hasta 99 puntos de los datos de la temperatura.<\/li>\n<li>Totalmente fuerte al agua (cumplimiento IP67).<\/li>\n<li>Incluye 2 modos de medici\u00f3n: habitual y continuo.<\/li>\n<\/ul>\n","protected":false},"featured_media":6777,"template":"","meta":[],"product_cat":[16],"product_tag":[],"class_list":["post-6776","product","type-product","status-publish","has-post-thumbnail","hentry","product_cat-uncategorized"],"_links":{"self":[{"href":"https:\/\/calibracion.com.mx\/tienda\/wp-json\/wp\/v2\/product\/6776","targetHints":{"allow":["GET"]}}],"collection":[{"href":"https:\/\/calibracion.com.mx\/tienda\/wp-json\/wp\/v2\/product"}],"about":[{"href":"https:\/\/calibracion.com.mx\/tienda\/wp-json\/wp\/v2\/types\/product"}],"wp:featuredmedia":[{"embeddable":true,"href":"https:\/\/calibracion.com.mx\/tienda\/wp-json\/wp\/v2\/media\/6777"}],"wp:attachment":[{"href":"https:\/\/calibracion.com.mx\/tienda\/wp-json\/wp\/v2\/media?parent=6776"}],"wp:term":[{"taxonomy":"product_cat","embeddable":true,"href":"https:\/\/calibracion.com.mx\/tienda\/wp-json\/wp\/v2\/product_cat?post=6776"},{"taxonomy":"product_tag","embeddable":true,"href":"https:\/\/calibracion.com.mx\/tienda\/wp-json\/wp\/v2\/product_tag?post=6776"}],"curies":[{"name":"wp","href":"https:\/\/api.w.org\/{rel}","templated":true}]}}