{"id":6806,"date":"2024-01-04T18:01:27","date_gmt":"2024-01-04T18:01:27","guid":{"rendered":"https:\/\/calibracion.com.mx\/tienda\/?post_type=product&#038;p=6806"},"modified":"2024-01-04T19:03:58","modified_gmt":"2024-01-04T19:03:58","slug":"flashcheck-termometro-de-sonda-plegable-impermeable-min-max-modelo-15051","status":"publish","type":"product","link":"https:\/\/calibracion.com.mx\/tienda\/flashcheck-termometro-de-sonda-plegable-impermeable-min-max-modelo-15051\/","title":{"rendered":"Flashcheck term\u00f3metro de sonda plegable impermeable min-max Modelo 15051"},"content":{"rendered":"<h5><strong>Modelo 15051:<\/strong><\/h5>\n<ul>\n<li>Se enciende autom\u00e1ticamente al desplegar la aguja.<\/li>\n<li>Pantalla retroiluminada.<\/li>\n<li>Memoria m\u00ednima \/ m\u00e1xima guarda lecturas m\u00e1s bajas \/ mucho m\u00e1s altas.<\/li>\n<li>Mide hasta 572 \u00b0 F (300 \u00b0 C).<\/li>\n<li>Pantalla LCD jumbo de doble escala altamente aparente.<\/li>\n<li>IP67 a prueba de agua, desinfectable, resistente a la suciedad y la grasa.<\/li>\n<li>Funci\u00f3n de medici\u00f3n autom\u00e1tica.<\/li>\n<li>El apagado autom\u00e1tico ahorra bater\u00eda.<\/li>\n<li>Cumple con el C\u00f3digo de Alimentos de la FDA 4-203.11.<\/li>\n<li>seleccionable \u00b0 F \/ \u00b0 C.<\/li>\n<\/ul>\n<h5><b>Aplicaciones:<\/b><\/h5>\n<p>Alimentos de masa fina, como empanadas de carne, filetes de pollo y pescado a lo largo de la cocci\u00f3n, almacenaje y conservaci\u00f3n.<br \/>\nEl modelo 15051 es ideal para operaciones alimenticias que requieren velocidad , precisi\u00f3n, seguridad, confiabilidad y la flexibilidad de un term\u00f3metro avanzado para realizar los exigentes est\u00e1ndares de seguridad alimentaria. La respuesta pr\u00e1cticamente instant\u00e1nea del sensor de la sonda (menos de 4 segundos) combinada con sus funciones m\u00edn. \/ M\u00e1x. Y retenci\u00f3n deja a los clientes registrar velozmente las temperaturas internas de los alimentos y mostrar las lecturas en la pantalla LCD jumbo de doble escala. alimentos masivos como empanadas de carne, filetes de pollo y pescado.<\/p>\n<p>La sonda de acero inoxidable plegable de alta calidad es ajustable para \u00e1ngulos de 0 \u00b0 a 180 \u00b0. Esto da la flexibilidad que se requiere para ajustar el term\u00f3metro para cumplir con una variedad de condiciones de sondeo y detallar configuraciones \u00f3ptimas seguramente y fiable para asegurar lecturas precisas de temperatura.<\/p>\n<table style=\"height: 616px;\" width=\"804\">\n<caption>15051 FlashCheck Term\u00f3metro de sonda plegable impermeable Min-Max<\/caption>\n<thead>\n<tr>\n<th scope=\"col\">Funci\u00f3n<\/th>\n<th scope=\"col\">Especificaci\u00f3n<\/th>\n<\/tr>\n<\/thead>\n<tfoot>\n<tr>\n<td colspan=\"2\">DeltaTrak fabrica productos bajo un sistema de gesti\u00f3n de calidad registrado ISO 9001: 2015<\/td>\n<\/tr>\n<\/tfoot>\n<tbody>\n<tr>\n<td>Rango de Medicion<\/td>\n<td>-58\u00b0F a 572\u00b0F (-50\u00b0C a 300\u00b0C)<\/td>\n<\/tr>\n<tr>\n<td>Rango de Operaci\u00f3n<\/td>\n<td>De 32 \u00b0C a 122 \u00b0C (de 0 \u00b0F a 50 \u00b0F)<\/td>\n<\/tr>\n<tr>\n<td>Precisi\u00f3n<\/td>\n<td>\u00b1 1,0 \u00b0C (-50 \u00b0C a -5 \u00b0C) \u00b1 0,5 \u00b0C (-5 \u00b0C a +65 \u00b0C) \u00b1 1,0 \u00b0C (65 \u00b0C a 300 \u00b0C)<\/td>\n<\/tr>\n<tr>\n<td>Tiempo de Respuesta<\/td>\n<td>Menos de 4 segundos<\/td>\n<\/tr>\n<tr>\n<td>Sensor<\/td>\n<td>Termistor<\/td>\n<\/tr>\n<tr>\n<td>Resoluci\u00f3n de Pantalla<\/td>\n<td>0.2\u00b0F \/ 0.1\u00b0C<\/td>\n<\/tr>\n<tr>\n<td>Actualizaci\u00f3n de lectura<\/td>\n<td>Cada 0.25 segundos<\/td>\n<\/tr>\n<tr>\n<td>Tama\u00f1o de Ventana de Visualizaci\u00f3n<\/td>\n<td>1.68 pulgadas de ancho x 0.65 pulgadas de alto<br \/>\n(42.7 mm de ancho x 16.6 mm de alto)<\/td>\n<\/tr>\n<tr>\n<td>Calibraci\u00f3n<\/td>\n<td>Bot\u00f3n de Calibraci\u00f3n Autom\u00e1tica<\/td>\n<\/tr>\n<tr>\n<td>Bater\u00eda<\/td>\n<td>Bater\u00eda\u00a0de moneda CR2032 3V Li<\/td>\n<\/tr>\n<tr>\n<td>Apagado autom\u00e1tico<\/td>\n<td>10 minutOs<\/td>\n<\/tr>\n<tr>\n<td>Estuche<\/td>\n<td>Pl\u00e1stico ABS<\/td>\n<\/tr>\n<tr>\n<td>Longitud de Aguja<\/td>\n<td>4.7 pulgadas\u00a0(120mm)<\/td>\n<\/tr>\n<tr>\n<td>Di\u00e1metro\u00a0de Aguja<\/td>\n<td>Aguja de acero inoxidable 304\u00a0 grado de seguridad alimentaria de 0.067in (1.7 mm)<\/td>\n<\/tr>\n<tr>\n<td>Calificaci\u00f3n Impermeable<\/td>\n<td>IP67<\/td>\n<\/tr>\n<tr>\n<td>Calibraci\u00f3n de F\u00e1brica<\/td>\n<td>Calibraci\u00f3n trazable NIST<\/td>\n<\/tr>\n<\/tbody>\n<\/table>\n","protected":false},"excerpt":{"rendered":"<h5><strong>Modelo 15051:<\/strong><\/h5>\n<ul>\n<li>Sonda plegable para un manejo seguro.<\/li>\n<li>Superficie posterior imantada.<\/li>\n<li>Perfecto para alimentos de masa fina como empanadas de carne, filetes de pollo y pescado.<\/li>\n<li>La funci\u00f3n Hold bloquea la lectura de temperatura.<\/li>\n<li>Lectura de temperatura instant\u00e1nea.<\/li>\n<\/ul>\n","protected":false},"featured_media":6811,"template":"","meta":[],"product_cat":[16],"product_tag":[],"class_list":["post-6806","product","type-product","status-publish","has-post-thumbnail","hentry","product_cat-uncategorized"],"_links":{"self":[{"href":"https:\/\/calibracion.com.mx\/tienda\/wp-json\/wp\/v2\/product\/6806","targetHints":{"allow":["GET"]}}],"collection":[{"href":"https:\/\/calibracion.com.mx\/tienda\/wp-json\/wp\/v2\/product"}],"about":[{"href":"https:\/\/calibracion.com.mx\/tienda\/wp-json\/wp\/v2\/types\/product"}],"wp:featuredmedia":[{"embeddable":true,"href":"https:\/\/calibracion.com.mx\/tienda\/wp-json\/wp\/v2\/media\/6811"}],"wp:attachment":[{"href":"https:\/\/calibracion.com.mx\/tienda\/wp-json\/wp\/v2\/media?parent=6806"}],"wp:term":[{"taxonomy":"product_cat","embeddable":true,"href":"https:\/\/calibracion.com.mx\/tienda\/wp-json\/wp\/v2\/product_cat?post=6806"},{"taxonomy":"product_tag","embeddable":true,"href":"https:\/\/calibracion.com.mx\/tienda\/wp-json\/wp\/v2\/product_tag?post=6806"}],"curies":[{"name":"wp","href":"https:\/\/api.w.org\/{rel}","templated":true}]}}