{"id":6837,"date":"2024-01-04T19:42:29","date_gmt":"2024-01-04T19:42:29","guid":{"rendered":"https:\/\/calibracion.com.mx\/tienda\/?post_type=product&#038;p=6837"},"modified":"2024-01-04T19:42:30","modified_gmt":"2024-01-04T19:42:30","slug":"termometro-antimicrobiano-flashcheck-lollipop-auto-cal-min-max-modelo-11050","status":"publish","type":"product","link":"https:\/\/calibracion.com.mx\/tienda\/termometro-antimicrobiano-flashcheck-lollipop-auto-cal-min-max-modelo-11050\/","title":{"rendered":"Term\u00f3metro antimicrobiano flashcheck lollipop auto cal min-max Modelo 11050"},"content":{"rendered":"<h5><strong>Modelo 11050:<\/strong><\/h5>\n<ul>\n<li>Sonda de peque\u00f1o di\u00e1metro ideal para medir la temperatura de alimentos de \u201cmasa fina\u201d como las hamburguesas de carne y los filetes de pollo y pescado (C\u00f3digo alimenticio de la FDA 4-302.12 (B)).<\/li>\n<li>Certificado por la NSF.<\/li>\n<li>\u00b0F\/\u00b0C seleccionablel.<\/li>\n<\/ul>\n<h5><strong>Aplicaciones :<\/strong><\/h5>\n<p>Establecimientos de Alimentos, Centros de Distribuci\u00f3n, Almacenaje en Fr\u00edo, Instalaciones de Procesamiento.<br \/>\nEl term\u00f3metro FlashCheck Lollipop Coche Cal Min\/Max Antimicrobial (modelo 11050) es perfecto para establecimientos de comida y centros de distribuci\u00f3n. El term\u00f3metro tiene coche -medici\u00f3n , proporciona opciones m\u00edn\/m\u00e1x y la sonda de peque\u00f1o di\u00e1metro es perfecto para medir la temperatura de alimentos de \u201cmasa fina\u201d como las hamburguesas de carne y los filetes de pollo\/pescado.<\/p>\n<p>&nbsp;<\/p>\n<table style=\"height: 789px;\" width=\"801\">\n<caption>11050 Lollipop Auto Cal Min\/Max Term\u00f3metro Antimicrobiano<\/caption>\n<thead>\n<tr>\n<th scope=\"col\">Caracter\u00edsticas<\/th>\n<th scope=\"col\">Especificaciones<\/th>\n<\/tr>\n<\/thead>\n<tfoot>\n<tr>\n<td colspan=\"2\"><\/td>\n<\/tr>\n<\/tfoot>\n<tbody>\n<tr>\n<td>Rango de medida<\/td>\n<td>-40\u00b0F a 311\u00b0F (-40\u00b0C a 155\u00b0C)<\/td>\n<\/tr>\n<tr>\n<td>Rango de funcionamiento<\/td>\n<td>De 32 \u00b0C a 122 \u00b0C (de 0 \u00b0F a 50 \u00b0F)<\/td>\n<\/tr>\n<tr>\n<td>Exactitud<\/td>\n<td>\u00b10.9\u00b0F de -40\u00b0F a +14\u00b0F (\u00b10.5\u00b0C de -40\u00b0C a -10\u00b0C) \u00b10.5\u00b0F de +14\u00b0F a +68\u00b0F (\u00b10.3\u00b0C de -10\u00b0C a +20\u00b0C) \u00b10.9\u00b0F de +69\u00b0F a +239\u00b0F (\u00b10.5\u00b0C de +21\u00b0C a +115\u00b0C) \u00b11.8\u00b0F de 240\u00b0F a +311\u00b0F&nbsp;<\/p>\n<p>(\u00b11.0\u00b0C de 116\u00b0C a 155\u00b0C)<\/td>\n<\/tr>\n<tr>\n<td>Sensor<\/td>\n<td>Termostato<\/td>\n<\/tr>\n<tr>\n<td>Resoluci\u00f3n de la pantalla<\/td>\n<td>0.1\u00b0F \/\u00b0C<\/td>\n<\/tr>\n<tr>\n<td>Actualizaci\u00f3n de la lectura de la pantalla<\/td>\n<td>1 segundo<\/td>\n<\/tr>\n<tr>\n<td>Tama\u00f1o de la pantalla<\/td>\n<td>1.3 pulg. de ancho x 0.9 pulg. de alto (32.9 mm de ancho x 22.9 mm de alto)<\/td>\n<\/tr>\n<tr>\n<td>Calibraci\u00f3n<\/td>\n<td>Funci\u00f3n de calibraci\u00f3n autom\u00e1tica<\/td>\n<\/tr>\n<tr>\n<td>Bater\u00eda<\/td>\n<td>Bot\u00f3n de c\u00e9lula alcalina<\/td>\n<\/tr>\n<tr>\n<td>Carcasa del equipo<\/td>\n<td>Pl\u00e1stico ABS con aditivo antimicrobiano<\/td>\n<\/tr>\n<tr>\n<td>Longitud de sonda<\/td>\n<td>4.13 pulgadas (105 mm)<\/td>\n<\/tr>\n<tr>\n<td>Di\u00e1metro de la sonda<\/td>\n<td>0.14 pulgadas (3.56 mm), punta reducida 0.1 pulgadas (2.5 mm)<\/td>\n<\/tr>\n<tr>\n<td>Peso<\/td>\n<td>1,3 onzas (37,6 g)<\/td>\n<\/tr>\n<tr>\n<td>Clasificaci\u00f3n de la impermeabilidad<\/td>\n<td>IP65<\/td>\n<\/tr>\n<tr>\n<td>Calibraci\u00f3n de la f\u00e1brica<\/td>\n<td>Certificado de calibraci\u00f3n trazable NIST<\/td>\n<\/tr>\n<tr>\n<td>Certificado de conformidad<\/td>\n<td>Los certificados de conformidad de los fabricantes pueden obtenerse en DeltaTrak, NIST Traceable, NSF, CE<\/td>\n<\/tr>\n<\/tbody>\n<\/table>\n","protected":false},"excerpt":{"rendered":"<ul>\n<li>Esta memoria guarda lecturas Min\/Max.<\/li>\n<li>Dise\u00f1o monobloque sellado.<\/li>\n<li>Cubierta impermeable IP65.<\/li>\n<li>Funci\u00f3n de medici\u00f3n autom\u00e1tica.<\/li>\n<li>El aditivo antimicrobiano inhibe el crecimiento de bacterias, moho y hongos.<\/li>\n<\/ul>\n","protected":false},"featured_media":6839,"template":"","meta":[],"product_cat":[16],"product_tag":[],"class_list":["post-6837","product","type-product","status-publish","has-post-thumbnail","hentry","product_cat-uncategorized"],"_links":{"self":[{"href":"https:\/\/calibracion.com.mx\/tienda\/wp-json\/wp\/v2\/product\/6837","targetHints":{"allow":["GET"]}}],"collection":[{"href":"https:\/\/calibracion.com.mx\/tienda\/wp-json\/wp\/v2\/product"}],"about":[{"href":"https:\/\/calibracion.com.mx\/tienda\/wp-json\/wp\/v2\/types\/product"}],"wp:featuredmedia":[{"embeddable":true,"href":"https:\/\/calibracion.com.mx\/tienda\/wp-json\/wp\/v2\/media\/6839"}],"wp:attachment":[{"href":"https:\/\/calibracion.com.mx\/tienda\/wp-json\/wp\/v2\/media?parent=6837"}],"wp:term":[{"taxonomy":"product_cat","embeddable":true,"href":"https:\/\/calibracion.com.mx\/tienda\/wp-json\/wp\/v2\/product_cat?post=6837"},{"taxonomy":"product_tag","embeddable":true,"href":"https:\/\/calibracion.com.mx\/tienda\/wp-json\/wp\/v2\/product_tag?post=6837"}],"curies":[{"name":"wp","href":"https:\/\/api.w.org\/{rel}","templated":true}]}}