{"id":6849,"date":"2024-01-04T20:04:27","date_gmt":"2024-01-04T20:04:27","guid":{"rendered":"https:\/\/calibracion.com.mx\/tienda\/?post_type=product&#038;p=6849"},"modified":"2024-01-04T20:04:27","modified_gmt":"2024-01-04T20:04:27","slug":"termometro-flashcheck-lollipop-min-max-modelo-11040","status":"publish","type":"product","link":"https:\/\/calibracion.com.mx\/tienda\/termometro-flashcheck-lollipop-min-max-modelo-11040\/","title":{"rendered":"Term\u00f3metro flashcheck lollipop min-max Modelo 11040"},"content":{"rendered":"<ul>\n<li>Memoria M\u00edn\/m\u00e1x.<\/li>\n<li>Cumple con el C\u00f3digo Alimenticio 4-203 de la FDA.<\/li>\n<li>Escala intercambiable de \u00b0F\/\u00b0C.<\/li>\n<li>Sonda de punta achicada.<\/li>\n<li>Fuerte al Agua IP65.<\/li>\n<li>Funci\u00f3n de medici\u00f3n autom\u00e1tica.<\/li>\n<\/ul>\n<h5><strong>Aplicaciones :<\/strong><\/h5>\n<p>Establecimientos de Alimentos, Centros de Distribuci\u00f3n, Almacenamiento en Fr\u00edo, Instalaciones de Procesamiento.<br \/>\nEste term\u00f3metro impermeable de sonda con punta reducida se recomienda su uso como herramienta de seguridad alimenticia , y se puede utilizar en cualquier establecimiento donde los alimentos se organizan , cocinan, sirven y guardan , as\u00ed como en los centros de distribuci\u00f3n, almacenaje en fr\u00edo e instalaciones de procesamiento. Este producto cumple con el C\u00f3digo Alimentario 4-203 del Departamento de Salud P\u00fablica de los Estados Unidos y se puede utilizar para realizar los requisitos del HACCP. El modelo 11040 tambi\u00e9n se puede emplear para aplicaciones comerciales y tambi\u00e9n industriales, especialmente en ambientes de alta humedad o donde se necesidad de una memoria m\u00ednima\/m\u00e1xima.<\/p>\n<p>&nbsp;<\/p>\n<table style=\"height: 625px;\" width=\"621\">\n<caption>11040 Term\u00f3metro m\u00ednimo \/ m\u00e1ximo impermeable Lollipop<\/caption>\n<thead>\n<tr>\n<th scope=\"col\">Caracter\u00edstica<\/th>\n<th scope=\"col\">Especificaci\u00f3n<\/th>\n<\/tr>\n<\/thead>\n<tfoot>\n<tr>\n<td colspan=\"2\"><\/td>\n<\/tr>\n<\/tfoot>\n<tbody>\n<tr>\n<td>Intervalo de medici\u00f3n<\/td>\n<td>-40\u00b0F a 311\u00b0F (-40\u00b0C a 155\u00b0C)<\/td>\n<\/tr>\n<tr>\n<td>Intervalo de Operaci\u00f3n<\/td>\n<td>De 32 \u00b0C a 122 \u00b0C (de 0 \u00b0F a 50 \u00b0F)<\/td>\n<\/tr>\n<tr>\n<td>Sensor<\/td>\n<td>Termistor<\/td>\n<\/tr>\n<tr>\n<td>Resoluci\u00f3n de la Pantalla<\/td>\n<td>0.1\u00b0F \/\u00b0C<\/td>\n<\/tr>\n<tr>\n<td>Actualizaci\u00f3n de la Pantalla de Lectura<\/td>\n<td>1 segundo<\/td>\n<\/tr>\n<tr>\n<td>Tama\u00f1o del Cristal de la Pantalla<\/td>\n<td>0.77 pulg. Ancho x 0.37 pulg. Alto (19.5 mm Ancho x 9.5 mm Alto)<\/td>\n<\/tr>\n<tr>\n<td>Calibraci\u00f3n<\/td>\n<td>Calibrado de F\u00e1brica por Normas de Trazabilidad NIST<\/td>\n<\/tr>\n<tr>\n<td>Bater\u00eda<\/td>\n<td>Bot\u00f3n Celda Alcalina<\/td>\n<\/tr>\n<tr>\n<td>Cubierta<\/td>\n<td>Pl\u00e1stico ABS<\/td>\n<\/tr>\n<tr>\n<td>Dimensiones de la Sonda<\/td>\n<td>4.13\u2033 L x 0.14\u2033 D\u00eda, Punta de 0.1\u2033 de Di\u00e1metro (105 mm L x 3.56 mm D\u00eda, Punta de 2.5 mm de Di\u00e1mentro)<\/td>\n<\/tr>\n<tr>\n<td>Peso<\/td>\n<td>1,25 g (35,4 onzas)<\/td>\n<\/tr>\n<tr>\n<td>Grado Impermeable<\/td>\n<td>IP65<\/td>\n<\/tr>\n<tr>\n<td>Certificaci\u00f3n<\/td>\n<td>CE, RoHS, trazable a NIST y certificado de cumplimiento del fabricante<\/td>\n<\/tr>\n<\/tbody>\n<\/table>\n","protected":false},"excerpt":{"rendered":"<p>El modelo 11040 es ideal para medir temperatura de los alimentos a lo largo del cuidado y la cocci\u00f3n. Cuenta con una memoria min\/max que registra continuamente las temperaturas mucho m\u00e1s bajas y mucho m\u00e1s altas, y se puede calibrar de manera autom\u00e1tica en campo.<\/p>\n","protected":false},"featured_media":6850,"template":"","meta":[],"product_cat":[16],"product_tag":[],"class_list":["post-6849","product","type-product","status-publish","has-post-thumbnail","hentry","product_cat-uncategorized"],"_links":{"self":[{"href":"https:\/\/calibracion.com.mx\/tienda\/wp-json\/wp\/v2\/product\/6849","targetHints":{"allow":["GET"]}}],"collection":[{"href":"https:\/\/calibracion.com.mx\/tienda\/wp-json\/wp\/v2\/product"}],"about":[{"href":"https:\/\/calibracion.com.mx\/tienda\/wp-json\/wp\/v2\/types\/product"}],"wp:featuredmedia":[{"embeddable":true,"href":"https:\/\/calibracion.com.mx\/tienda\/wp-json\/wp\/v2\/media\/6850"}],"wp:attachment":[{"href":"https:\/\/calibracion.com.mx\/tienda\/wp-json\/wp\/v2\/media?parent=6849"}],"wp:term":[{"taxonomy":"product_cat","embeddable":true,"href":"https:\/\/calibracion.com.mx\/tienda\/wp-json\/wp\/v2\/product_cat?post=6849"},{"taxonomy":"product_tag","embeddable":true,"href":"https:\/\/calibracion.com.mx\/tienda\/wp-json\/wp\/v2\/product_tag?post=6849"}],"curies":[{"name":"wp","href":"https:\/\/api.w.org\/{rel}","templated":true}]}}