{"id":6883,"date":"2024-01-05T14:21:09","date_gmt":"2024-01-05T14:21:09","guid":{"rendered":"https:\/\/calibracion.com.mx\/tienda\/?post_type=product&#038;p=6883"},"modified":"2024-01-05T14:21:10","modified_gmt":"2024-01-05T14:21:10","slug":"psicrometro-we1212","status":"publish","type":"product","link":"https:\/\/calibracion.com.mx\/tienda\/psicrometro-we1212\/","title":{"rendered":"Psicr\u00f3metro \u2013 WE1212"},"content":{"rendered":"<h5><strong>Peculiaridades primordiales :<\/strong><\/h5>\n<p>Esta desarrollado para ser port\u00e1til. El dise\u00f1o de su regla deslizable de manera r\u00e1pida convierte los resultados de temperatura en Humedad relativa. El compartimento de reserva de agua que viene dentro le dejar\u00e1 llevar a cabo mediciones por m\u00faltiples horas. Los delgados bulbos de los term\u00f3metros le aseguran una r\u00e1pida contestaci\u00f3n t\u00e9rmica. Term\u00f3metros construidos en cristal fuerte al encontronazo con numerales grabados intensamente y divisiones de escala con resoluci\u00f3n de 1\u00b0C.<\/p>\n<h5><strong>Informaciones :<\/strong><\/h5>\n<ul>\n<li>Precisi\u00f3n:\u00b15%RH.<\/li>\n<li>Condiciones de Operaci\u00f3n:-5\u00b0 a 50\u00b0 C.<\/li>\n<li>Contenido de la Caja:Tiene dentro un psicr\u00f3metro con 2 term\u00f3metros integrados internamente y una mecha par el bulbo h\u00famedo, funda y manual de operaciones.<\/li>\n<li>Rango:25\u00b0 a 120\u00b0 F.<\/li>\n<li>Entidades de medici\u00f3n:Temperatura \u00b0C.<\/li>\n<li>Dimensiones y peso:7\u2033 de longitud x 1\u2033 de di\u00e1metro externo , peso N\/A.<\/li>\n<\/ul>\n","protected":false},"excerpt":{"rendered":"<p><strong>Aplicaciones :<\/strong><\/p>\n<p>Mediciones de confort en \u00e1reas climatizadas con aire acondicionado. Espacios en Centros de salud, almacenes y laboratorios. Pruebas de atmosferas industriales donde el exceso o la falta de humedad son causantes cr\u00edticos. Atletismo escolar, para apreciar si las propiedades del ambiente son seguras par alapreactica de un deporte.<\/p>\n","protected":false},"featured_media":6884,"template":"","meta":[],"product_cat":[16],"product_tag":[],"class_list":["post-6883","product","type-product","status-publish","has-post-thumbnail","hentry","product_cat-uncategorized"],"_links":{"self":[{"href":"https:\/\/calibracion.com.mx\/tienda\/wp-json\/wp\/v2\/product\/6883","targetHints":{"allow":["GET"]}}],"collection":[{"href":"https:\/\/calibracion.com.mx\/tienda\/wp-json\/wp\/v2\/product"}],"about":[{"href":"https:\/\/calibracion.com.mx\/tienda\/wp-json\/wp\/v2\/types\/product"}],"wp:featuredmedia":[{"embeddable":true,"href":"https:\/\/calibracion.com.mx\/tienda\/wp-json\/wp\/v2\/media\/6884"}],"wp:attachment":[{"href":"https:\/\/calibracion.com.mx\/tienda\/wp-json\/wp\/v2\/media?parent=6883"}],"wp:term":[{"taxonomy":"product_cat","embeddable":true,"href":"https:\/\/calibracion.com.mx\/tienda\/wp-json\/wp\/v2\/product_cat?post=6883"},{"taxonomy":"product_tag","embeddable":true,"href":"https:\/\/calibracion.com.mx\/tienda\/wp-json\/wp\/v2\/product_tag?post=6883"}],"curies":[{"name":"wp","href":"https:\/\/api.w.org\/{rel}","templated":true}]}}