{"id":6898,"date":"2024-01-05T14:45:13","date_gmt":"2024-01-05T14:45:13","guid":{"rendered":"https:\/\/calibracion.com.mx\/tienda\/?post_type=product&#038;p=6898"},"modified":"2024-01-05T14:45:14","modified_gmt":"2024-01-05T14:45:14","slug":"medidor-de-velocidad-del-aire-anemometro-con-rango-de-0-10-a-30-m-s-cuenta-con-sonda-externa-modelo-amprobe-tma-20hw","status":"publish","type":"product","link":"https:\/\/calibracion.com.mx\/tienda\/medidor-de-velocidad-del-aire-anemometro-con-rango-de-0-10-a-30-m-s-cuenta-con-sonda-externa-modelo-amprobe-tma-20hw\/","title":{"rendered":"Medidor de velocidad del aire (anem\u00f3metro) con rango de 0.10 a 30 m-s; cuenta con sonda externa. modelo amprobe tma-20hw"},"content":{"rendered":"<p>Qu\u00e9 Incluye:<\/p>\n<p>Bater\u00edas, funda para transporte , cable USB y CD con programa.<\/p>\n<ul>\n<li>Simple y seguro de emplear.<\/li>\n<li>\u00a0Entrada de datos autom\u00e1tica de 512KB.<\/li>\n<li>Retenci\u00f3n de datos y m\u00e1ximo\/m\u00ednimo.<\/li>\n<li>\u00a0Velocidad en m\/s, ft\/min, nudos, nudos\/hr, mph.<\/li>\n<li>\u00a0Mediciones de humedad relativa y temperatura.<\/li>\n<li>\u00a0Memoria de retenci\u00f3n de 99 configuraciones.<\/li>\n<li>\u00a0Encendido y apagado autom\u00e1tico.<\/li>\n<li>Term\u00f3metro de gran exactitud con precisi\u00f3n b\u00e1sica de 0.1% para mediciones.<\/li>\n<li>\u00a0Interfaz USB.<\/li>\n<li>\u00a0Mediciones de flu\u00eddo 2\/3 Vmax instant\u00e1neas).<\/li>\n<li>\u00a0Prueba telesc\u00f3pica de respuesta r\u00e1pida para usarse en lugares dif\u00edciles de alcanzar.<\/li>\n<li>\u00a0Pantalla LCD iluminada , con 5 factores.<\/li>\n<li>Volumen de flujo de aire (CFM, CMM).<\/li>\n<\/ul>\n","protected":false},"excerpt":{"rendered":"<p>Medidor de velocidad del aire (Anem\u00f3metro) con rango de 0.10 a 30 m\/s; cuenta con sonda externa. Modelo Amprobe TMA-20HW<\/p>\n","protected":false},"featured_media":6899,"template":"","meta":[],"product_cat":[16],"product_tag":[],"class_list":["post-6898","product","type-product","status-publish","has-post-thumbnail","hentry","product_cat-uncategorized"],"_links":{"self":[{"href":"https:\/\/calibracion.com.mx\/tienda\/wp-json\/wp\/v2\/product\/6898","targetHints":{"allow":["GET"]}}],"collection":[{"href":"https:\/\/calibracion.com.mx\/tienda\/wp-json\/wp\/v2\/product"}],"about":[{"href":"https:\/\/calibracion.com.mx\/tienda\/wp-json\/wp\/v2\/types\/product"}],"wp:featuredmedia":[{"embeddable":true,"href":"https:\/\/calibracion.com.mx\/tienda\/wp-json\/wp\/v2\/media\/6899"}],"wp:attachment":[{"href":"https:\/\/calibracion.com.mx\/tienda\/wp-json\/wp\/v2\/media?parent=6898"}],"wp:term":[{"taxonomy":"product_cat","embeddable":true,"href":"https:\/\/calibracion.com.mx\/tienda\/wp-json\/wp\/v2\/product_cat?post=6898"},{"taxonomy":"product_tag","embeddable":true,"href":"https:\/\/calibracion.com.mx\/tienda\/wp-json\/wp\/v2\/product_tag?post=6898"}],"curies":[{"name":"wp","href":"https:\/\/api.w.org\/{rel}","templated":true}]}}