{"id":69,"date":"2023-10-25T16:20:08","date_gmt":"2023-10-25T16:20:08","guid":{"rendered":"https:\/\/calibracion.com.mx\/tienda\/?post_type=product&#038;p=69"},"modified":"2023-10-25T16:20:09","modified_gmt":"2023-10-25T16:20:09","slug":"elitech-rc-4-datalogger-de-temperatura-2","status":"publish","type":"product","link":"https:\/\/calibracion.com.mx\/tienda\/elitech-rc-4-datalogger-de-temperatura-2\/","title":{"rendered":"Elitech RC-4 datalogger de temperatura"},"content":{"rendered":"<p>Rango de medici\u00f3n: -30\u00b0C a 70\u00b0C (-22\u00b0F a 158\u00b0F)<br \/>\nResoluci\u00f3n: 0,1\u00b0C<br \/>\nPrecisi\u00f3n: \u00b10,5\u00b0C (-20\u00b0C a 40\u00b0C), \u00b11\u00b0C (resto del rango)<br \/>\nIntervalo de registro: programable, desde 10 segundos hasta 24 h<br \/>\nCapacidad de almacenaje : 16000 registros<br \/>\nSensor de temperatura: de adentro , incorporado en el dispositivo<br \/>\nPlataforma de trabajo de comunicaci\u00f3n: USB<br \/>\nAlimentaci\u00f3n : bater\u00eda CR2032 reemplazable<br \/>\nTama\u00f1o: 84mm x 44mm x 20mm<br \/>\nPeso: 40 gramos<br \/>\nCertificaciones: CE, RoHS<br \/>\nApp :<\/p>\n<p>El Elitech RC-4 Datalogger de temperatura se usa para monitorizar y registrar la temperatura en \u00e1mbitos que necesitan un control preciso de la temperatura, como en instalaciones de refrigeraci\u00f3n, salas de servidores, laboratorios, museos, guardes , entre otros muchos.<\/p>\n<p>El dispositivo se configura de forma f\u00e1cil mediante un programa para PC que deja detallar el intervalo de registro y descargar los datos registrados a trav\u00e9s de el dise\u00f1o USB. Los datos pueden ser exportados a diferentes formatos para su an\u00e1lisis y rastreo.<\/p>\n<p>El Elitech RC-4 es una herramienta \u00fatil para garantizar la calidad y seguridad de los art\u00edculos y procesos que necesitan un control de temperatura, y deja a los clientes tomar resoluciones informadas y mejorar la eficiencia en la gesti\u00f3n de sus sistemas de temperatura.<\/p>\n<p>&nbsp;<\/p>\n","protected":false},"excerpt":{"rendered":"<p>CARACTER\u00cdSTICAS ELITECH RC-4 DATALOGGER DE TEMPERATURA<br \/>\nEl Elitech RC-4 Datalogger de temperatura se utiliza para monitorizar y registrar la temperatura en \u00e1mbitos que necesitan un control exacto de la temperatura, como en instalaciones de refrigeraci\u00f3n, salas de servidores, laboratorios, museos, almacenes , entre otros muchos.<\/p>\n","protected":false},"featured_media":118,"template":"","meta":[],"product_cat":[16],"product_tag":[],"class_list":["post-69","product","type-product","status-publish","has-post-thumbnail","hentry","product_cat-uncategorized"],"_links":{"self":[{"href":"https:\/\/calibracion.com.mx\/tienda\/wp-json\/wp\/v2\/product\/69","targetHints":{"allow":["GET"]}}],"collection":[{"href":"https:\/\/calibracion.com.mx\/tienda\/wp-json\/wp\/v2\/product"}],"about":[{"href":"https:\/\/calibracion.com.mx\/tienda\/wp-json\/wp\/v2\/types\/product"}],"wp:featuredmedia":[{"embeddable":true,"href":"https:\/\/calibracion.com.mx\/tienda\/wp-json\/wp\/v2\/media\/118"}],"wp:attachment":[{"href":"https:\/\/calibracion.com.mx\/tienda\/wp-json\/wp\/v2\/media?parent=69"}],"wp:term":[{"taxonomy":"product_cat","embeddable":true,"href":"https:\/\/calibracion.com.mx\/tienda\/wp-json\/wp\/v2\/product_cat?post=69"},{"taxonomy":"product_tag","embeddable":true,"href":"https:\/\/calibracion.com.mx\/tienda\/wp-json\/wp\/v2\/product_tag?post=69"}],"curies":[{"name":"wp","href":"https:\/\/api.w.org\/{rel}","templated":true}]}}