{"id":6933,"date":"2024-01-05T15:54:00","date_gmt":"2024-01-05T15:54:00","guid":{"rendered":"https:\/\/calibracion.com.mx\/tienda\/?post_type=product&#038;p=6933"},"modified":"2024-01-05T15:55:29","modified_gmt":"2024-01-05T15:55:29","slug":"raytek-rayr3iplus2ml-termometro-infrarrojo-ir-de-alta-temperatura-con-laser-dual-de-752-a-3632-f","status":"publish","type":"product","link":"https:\/\/calibracion.com.mx\/tienda\/raytek-rayr3iplus2ml-termometro-infrarrojo-ir-de-alta-temperatura-con-laser-dual-de-752-a-3632-f\/","title":{"rendered":"Raytek rayr3iplus2ml term\u00f3metro infrarrojo (ir) de alta temperatura con l\u00e1ser dual, de 752 a 3632 \u00b0f"},"content":{"rendered":"<p>lo que garantiza lecturas de temperatura precisas y seguridad del operador.<\/p>\n<h5><strong>Funciones:<\/strong><\/h5>\n<ul>\n<li>Alarmas sonoras para temperatura prop\u00f3sito \/temperatura \u00e1mbito \/bater\u00eda baja.<\/li>\n<li>Transmisividad y compensaci\u00f3n de temperatura de fondo.<\/li>\n<li>Interfaz de usuario intuitiva para una f\u00e1cil configuraci\u00f3n de par\u00e1metros , lo que permite la visualizaci\u00f3n \u201cin situ\u201d del an\u00e1lisis de datos y las tendencias.<\/li>\n<li>Medici\u00f3n de la temperatura superficial sin contacto de -30 \u00b0C a +250 \u00b0C.<\/li>\n<li>El software DataTemp para PC con el sistema operativo de Windows acepta la comunicaci\u00f3n en tiempo real , el almacenaje de datos, la creaci\u00f3n de gr\u00e1ficos y el an\u00e1lisis.<\/li>\n<li>La alta resoluci\u00f3n \u00f3ptica (250:1) garantiza lecturas de temperatura exactas a distancias m\u00e1s largas.<\/li>\n<li>\u00d3ptica de medici\u00f3n diez :1.<\/li>\n<li>El dise\u00f1o robusto disminuye el peligro de da\u00f1os y minimiza los costes de servicio.<\/li>\n<li>El gatillo de bloqueo y el soporte para tr\u00edpode permiten un desempe\u00f1o continuo.<\/li>\n<li>Almacenaje de datos: hasta 4.900 puntos de datos con localizaci\u00f3n , fecha y marca de tiempo.<\/li>\n<li>Transferencia de datos r\u00e1pida y f\u00e1cil a PC o m\u00f3vil , mediante USB o Bluetooth.<\/li>\n<li>Per\u00edodo de funcionamiento m\u00e1s largo (24 h) con bater\u00edas recargables.<\/li>\n<li>L\u00e1ser dual para la medici\u00f3n precisa de objetivos mucho m\u00e1s peque\u00f1os, el punto de medici\u00f3n se indica en el punto en que se encuentran los 2 rayos l\u00e1ser.<\/li>\n<li>Desconexi\u00f3n autom\u00e1tica.Un term\u00f3metro infrarrojo mucho m\u00e1s fuerte , sencillo y seguro con caracter\u00edsticas innovadoras para prosperar la sencillez de uso y aumentar la eficacia del operador.<\/li>\n<li>L\u00e1ser de punto m\u00faltiple.<\/li>\n<li>Muestra las temperaturas MAX, MIN, DIF y AVG.<\/li>\n<li>Sensores de alta definici\u00f3n y varias funciones de medici\u00f3n.<\/li>\n<li>Tabla de emisividad ajustable y predefinida.<\/li>\n<li>Combinaci\u00f3n inteligente de appSensor con la aplicaci\u00f3n Multimeasure Mobile.<\/li>\n<li>Curva para ense\u00f1ar la inclinaci\u00f3n con intervalo de tiempo seleccionable.<\/li>\n<li>Incluye una aplicaci\u00f3n m\u00f3vil para una r\u00e1pida transferencia de datos y colaboraci\u00f3n, y se puede usar por un tiempo como term\u00f3metro on-line.<\/li>\n<li>Definici\u00f3n del perfil para una medici\u00f3n c\u00f3moda.<\/li>\n<li>Compensa la energ\u00eda reflejada por el fondo en torno a su objetivo a fin de que no afecte su lectura.<\/li>\n<li>Desarrollado para aplicaciones de alta temperatura , cubre un rango de temperatura de 400 a 2000\u00baC (752 a 3632\u00baF).<\/li>\n<li>El detector y alarma de advertencia resistente al calor \u201cRed Nose\u201d garantiza la seguridad y la eficiencia del operador.<\/li>\n<li>Combina una relaci\u00f3n superior de distancia al punto (D:S) con una alta precisi\u00f3n y un s\u00f3lido grupo de especificaciones que da geniales resoluciones de medici\u00f3n de temperatura sin contacto para la detecci\u00f3n de temperatura de desarrollo y la vista previa de fallas.<\/li>\n<\/ul>\n<h5><strong>Modelo Raytek RAYR3IPLUS1MSCL:<\/strong><\/h5>\n<table class=\"table table-striped\" style=\"height: 294px;\" width=\"757\">\n<tbody>\n<tr>\n<td width=\"141\">Rango de temperatura<\/td>\n<td width=\"643\">700 a 3000\u00baC (1292 a 5432\u00baF)<\/td>\n<\/tr>\n<tr>\n<td>Resoluci\u00f3n<\/td>\n<td>Por debajo de 1000\u00baC: 0,1\u00baC<\/td>\n<\/tr>\n<tr>\n<td>Exactitud<\/td>\n<td>\u00b1(0,5% de lectura +1\u00baC) (&lt;2700\u00baC\/4892\u00baF)<\/td>\n<\/tr>\n<tr>\n<td>Repetibilidad<\/td>\n<td>\u00b1(0,3% o lectura \u00b11\u00baC)<\/td>\n<\/tr>\n<tr>\n<td>Emisividad<\/td>\n<td>Ajustable, 0.10~1.00<\/td>\n<\/tr>\n<tr>\n<td>Resoluci\u00f3n \u00f3ptica<\/td>\n<td>250:1 (distancia al tama\u00f1o del punto)<\/td>\n<\/tr>\n<tr>\n<td>Respuesta espectral<\/td>\n<td>1,0 \u03bcm<\/td>\n<\/tr>\n<tr>\n<td>Tiempo de respuesta<\/td>\n<td>40 mSeg<\/td>\n<\/tr>\n<\/tbody>\n<\/table>\n","protected":false},"excerpt":{"rendered":"<p>Desarrollado seg\u00fan los est\u00e1ndares de la industria para realizar los requisitos de rendimiento del proceso en \u00e1mbitos c\u00e1lidos, el 3iPLUS cuenta con una relaci\u00f3n superior de distancia a punto (D:S) que deja a los individuos medir objetivos de alta temperatura desde distancias mucho m\u00e1s largas.<\/p>\n","protected":false},"featured_media":6934,"template":"","meta":[],"product_cat":[16],"product_tag":[],"class_list":["post-6933","product","type-product","status-publish","has-post-thumbnail","hentry","product_cat-uncategorized"],"_links":{"self":[{"href":"https:\/\/calibracion.com.mx\/tienda\/wp-json\/wp\/v2\/product\/6933","targetHints":{"allow":["GET"]}}],"collection":[{"href":"https:\/\/calibracion.com.mx\/tienda\/wp-json\/wp\/v2\/product"}],"about":[{"href":"https:\/\/calibracion.com.mx\/tienda\/wp-json\/wp\/v2\/types\/product"}],"wp:featuredmedia":[{"embeddable":true,"href":"https:\/\/calibracion.com.mx\/tienda\/wp-json\/wp\/v2\/media\/6934"}],"wp:attachment":[{"href":"https:\/\/calibracion.com.mx\/tienda\/wp-json\/wp\/v2\/media?parent=6933"}],"wp:term":[{"taxonomy":"product_cat","embeddable":true,"href":"https:\/\/calibracion.com.mx\/tienda\/wp-json\/wp\/v2\/product_cat?post=6933"},{"taxonomy":"product_tag","embeddable":true,"href":"https:\/\/calibracion.com.mx\/tienda\/wp-json\/wp\/v2\/product_tag?post=6933"}],"curies":[{"name":"wp","href":"https:\/\/api.w.org\/{rel}","templated":true}]}}