{"id":6938,"date":"2024-01-05T16:07:24","date_gmt":"2024-01-05T16:07:24","guid":{"rendered":"https:\/\/calibracion.com.mx\/tienda\/?post_type=product&#038;p=6938"},"modified":"2024-01-05T16:07:25","modified_gmt":"2024-01-05T16:07:25","slug":"381277-adaptador-de-temperatura-k-para-multimetro-20-1370c-1mv-c","status":"publish","type":"product","link":"https:\/\/calibracion.com.mx\/tienda\/381277-adaptador-de-temperatura-k-para-multimetro-20-1370c-1mv-c\/","title":{"rendered":"381277 \u2014 adaptador de temperatura k para multimetro (-20, 1370\u00b0c) , 1mv-\u00b0c"},"content":{"rendered":"<p><strong>Caracter\u00edsticas:<\/strong><\/p>\n<table style=\"height: 1041px;\" width=\"1117\">\n<tbody>\n<tr>\n<td colspan=\"2\"><strong>Informaci\u00f3n general<\/strong><\/td>\n<\/tr>\n<tr>\n<td width=\"432\">Fabricante<\/td>\n<td width=\"741\">Extech<\/td>\n<\/tr>\n<tr>\n<td width=\"432\">N\u00famero de pieza del fabricante<\/td>\n<td width=\"741\">381277<\/td>\n<\/tr>\n<tr>\n<td width=\"432\">L\u00ednea de productos<\/td>\n<td width=\"741\">Mult\u00edmetros Accesorios<\/td>\n<\/tr>\n<tr>\n<td width=\"432\">Nombre del producto<\/td>\n<td width=\"741\">381277 Adaptador de temperatura tipo K<\/td>\n<\/tr>\n<tr>\n<td colspan=\"2\"><strong>Marketing Informaci\u00f3n<\/strong><\/td>\n<\/tr>\n<tr>\n<td colspan=\"2\">Capaz de realizar amplias lecturas de temperatura para 2000\u00b0F. El uso cuidadoso de este dispositivo proporcionar\u00e1 a\u00f1os de servicio confiable.<\/td>\n<\/tr>\n<tr>\n<td colspan=\"2\"><strong>Funciones<\/strong><\/td>\n<\/tr>\n<tr>\n<td colspan=\"2\">\n<ul>\n<li>El adaptador tipo K es conmutable a \u00b0C\/\u00b0F con salida de 1 mVper 1\u00b0<\/li>\n<li>Utilice el rango de 200 mV de CC de DMM para obtener lecturas de 0 a 2000 \u00b0F y de -20 a 1370 \u00b0C<\/li>\n<li>Precisi\u00f3n del 3 % hasta 223 \u00b0F y del 5 % Precisi\u00f3n para rangos m\u00e1s altos<\/li>\n<li>Completo con alambre de tal\u00f3n de respuesta r\u00e1pida sonda (m\u00e1x. 650 \u00b0F). Mult\u00edmetro no incluido.<\/li>\n<\/ul>\n<\/td>\n<\/tr>\n<tr>\n<td colspan=\"2\"><strong>Caracter\u00edsticas t\u00e9cnicas<\/strong><\/td>\n<\/tr>\n<tr>\n<td>Rango de temperatura<\/td>\n<td>0 a 2000 \u00b0F (-20 a 1370 \u00b0C)<\/td>\n<\/tr>\n<tr>\n<td>Salida del adaptador de resoluci\u00f3n de salida<\/td>\n<td>1 mV por grado C o F<\/td>\n<\/tr>\n<tr>\n<td>Exactitud<\/td>\n<td>+3 % a 233 \u00b0F (112 \u00b0C) (+5 % por encima de 233 \u00b0F)<\/td>\n<\/tr>\n<tr>\n<td>Fuente de alimentaci\u00f3n<\/td>\n<td>Bater\u00eda de CC de 9 V (tipo de servicio pesado).<\/td>\n<\/tr>\n<tr>\n<td>Accesorios suministrados<\/td>\n<td>Bater\u00eda de 9 V y termopar tipo K<\/td>\n<\/tr>\n<tr>\n<td>Peso<\/td>\n<td>5 onzas (142 g)<\/td>\n<\/tr>\n<tr>\n<td>Dimensiones<\/td>\n<td>3 x 2 x 1&#8243; (76 x 51 x 25 mm)<\/td>\n<\/tr>\n<\/tbody>\n<\/table>\n<p>&nbsp;<\/p>\n","protected":false},"excerpt":{"rendered":"<p>381277 \u2014 adaptador de temperatura k para multimetro (-20, 1370\u00b0c) , 1mv-\u00b0c.<\/p>\n","protected":false},"featured_media":6939,"template":"","meta":[],"product_cat":[16],"product_tag":[],"class_list":["post-6938","product","type-product","status-publish","has-post-thumbnail","hentry","product_cat-uncategorized"],"_links":{"self":[{"href":"https:\/\/calibracion.com.mx\/tienda\/wp-json\/wp\/v2\/product\/6938","targetHints":{"allow":["GET"]}}],"collection":[{"href":"https:\/\/calibracion.com.mx\/tienda\/wp-json\/wp\/v2\/product"}],"about":[{"href":"https:\/\/calibracion.com.mx\/tienda\/wp-json\/wp\/v2\/types\/product"}],"wp:featuredmedia":[{"embeddable":true,"href":"https:\/\/calibracion.com.mx\/tienda\/wp-json\/wp\/v2\/media\/6939"}],"wp:attachment":[{"href":"https:\/\/calibracion.com.mx\/tienda\/wp-json\/wp\/v2\/media?parent=6938"}],"wp:term":[{"taxonomy":"product_cat","embeddable":true,"href":"https:\/\/calibracion.com.mx\/tienda\/wp-json\/wp\/v2\/product_cat?post=6938"},{"taxonomy":"product_tag","embeddable":true,"href":"https:\/\/calibracion.com.mx\/tienda\/wp-json\/wp\/v2\/product_tag?post=6938"}],"curies":[{"name":"wp","href":"https:\/\/api.w.org\/{rel}","templated":true}]}}