{"id":6961,"date":"2024-01-05T17:21:21","date_gmt":"2024-01-05T17:21:21","guid":{"rendered":"https:\/\/calibracion.com.mx\/tienda\/?post_type=product&#038;p=6961"},"modified":"2024-01-05T17:22:14","modified_gmt":"2024-01-05T17:22:14","slug":"termohigrometro-condiciones-termicas-abatidas-usb-tenmars-tm188d","status":"publish","type":"product","link":"https:\/\/calibracion.com.mx\/tienda\/termohigrometro-condiciones-termicas-abatidas-usb-tenmars-tm188d\/","title":{"rendered":"Termohigrometro condiciones t\u00e9rmicas abatidas USB, Tenmars \u2013 TM188D"},"content":{"rendered":"<ul>\n<li>Intervalo de muestreo: m\u00e1ximo 24 horas ; Min 1 segundo (TM-188D).<\/li>\n<li>Sensor de aptitud de respuesta r\u00e1pida, medici\u00f3n precisa de la temperatura del globo del bulbo h\u00famedo (WBGT), temperatura del globo negro (TG), humedad (% RH), temperatura del aire (TA), bulbo h\u00famedo (WET) y punto de roc\u00edo (DEW).<\/li>\n<li>JISHA: Asociaci\u00f3n de Seguridad y Salud Industrial de El pa\u00eds nip\u00f3n.<\/li>\n<li>OSHA: Administraci\u00f3n de Seguridad y Salud Ocupacional.<\/li>\n<li>Para medir el \u00edndice WBGT, debe preguntar las pr\u00f3ximas regulaciones:<\/li>\n<li>Visualizaci\u00f3n de registros de datos.<\/li>\n<li>Pantalla LCD con retroiluminaci\u00f3n LED.<\/li>\n<li>Ajuste de alarma WBGT.<\/li>\n<li>Aptitud de registro de datos: 12000 registros, interfaz serial USB PC (TM-188D).<\/li>\n<li>Apagado autom\u00e1tico con funci\u00f3n de desactivaci\u00f3n.<\/li>\n<\/ul>\n<div>\n<h4><b>Especificaciones el\u00e9ctricas\u00a0\u00a0<\/b>(23 \u2103 \u00b1 5 \u2103):<\/h4>\n<div class=\"scrollable-wrapper\">\n<table border=\"1\" cellspacing=\"1\" cellpadding=\"1\">\n<tbody>\n<tr>\n<td colspan=\"5\">\n<div><strong>Temperatura de globo de bulbo h\u00famedo (WBGT)<\/strong><\/div>\n<\/td>\n<\/tr>\n<tr>\n<td colspan=\"2\">\n<div>Unidad<\/div>\n<\/td>\n<td>\n<div>Rango<\/div>\n<\/td>\n<td>\n<div>Resoluci\u00f3n<\/div>\n<\/td>\n<td>\n<div>Exactitud<\/div>\n<div>@15~40\u00a0\u00b0C<\/div>\n<\/td>\n<\/tr>\n<tr>\n<td rowspan=\"2\">\n<div>interior y exterior<br \/>\nsin luz solar<\/div>\n<\/td>\n<td>\n<div>\u00baC<\/div>\n<\/td>\n<td>\n<div>0~59,0<\/div>\n<\/td>\n<td>\n<div>0.1<\/div>\n<\/td>\n<td>\n<div>\u00b11,0<\/div>\n<\/td>\n<\/tr>\n<tr>\n<td>\n<div>\u00b0F<\/div>\n<\/td>\n<td>\n<div>32,0~138,0<\/div>\n<\/td>\n<td>\n<div>0.1<\/div>\n<\/td>\n<td>\n<div>\u00b11,8<\/div>\n<\/td>\n<\/tr>\n<tr>\n<td rowspan=\"2\">\n<div>Exterior Con luz solar<\/div>\n<\/td>\n<td>\n<div>\u00baC<\/div>\n<\/td>\n<td>\n<div>0~56,0<\/div>\n<\/td>\n<td>\n<div>0.1<\/div>\n<\/td>\n<td>\n<div>\u00b11,5<\/div>\n<\/td>\n<\/tr>\n<tr>\n<td>\n<div>\u00b0F<\/div>\n<\/td>\n<td>\n<div>32,0~132,0<\/div>\n<\/td>\n<td>\n<div>0.1<\/div>\n<\/td>\n<td>\n<div>\u00b12,7<\/div>\n<\/td>\n<\/tr>\n<tr>\n<td colspan=\"5\">\n<div>\u203binterior y exterior sin luz solar: WBGT = (0.7\u00d7WET)+(0.3\u00d7TG)<\/div>\n<div>Exterior con luz solar: WBGT=(0.7\u00d7WET)+(0.2\u00d7TG)+(0.1\u00d7TA)<\/div>\n<\/td>\n<\/tr>\n<\/tbody>\n<\/table>\n<\/div>\n<div class=\"scrollable-wrapper\">\n<p>&nbsp;<\/p>\n<table border=\"1\" cellspacing=\"1\" cellpadding=\"1\">\n<tbody>\n<tr>\n<td colspan=\"4\">\n<div><strong>Temperatura del aire (TA)<\/strong><\/div>\n<\/td>\n<\/tr>\n<tr>\n<td>\n<div>Unidad<\/div>\n<\/td>\n<td>\n<div>Rango<\/div>\n<\/td>\n<td>\n<div>Resoluci\u00f3n<\/div>\n<\/td>\n<td>\n<div>Exactitud<\/div>\n<div>@15~40\u00a0\u00b0C<\/div>\n<\/td>\n<\/tr>\n<tr>\n<td>\n<div>\u00baC<\/div>\n<\/td>\n<td>\n<div>0~50,0<\/div>\n<\/td>\n<td>\n<div>0.1<\/div>\n<\/td>\n<td>\n<div>\u00b10,8<\/div>\n<\/td>\n<\/tr>\n<tr>\n<td>\n<div>\u00b0F<\/div>\n<\/td>\n<td>\n<div>32,0~122,0<\/div>\n<\/td>\n<td>\n<div>0.1<\/div>\n<\/td>\n<td>\n<div>\u00b11,5<\/div>\n<\/td>\n<\/tr>\n<\/tbody>\n<\/table>\n<p>&nbsp;<\/p>\n<\/div>\n<div class=\"scrollable-wrapper\">\n<table border=\"1\" cellspacing=\"1\" cellpadding=\"1\">\n<tbody>\n<tr>\n<td colspan=\"4\">\n<div><strong>Temperatura del globo negro (TG)<\/strong><\/div>\n<\/td>\n<\/tr>\n<tr>\n<td>\n<div>Unidad<\/div>\n<\/td>\n<td>\n<div>Rango<\/div>\n<\/td>\n<td>\n<div>Resoluci\u00f3n<\/div>\n<\/td>\n<td>\n<div>Exactitud<\/div>\n<div>@15~40\u00a0\u00b0C<\/div>\n<\/td>\n<\/tr>\n<tr>\n<td>\n<div>\u00baC<\/div>\n<\/td>\n<td>\n<div>0~80.0<\/div>\n<\/td>\n<td>\n<div>0.1<\/div>\n<\/td>\n<td>\n<div>\u00b10,6<\/div>\n<\/td>\n<\/tr>\n<tr>\n<td>\n<div>\u00b0F<\/div>\n<\/td>\n<td>\n<div>32,0~176,0<\/div>\n<\/td>\n<td>\n<div>0.1<\/div>\n<\/td>\n<td>\n<div>\u00b11,1<\/div>\n<\/td>\n<\/tr>\n<\/tbody>\n<\/table>\n<p>&nbsp;<\/p>\n<\/div>\n<div class=\"scrollable-wrapper\">\n<table border=\"1\" cellspacing=\"1\" cellpadding=\"1\">\n<tbody>\n<tr>\n<td colspan=\"2\">\n<div><strong>Humedad relativa (%HR)<\/strong><\/div>\n<\/td>\n<\/tr>\n<tr>\n<td>\n<div>\u00a0Rango de medicion<\/div>\n<\/td>\n<td>\n<div>\u00a01%~99%<\/div>\n<\/td>\n<\/tr>\n<tr>\n<td>\n<div>\u00a0Exactitud<\/div>\n<\/td>\n<td>\n<div>\u00a0\u00b13,0 % HR (20~80 %)\u00a0a 25\u00a0\u00b0C<\/div>\n<div>\u00a0\u00b15,0 %HR(&lt;20 %,&gt;80 %)\u00a0\u00a0a 25\u00a0\u00b0C<\/div>\n<\/td>\n<\/tr>\n<tr>\n<td>\n<div>\u00a0Resoluci\u00f3n<\/div>\n<\/td>\n<td>\n<div>\u00a00,1%<\/div>\n<\/td>\n<\/tr>\n<\/tbody>\n<\/table>\n<p>&nbsp;<\/p>\n<\/div>\n<div class=\"scrollable-wrapper\">\n<table border=\"1\" cellspacing=\"1\" cellpadding=\"1\">\n<tbody>\n<tr>\n<td colspan=\"3\">\n<div><strong>Temperatura de punto de roc\u00edo (DEW)<\/strong><\/div>\n<\/td>\n<\/tr>\n<tr>\n<td>\n<div>Unidad<\/div>\n<\/td>\n<td>\n<div>Rango<\/div>\n<\/td>\n<td>\n<div>Resoluci\u00f3n<\/div>\n<\/td>\n<\/tr>\n<tr>\n<td>\n<div>\u00baC<\/div>\n<\/td>\n<td>\n<div>-35,3~48,9<\/div>\n<\/td>\n<td>\n<div>0.1<\/div>\n<\/td>\n<\/tr>\n<tr>\n<td>\n<div>\u00b0F<\/div>\n<\/td>\n<td>\n<div>-31,5~120,1<\/div>\n<\/td>\n<td>\n<div>0.1<\/div>\n<\/td>\n<\/tr>\n<tr>\n<td colspan=\"3\">\n<div>El valor se calcula a partir de la HR y la temperatura del aire.<\/div>\n<\/td>\n<\/tr>\n<\/tbody>\n<\/table>\n<p>&nbsp;<\/p>\n<\/div>\n<div class=\"scrollable-wrapper\">\n<table border=\"1\" cellspacing=\"1\" cellpadding=\"1\">\n<tbody>\n<tr>\n<td colspan=\"3\">\n<div><strong>Temperatura de bulbo h\u00famedo (WET)<\/strong><\/div>\n<\/td>\n<\/tr>\n<tr>\n<td>\n<div>Unidad<\/div>\n<\/td>\n<td>\n<div>Rango<\/div>\n<\/td>\n<td>\n<div>Resoluci\u00f3n<\/div>\n<\/td>\n<\/tr>\n<tr>\n<td>\n<div>\u00baC<\/div>\n<\/td>\n<td>\n<div>-21,6~50,0<\/div>\n<\/td>\n<td>\n<div>0.1<\/div>\n<\/td>\n<\/tr>\n<tr>\n<td>\n<div>\u00b0F<\/div>\n<\/td>\n<td>\n<div>-6,9~122,0<\/div>\n<\/td>\n<td>\n<div>0.1<\/div>\n<\/td>\n<\/tr>\n<tr>\n<td colspan=\"3\">\n<div>El valor se calcula a partir de la HR y la temperatura del aire.<\/div>\n<\/td>\n<\/tr>\n<\/tbody>\n<\/table>\n<\/div>\n<\/div>\n<div>\n<div class=\"table-responsive\">\n<div class=\"scrollable-wrapper\"><\/div>\n<\/div>\n<\/div>\n","protected":false},"excerpt":{"rendered":"<ul>\n<li>ISO7243: ambientes calientes. Estimaci\u00f3n del agobio por calor en el hombre trabajador.<\/li>\n<li>M\u00e1x\/Min y retenci\u00f3n de datos.<\/li>\n<li>Bola de lat\u00f3n negra de 50 mm de di\u00e1metro.<\/li>\n<li>Indicaci\u00f3n de bater\u00eda baja.<\/li>\n<li>ISO7726: Ergonom\u00eda del entorno t\u00e9rmico-instrumentos para medir magnitudes f\u00edsicas.<\/li>\n<li>Cambie la unidad de temperatura a? o ?.<\/li>\n<\/ul>\n","protected":false},"featured_media":6962,"template":"","meta":[],"product_cat":[16],"product_tag":[],"class_list":["post-6961","product","type-product","status-publish","has-post-thumbnail","hentry","product_cat-uncategorized"],"_links":{"self":[{"href":"https:\/\/calibracion.com.mx\/tienda\/wp-json\/wp\/v2\/product\/6961","targetHints":{"allow":["GET"]}}],"collection":[{"href":"https:\/\/calibracion.com.mx\/tienda\/wp-json\/wp\/v2\/product"}],"about":[{"href":"https:\/\/calibracion.com.mx\/tienda\/wp-json\/wp\/v2\/types\/product"}],"wp:featuredmedia":[{"embeddable":true,"href":"https:\/\/calibracion.com.mx\/tienda\/wp-json\/wp\/v2\/media\/6962"}],"wp:attachment":[{"href":"https:\/\/calibracion.com.mx\/tienda\/wp-json\/wp\/v2\/media?parent=6961"}],"wp:term":[{"taxonomy":"product_cat","embeddable":true,"href":"https:\/\/calibracion.com.mx\/tienda\/wp-json\/wp\/v2\/product_cat?post=6961"},{"taxonomy":"product_tag","embeddable":true,"href":"https:\/\/calibracion.com.mx\/tienda\/wp-json\/wp\/v2\/product_tag?post=6961"}],"curies":[{"name":"wp","href":"https:\/\/api.w.org\/{rel}","templated":true}]}}