{"id":6963,"date":"2024-01-05T17:22:58","date_gmt":"2024-01-05T17:22:58","guid":{"rendered":"https:\/\/calibracion.com.mx\/tienda\/?post_type=product&#038;p=6963"},"modified":"2024-01-05T17:22:59","modified_gmt":"2024-01-05T17:22:59","slug":"calibrador-de-presion-de-la-serie-ametek-crystal-hpc50","status":"publish","type":"product","link":"https:\/\/calibracion.com.mx\/tienda\/calibrador-de-presion-de-la-serie-ametek-crystal-hpc50\/","title":{"rendered":"calibrador de presi\u00f3n de la serie ametek crystal hpc50"},"content":{"rendered":"<p>Con la seguridad intr\u00ednseca como m\u00e1xima prioridad, este calibrador de presi\u00f3n port\u00e1til dual viene con opciones para agregar 2 m\u00f3dulos de presi\u00f3n o temperatura externos auxiliares.<\/p>\n<h3>Funciones<\/h3>\n<ul>\n<li>Medir el sumidero mA y V.<\/li>\n<li>Presi\u00f3n manom\u00e9trica, absoluta y diferencial hasta 10 .000 psi\/700 bar\/70 MPa.<\/li>\n<li>0,035% de precisi\u00f3n de lectura.<\/li>\n<li>Term\u00f3metro de alta precisi\u00f3n con tecnolog\u00eda de ohmios reales.<\/li>\n<li>Almacenar y recobrar pantallas utilizadas anteriormente.<\/li>\n<\/ul>\n<h3>Aplicaciones<\/h3>\n<ul>\n<li>Trabajos de tipo herramienta f\u00e1cil.<\/li>\n<li>Trabajos de medici\u00f3n complejos en sistemas de transferencia de custodia.<\/li>\n<\/ul>\n<h3>Especificaciones de la serie Crystal Pressure HPC50<\/h3>\n<table>\n<tbody>\n<tr>\n<td colspan=\"2\"><strong>psi (presi\u00f3n manom\u00e9trica) de 18 a 28 \u00b0C<\/strong><\/td>\n<\/tr>\n<tr>\n<td>De 18 a 28\u00b0C<\/td>\n<td>De 0 a 30 % del rango<br \/>\n\u00b1 (0,01 % de la escala completa)<\/td>\n<\/tr>\n<tr>\n<td>Del 30 al 110 % del alcance<\/td>\n<td>\u00b1(0.035% de la lectura)<\/td>\n<\/tr>\n<tr>\n<td>Vac\u00edo<\/td>\n<td>\u00b1 (0,05% de la escala completa)<\/td>\n<\/tr>\n<tr>\n<td colspan=\"2\"><strong>psi (presi\u00f3n manom\u00e9trica) -20 a 50 \u00b0C<\/strong><\/td>\n<\/tr>\n<tr>\n<td>De 0 a 30% del alcance<\/td>\n<td>\u00b1 (0,015% de la escala completa)<\/td>\n<\/tr>\n<tr>\n<td>Vac\u00edo<\/td>\n<td>Del 30 al 110 % del alcance<\/td>\n<\/tr>\n<tr>\n<td colspan=\"2\"><strong>psi (Presi\u00f3n absoluta con opci\u00f3n BARO)<\/strong><\/td>\n<\/tr>\n<tr>\n<td>Rango de 15 psi<\/td>\n<td>Precisi\u00f3n de calibre +0,005 psiA<\/td>\n<\/tr>\n<tr>\n<td>Rango de 30 psi<\/td>\n<td>Precisi\u00f3n de calibre +0,005 psiA<\/td>\n<\/tr>\n<tr>\n<td>Rango de 100 psi<\/td>\n<td>Precisi\u00f3n de calibre +0,002 psiA<\/td>\n<\/tr>\n<tr>\n<td colspan=\"2\"><strong>Presi\u00f3n diferencial<\/strong><\/td>\n<\/tr>\n<tr>\n<td>Sin funci\u00f3n de tara<\/td>\n<td>\u00b1 (0,05% de la lectura de presi\u00f3n de l\u00ednea est\u00e1tica)<\/td>\n<\/tr>\n<tr>\n<td colspan=\"2\"><strong>Sensor de presi\u00f3n<\/strong><\/td>\n<\/tr>\n<tr>\n<td>Materiales humedecidos<\/td>\n<td>Acero inoxidable 316 (apret\u00f3n con llave), acero inoxidable 316 (apretado con dedos) y Viton con junta<br \/>\nt\u00f3rica interna (10 psi\/1 bar\/100 kPa),<br \/>\nacero inoxidable 316 y Viton\u00ae\u00ae<\/td>\n<\/tr>\n<tr>\n<td>Fluido de sellado de diafragma<\/td>\n<td>Aceite de silicona<\/td>\n<\/tr>\n<tr>\n<td>Conexi\u00f3n<\/td>\n<td>Cristal CPF hembra<\/td>\n<\/tr>\n<tr>\n<td colspan=\"2\"><strong>Referencia Barom\u00e9trica (Baro)<\/strong><\/td>\n<\/tr>\n<tr>\n<td>Exactitud<\/td>\n<td>\u00b10,00725 psi, \u00b10,5 mbar<\/td>\n<\/tr>\n<tr>\n<td>Gama<\/td>\n<td>De 10,153 a 15,954 psiA De 700,0 a 1100,0 mbarA<\/td>\n<\/tr>\n<tr>\n<td>Unidades y resoluci\u00f3n<\/td>\n<td>psi: 0.001<br \/>\ninHg: 0.001<br \/>\nmmHg: 0.01<br \/>\nmbar: 0.1<\/td>\n<\/tr>\n<tr>\n<td colspan=\"2\"><strong>Entrada de corriente (mA)<\/strong><\/td>\n<\/tr>\n<tr>\n<td>Exactitud<\/td>\n<td>\u00b1(0,015% de rdg + 0,002 mA)<\/td>\n<\/tr>\n<tr>\n<td>Rango de mA<\/td>\n<td>De 0 a 55 mA<\/td>\n<\/tr>\n<tr>\n<td>Rango porcentual<\/td>\n<td>De 0 a 20, de 4 a 20, de 10 a 50<\/td>\n<\/tr>\n<tr>\n<td>Corriente m\u00e1xima permitida<\/td>\n<td>93,3 mA<\/td>\n<\/tr>\n<tr>\n<td>Resoluci\u00f3n<\/td>\n<td>0,001 mA o 0,01%<\/td>\n<\/tr>\n<tr>\n<td>Unidades<\/td>\n<td>mA, escalado, % de error y % de caudal<\/td>\n<\/tr>\n<tr>\n<td>Resistencia de entrada<\/td>\n<td>&lt;4.99 \u03a9<\/td>\n<\/tr>\n<tr>\n<td>Carga de voltaje a 20 mA<\/td>\n<td>&lt;0,10 V<\/td>\n<\/tr>\n<tr>\n<td>Carga de voltaje a 50 mA<\/td>\n<td>&lt;0,250 V<\/td>\n<\/tr>\n<tr>\n<td>Resistencia HART<\/td>\n<td>250 \u03a9<\/td>\n<\/tr>\n<tr>\n<td colspan=\"2\"><strong>Sumidero de corriente (mA)<\/strong><\/td>\n<\/tr>\n<tr>\n<td>Exactitud<\/td>\n<td>\u00b1(0,015 de rdg + 0,002 mA)<\/td>\n<\/tr>\n<tr>\n<td>Gama<\/td>\n<td>De 0 a 25 mA<\/td>\n<\/tr>\n<tr>\n<td>Tiempo de paso<\/td>\n<td>De 1 a 999 segundos<\/td>\n<\/tr>\n<tr>\n<td>Tiempo de rampa<\/td>\n<td>De 5 a 999 segundos<\/td>\n<\/tr>\n<tr>\n<td colspan=\"2\"><strong>Entrada de voltaje (V CC)<\/strong><\/td>\n<\/tr>\n<tr>\n<td>Exactitud<\/td>\n<td>\u00b1(0,015 % de rdg + 2 mV)<\/td>\n<\/tr>\n<tr>\n<td>Gama<\/td>\n<td>De 0 a 28 V CC<\/td>\n<\/tr>\n<tr>\n<td>Resoluci\u00f3n<\/td>\n<td>0,001 V CC<\/td>\n<\/tr>\n<tr>\n<td colspan=\"2\"><strong>Prueba de interruptor<\/strong><\/td>\n<\/tr>\n<tr>\n<td>Tipo de interruptor<\/td>\n<td>Contacto seco<\/td>\n<\/tr>\n<tr>\n<td>Resistencia de estado cerrado<\/td>\n<td>&lt;1K \u03a9<\/td>\n<\/tr>\n<tr>\n<td>Resistencia de estado abierto<\/td>\n<td>&gt;100K \u03a9<\/td>\n<\/tr>\n<tr>\n<td>Frecuencia de muestreo<\/td>\n<td>10 Hz<\/td>\n<\/tr>\n<tr>\n<td colspan=\"2\"><strong>Especificaciones generales<\/strong><\/td>\n<\/tr>\n<tr>\n<td>Temperatura<\/td>\n<td>En funcionamiento: -4 a 122 \u00b0F (-20 a 50 \u00b0C) Almacenamiento: -40 a 167 \u00b0F (-40 a 75 \u00b0C)<\/td>\n<\/tr>\n<tr>\n<td>Poder<\/td>\n<td>Pilas alcalinas de 1,5 V (tensi\u00f3n de celda)<\/td>\n<\/tr>\n<tr>\n<td>Duraci\u00f3n de la bater\u00eda<\/td>\n<td>Sin m\u00f3dulos externos: 35 horas Un m\u00f3dulo externo: 25 horas Dos m\u00f3dulos externos: 12 horas<\/td>\n<\/tr>\n<tr>\n<td>Vivienda<\/td>\n<td>Pl\u00e1stico PC\/PBT<\/td>\n<\/tr>\n<tr>\n<td>Clasificaci\u00f3n<\/td>\n<td>IP66\/67<\/td>\n<\/tr>\n<tr>\n<td>Peso<\/td>\n<td>567 g (1,25 libras)<\/td>\n<\/tr>\n<\/tbody>\n<\/table>\n<p>&nbsp;<\/p>\n","protected":false},"excerpt":{"rendered":"<p>Con todas las ventajas del HPC 40, este calibrador de presi\u00f3n lo lleva a un nivel superior y da una mejor duraci\u00f3n de la bater\u00eda, una pantalla avanzada y una conexi\u00f3n de m\u00f3dulo externo , todo ello mientras que se compensa absolutamente la presi\u00f3n, la temperatura y las mediciones el\u00e9ctricas de -4 a 122 \u00b0F.<\/p>\n","protected":false},"featured_media":6965,"template":"","meta":[],"product_cat":[16],"product_tag":[],"class_list":["post-6963","product","type-product","status-publish","has-post-thumbnail","hentry","product_cat-uncategorized"],"_links":{"self":[{"href":"https:\/\/calibracion.com.mx\/tienda\/wp-json\/wp\/v2\/product\/6963","targetHints":{"allow":["GET"]}}],"collection":[{"href":"https:\/\/calibracion.com.mx\/tienda\/wp-json\/wp\/v2\/product"}],"about":[{"href":"https:\/\/calibracion.com.mx\/tienda\/wp-json\/wp\/v2\/types\/product"}],"wp:featuredmedia":[{"embeddable":true,"href":"https:\/\/calibracion.com.mx\/tienda\/wp-json\/wp\/v2\/media\/6965"}],"wp:attachment":[{"href":"https:\/\/calibracion.com.mx\/tienda\/wp-json\/wp\/v2\/media?parent=6963"}],"wp:term":[{"taxonomy":"product_cat","embeddable":true,"href":"https:\/\/calibracion.com.mx\/tienda\/wp-json\/wp\/v2\/product_cat?post=6963"},{"taxonomy":"product_tag","embeddable":true,"href":"https:\/\/calibracion.com.mx\/tienda\/wp-json\/wp\/v2\/product_tag?post=6963"}],"curies":[{"name":"wp","href":"https:\/\/api.w.org\/{rel}","templated":true}]}}