{"id":6970,"date":"2024-01-05T17:33:11","date_gmt":"2024-01-05T17:33:11","guid":{"rendered":"https:\/\/calibracion.com.mx\/tienda\/?post_type=product&#038;p=6970"},"modified":"2024-01-05T17:33:31","modified_gmt":"2024-01-05T17:33:31","slug":"termohigrometro-de-panel-he230ath","status":"publish","type":"product","link":"https:\/\/calibracion.com.mx\/tienda\/termohigrometro-de-panel-he230ath\/","title":{"rendered":"Termohigr\u00f3metro De Panel \u2013 HE230ATH"},"content":{"rendered":"<table>\n<tbody>\n<tr>\n<td width=\"294\">Tama\u00f1o de LED (pulgadas)<\/td>\n<td width=\"294\">3.0\u2033<\/td>\n<\/tr>\n<tr>\n<td width=\"294\">Rango visual<\/td>\n<td width=\"294\">40M.<\/td>\n<\/tr>\n<tr>\n<td width=\"294\">Precisi\u00f3n de temperatura<\/td>\n<td width=\"294\">\u00b10,3\u00a0\u2103\u00a0(0\u00a0\u2103~50\u00a0\u2103), \u00b10,5\u00a0\u2103\u00a0(otro rango)<\/p>\n<p>&nbsp;<\/td>\n<\/tr>\n<tr>\n<td width=\"294\">Precisi\u00f3n de humedad<\/td>\n<td width=\"294\">\u00b13 % HR (25\u00a0\u2103, 20 % HR ~ 80 % HR), \u00b1 5 % HR (otro rango)<\/td>\n<\/tr>\n<tr>\n<td width=\"294\">Tipo de sensor<\/td>\n<td width=\"294\">Integrado en un costado derecho<\/td>\n<\/tr>\n<tr>\n<td width=\"294\">Rango de medici\u00f3n de temperatura<\/td>\n<td width=\"294\">-40~85\u2103<\/td>\n<\/tr>\n<tr>\n<td width=\"294\">Rango de medici\u00f3n de humedad<\/td>\n<td width=\"294\">0~100%HR<\/td>\n<\/tr>\n<tr>\n<td width=\"294\">Caracter\u00edsticas opcionales\u00a0externa de luz y sonido.<\/td>\n<td width=\"294\">\n<ol>\n<li>\u00a0Alarma externa de luz y sonido.<\/li>\n<li>\u00a0Alarma\u00a0\u00a0\u00a0 GSM.<\/li>\n<li>Comunicaci\u00f3n RS485.<\/li>\n<li>\u00a0Comunicaci\u00f3n TCP\/IP.<\/li>\n<li>\u00a0Comunicaci\u00f3n WiFi.<\/li>\n<li>\u00a0Registro de datos.<\/li>\n<\/ol>\n<\/td>\n<\/tr>\n<tr>\n<td width=\"294\">Dimensi\u00f3n del producto (CM).<\/td>\n<td width=\"294\">38,5\u00d724,2\u00d74,6.<\/td>\n<\/tr>\n<tr>\n<td width=\"294\">Dimensi\u00f3n de embalaje (CM).<\/td>\n<td width=\"294\">46\u00d731,5\u00d78,5.<\/td>\n<\/tr>\n<\/tbody>\n<\/table>\n","protected":false},"excerpt":{"rendered":"<p>Peculiaridades :<\/p>\n<ul>\n<li>Fuente de alimentaci\u00f3n del con cien ~ 240VAC.<\/li>\n<li>Con sensor de temperatura de humedad que viene dentro , y alta precisi\u00f3n y seguridad<\/li>\n<li>Con sensores externos de temperatura y humedad.<\/li>\n<li>Pantalla LCD, exhibici\u00f3n humedad y tiempo simult\u00e1neamente.<\/li>\n<li>Con desviaci\u00f3n funci\u00f3n de calibraci\u00f3n.<\/li>\n<\/ul>\n","protected":false},"featured_media":6971,"template":"","meta":[],"product_cat":[16],"product_tag":[],"class_list":["post-6970","product","type-product","status-publish","has-post-thumbnail","hentry","product_cat-uncategorized"],"_links":{"self":[{"href":"https:\/\/calibracion.com.mx\/tienda\/wp-json\/wp\/v2\/product\/6970","targetHints":{"allow":["GET"]}}],"collection":[{"href":"https:\/\/calibracion.com.mx\/tienda\/wp-json\/wp\/v2\/product"}],"about":[{"href":"https:\/\/calibracion.com.mx\/tienda\/wp-json\/wp\/v2\/types\/product"}],"wp:featuredmedia":[{"embeddable":true,"href":"https:\/\/calibracion.com.mx\/tienda\/wp-json\/wp\/v2\/media\/6971"}],"wp:attachment":[{"href":"https:\/\/calibracion.com.mx\/tienda\/wp-json\/wp\/v2\/media?parent=6970"}],"wp:term":[{"taxonomy":"product_cat","embeddable":true,"href":"https:\/\/calibracion.com.mx\/tienda\/wp-json\/wp\/v2\/product_cat?post=6970"},{"taxonomy":"product_tag","embeddable":true,"href":"https:\/\/calibracion.com.mx\/tienda\/wp-json\/wp\/v2\/product_tag?post=6970"}],"curies":[{"name":"wp","href":"https:\/\/api.w.org\/{rel}","templated":true}]}}