{"id":6974,"date":"2024-01-05T19:07:55","date_gmt":"2024-01-05T19:07:55","guid":{"rendered":"https:\/\/calibracion.com.mx\/tienda\/?post_type=product&#038;p=6974"},"modified":"2024-01-05T19:07:56","modified_gmt":"2024-01-05T19:07:56","slug":"termohigrometro-prhtemp","status":"publish","type":"product","link":"https:\/\/calibracion.com.mx\/tienda\/termohigrometro-prhtemp\/","title":{"rendered":"Termohigrometro \u2013 PRHTEMP"},"content":{"rendered":"<ul>\n<li>Aprobado CE.<\/li>\n<li>Recomendables indicadores de estado.<\/li>\n<li>Tiempo de inicio \/ parada programable.<\/li>\n<li>Unidades de medida seleccionables por el usuario.<\/li>\n<li>Bater\u00eda reemplazable por el usuario y nutrici\u00f3n externa.<\/li>\n<\/ul>\n<h5><b>Caracter\u00edsticas del software:<\/b><\/h5>\n<ul>\n<li>Agrandar reducir.<\/li>\n<li>Calibraci\u00f3n digital.<\/li>\n<li>Ecuaciones de letalidad (F0, PU).<\/li>\n<li>\/Max.\/Aeropuerto l\u00edneas.<\/li>\n<li>Vista de resumen.<\/li>\n<li>M\u00faltiples superposiciones de gr\u00e1ficos.<\/li>\n<li>Soporte de zona horaria completa.<\/li>\n<li>Anotaci\u00f3n de datos.<\/li>\n<li>Generaci\u00f3n autom\u00e1tica de reportes.<\/li>\n<li>Multiling\u00fce.<\/li>\n<li>Vista de tabla de datos.<\/li>\n<li>Temperatura cin\u00e9tica media.<\/li>\n<li>Estad\u00edstica.<\/li>\n<\/ul>\n","protected":false},"excerpt":{"rendered":"<p><em>Caracter\u00edsticas:<\/em><\/p>\n<ul>\n<li>Enorme pantalla LCD retroiluminada.<\/li>\n<li>Visualizaci\u00f3n simult\u00e1nea de temperatura, humedad y presi\u00f3n.<\/li>\n<li>M\u00ednimo m\u00e1ximo. &amp; Promedio de estad\u00edsticas.<\/li>\n<li>Montaje en pared.<\/li>\n<li>Teclado frontal w \/ funci\u00f3n de bloqueo.<\/li>\n<\/ul>\n","protected":false},"featured_media":6976,"template":"","meta":[],"product_cat":[16],"product_tag":[],"class_list":["post-6974","product","type-product","status-publish","has-post-thumbnail","hentry","product_cat-uncategorized"],"_links":{"self":[{"href":"https:\/\/calibracion.com.mx\/tienda\/wp-json\/wp\/v2\/product\/6974","targetHints":{"allow":["GET"]}}],"collection":[{"href":"https:\/\/calibracion.com.mx\/tienda\/wp-json\/wp\/v2\/product"}],"about":[{"href":"https:\/\/calibracion.com.mx\/tienda\/wp-json\/wp\/v2\/types\/product"}],"wp:featuredmedia":[{"embeddable":true,"href":"https:\/\/calibracion.com.mx\/tienda\/wp-json\/wp\/v2\/media\/6976"}],"wp:attachment":[{"href":"https:\/\/calibracion.com.mx\/tienda\/wp-json\/wp\/v2\/media?parent=6974"}],"wp:term":[{"taxonomy":"product_cat","embeddable":true,"href":"https:\/\/calibracion.com.mx\/tienda\/wp-json\/wp\/v2\/product_cat?post=6974"},{"taxonomy":"product_tag","embeddable":true,"href":"https:\/\/calibracion.com.mx\/tienda\/wp-json\/wp\/v2\/product_tag?post=6974"}],"curies":[{"name":"wp","href":"https:\/\/api.w.org\/{rel}","templated":true}]}}