{"id":6977,"date":"2024-01-05T19:14:51","date_gmt":"2024-01-05T19:14:51","guid":{"rendered":"https:\/\/calibracion.com.mx\/tienda\/?post_type=product&#038;p=6977"},"modified":"2024-01-05T19:14:52","modified_gmt":"2024-01-05T19:14:52","slug":"termohigrometro-barometro-mhb382sd","status":"publish","type":"product","link":"https:\/\/calibracion.com.mx\/tienda\/termohigrometro-barometro-mhb382sd\/","title":{"rendered":"Termohigr\u00f3metro + Bar\u00f3metro \u2013 MHB382SD"},"content":{"rendered":"<p>El archivo que se forma con la tabulaci\u00f3n constru\u00edda por el aparato tiene un formato que puede ser descargado a MS Excel por lo que no requiere de software agregada. El usuario va a poder graficar y investigar los datos por s\u00ed mismo.<\/p>\n<p>Despliega los datos de humedad, temperatura y presi\u00f3n al tiempo en la pantalla. Utiliza un sensor de humedad tipo capacitor de alta precisi\u00f3n para la medici\u00f3n profesional y precisa de la humedad.<\/p>\n<p>El puerto de memoria acepta tarjetas tipo SD con capacidad desde 1 hasta 16 GB (no incluida). Resoluci\u00f3n de humedad de 0.1 %HR y resoluci\u00f3n de temperatura de 0.1\u00b0, la presi\u00f3n barom\u00e9trica se pude expresar en entidades de hPA, mmHg o inHg.<\/p>\n","protected":false},"excerpt":{"rendered":"<p>El termo higr\u00f3metro con funci\u00f3n de bar\u00f3metro modelo LT-MHB382SD es un monitor de el mismo instante con grabador de datos que registra temperatura, humedad y presi\u00f3n barom\u00e9trica con etiqueta de fecha y hora en una tarjeta de memoria.<\/p>\n","protected":false},"featured_media":6979,"template":"","meta":[],"product_cat":[16],"product_tag":[],"class_list":["post-6977","product","type-product","status-publish","has-post-thumbnail","hentry","product_cat-uncategorized"],"_links":{"self":[{"href":"https:\/\/calibracion.com.mx\/tienda\/wp-json\/wp\/v2\/product\/6977","targetHints":{"allow":["GET"]}}],"collection":[{"href":"https:\/\/calibracion.com.mx\/tienda\/wp-json\/wp\/v2\/product"}],"about":[{"href":"https:\/\/calibracion.com.mx\/tienda\/wp-json\/wp\/v2\/types\/product"}],"wp:featuredmedia":[{"embeddable":true,"href":"https:\/\/calibracion.com.mx\/tienda\/wp-json\/wp\/v2\/media\/6979"}],"wp:attachment":[{"href":"https:\/\/calibracion.com.mx\/tienda\/wp-json\/wp\/v2\/media?parent=6977"}],"wp:term":[{"taxonomy":"product_cat","embeddable":true,"href":"https:\/\/calibracion.com.mx\/tienda\/wp-json\/wp\/v2\/product_cat?post=6977"},{"taxonomy":"product_tag","embeddable":true,"href":"https:\/\/calibracion.com.mx\/tienda\/wp-json\/wp\/v2\/product_tag?post=6977"}],"curies":[{"name":"wp","href":"https:\/\/api.w.org\/{rel}","templated":true}]}}