{"id":6978,"date":"2024-01-05T19:19:35","date_gmt":"2024-01-05T19:19:35","guid":{"rendered":"https:\/\/calibracion.com.mx\/tienda\/?post_type=product&#038;p=6978"},"modified":"2024-01-05T20:12:18","modified_gmt":"2024-01-05T20:12:18","slug":"sistema-de-calibracion-de-la-serie-ametek-crystal-calhp","status":"publish","type":"product","link":"https:\/\/calibracion.com.mx\/tienda\/sistema-de-calibracion-de-la-serie-ametek-crystal-calhp\/","title":{"rendered":"sistema de calibraci\u00f3n de la serie ametek crystal calhp"},"content":{"rendered":"<h3>Funciones<\/h3>\n<ul>\n<li>0,1 % de precisi\u00f3n de lectura de hasta 15.000 psi (1000 bar) cuando se utiliza el XP2i como referencia, o 0,05 % de precisi\u00f3n de lectura de hasta 5000 psi (300 bar) cuando se utiliza la serie 30 como referencia.<\/li>\n<li>Reducir los errores de transcripci\u00f3n y c\u00e1lculo.<\/li>\n<li>F\u00e1cil de usar e instalar, los asistentes lo gu\u00edan a trav\u00e9s de la configuraci\u00f3n.<\/li>\n<li>Sistema de calibraci\u00f3n de indicadores\/registradores\/transmisores.<\/li>\n<\/ul>\n<h3>Aplicaciones<\/h3>\n<ul>\n<li>Calibraci\u00f3n de presi\u00f3n de precisi\u00f3n.<\/li>\n<\/ul>\n<h3>Cristal de presi\u00f3n CrystalCalHP SERIES Especificaciones<\/h3>\n<table>\n<tbody>\n<tr>\n<td colspan=\"2\"><strong>Rendimiento<\/strong><\/td>\n<\/tr>\n<tr>\n<td>Presi\u00f3n hidr\u00e1ulica m\u00e1xima<\/td>\n<td>15.000 psi (1000 bar)<\/td>\n<\/tr>\n<tr>\n<td>Vac\u00edo<\/td>\n<td>-12,5 psi (-0,86 bar)<\/td>\n<\/tr>\n<tr>\n<td>Presi\u00f3n neum\u00e1tica m\u00e1xima<\/td>\n<td>400 pulgadas<sub>2<\/sub>\u00d8 (995 mbar)<\/td>\n<\/tr>\n<tr>\n<td>Sensibilidad (ajuste fino)<\/td>\n<td>0.01 pulg.H<sub>2<\/sub>\u00d8 (0,025 mbar)<\/td>\n<\/tr>\n<tr>\n<td>Presi\u00f3n de rotura<\/td>\n<td>&gt; 25.000 psi (1700 bar)<\/td>\n<\/tr>\n<tr>\n<td colspan=\"2\"><strong>Materiales<\/strong><\/td>\n<\/tr>\n<tr>\n<td>Materiales humedecidos<\/td>\n<td>Acero inoxidable m\u00e1s juntas y dep\u00f3sito acr\u00edlico<\/td>\n<\/tr>\n<tr>\n<td>Recinto<\/td>\n<td>Aluminio anodizado<\/td>\n<\/tr>\n<tr>\n<td>Focas<\/td>\n<td>Buna N (nitrilo), vit\u00f3n y uretano<\/td>\n<\/tr>\n<tr>\n<td>Medios de prueba<\/td>\n<td>Agua, aceite o aire<\/td>\n<\/tr>\n<tr>\n<td colspan=\"2\"><strong>Especificaciones generales<\/strong><\/td>\n<\/tr>\n<tr>\n<td>CPF macho (instalado)<\/td>\n<td>MAWP 15.000 psi (1000 bar)<\/td>\n<\/tr>\n<tr>\n<td>MPF15K-1\/4FPT<\/td>\n<td>MAWP 15.000 psi (1000 bar)<\/td>\n<\/tr>\n<tr>\n<td>Volumen de carrera del pist\u00f3n<\/td>\n<td>0.3\u2033<sup>3<\/sup>\u00a0(13,1 cm<sup>3<\/sup>)<\/td>\n<\/tr>\n<tr>\n<td>Volumen del yacimiento<\/td>\n<td>10.8\u2033<sup>3<\/sup>\u00a0(176,9 cm<sup>3<\/sup>)<\/td>\n<\/tr>\n<tr>\n<td>Dimensiones<\/td>\n<td>8,3 x 20,5 x 5,5\u2033 (210 x 520 x 140 mm)<\/td>\n<\/tr>\n<tr>\n<td>Peso<\/td>\n<td>9 kg (20 libras)<\/td>\n<\/tr>\n<\/tbody>\n<\/table>\n","protected":false},"excerpt":{"rendered":"<p>Hasta 7 a 10 ocasiones m\u00e1s r\u00e1pido que un probador de peso muerto , este sistema de medici\u00f3n le permite realizar una medici\u00f3n de 10 puntos hacia arriba y hacia abajo en menos de tres minutos, incluyendo la impresi\u00f3n de un certificado de calibraci\u00f3n.<\/p>\n","protected":false},"featured_media":6981,"template":"","meta":[],"product_cat":[16],"product_tag":[],"class_list":["post-6978","product","type-product","status-publish","has-post-thumbnail","hentry","product_cat-uncategorized"],"_links":{"self":[{"href":"https:\/\/calibracion.com.mx\/tienda\/wp-json\/wp\/v2\/product\/6978","targetHints":{"allow":["GET"]}}],"collection":[{"href":"https:\/\/calibracion.com.mx\/tienda\/wp-json\/wp\/v2\/product"}],"about":[{"href":"https:\/\/calibracion.com.mx\/tienda\/wp-json\/wp\/v2\/types\/product"}],"wp:featuredmedia":[{"embeddable":true,"href":"https:\/\/calibracion.com.mx\/tienda\/wp-json\/wp\/v2\/media\/6981"}],"wp:attachment":[{"href":"https:\/\/calibracion.com.mx\/tienda\/wp-json\/wp\/v2\/media?parent=6978"}],"wp:term":[{"taxonomy":"product_cat","embeddable":true,"href":"https:\/\/calibracion.com.mx\/tienda\/wp-json\/wp\/v2\/product_cat?post=6978"},{"taxonomy":"product_tag","embeddable":true,"href":"https:\/\/calibracion.com.mx\/tienda\/wp-json\/wp\/v2\/product_tag?post=6978"}],"curies":[{"name":"wp","href":"https:\/\/api.w.org\/{rel}","templated":true}]}}