{"id":7017,"date":"2024-01-08T15:46:03","date_gmt":"2024-01-08T15:46:03","guid":{"rendered":"https:\/\/calibracion.com.mx\/tienda\/?post_type=product&#038;p=7017"},"modified":"2024-01-08T15:49:01","modified_gmt":"2024-01-08T15:49:01","slug":"termohigrometro-imedk-p23","status":"publish","type":"product","link":"https:\/\/calibracion.com.mx\/tienda\/termohigrometro-imedk-p23\/","title":{"rendered":"Termohigr\u00f3metro imedk p23"},"content":{"rendered":"<h5><strong>Caracter\u00edsticas:<\/strong><\/h5>\n<ul>\n<li>\u301012H \/ 24H y \u2103 \/ \u2109 Conmutable\u3011 Formato de hora de 12 o 24 horas conmutable. Cambie la pantalla de temperatura a \u2103 o \u2109.<\/li>\n<li>\u30103 sensores rec\u00f3nditos \u3011 Sensor rec\u00f3ndito para uso en interiores y exteriores, no fuerte al agua, distancia eficaz de 98 pies \/ 30 m, medici\u00f3n de largo alcance. Una unidad principal puede emparejar hasta 3 sensores remotos exteriores.<\/li>\n<li>\u3010Amplia app \u3011 Conveniente para interior y exterior, para dormitorio, habitaci\u00f3n de beb\u00e9, oficina, invernadero, bodega, almac\u00e9n, etc. Dise\u00f1o completamente inal\u00e1mbrico, de mesa y de pared.<\/li>\n<li>\u3010Funciona con pilas\u3011 Necesita un cable USB o 3 pilas AAA para dar de comer la unidad primordial y 2 pilas AAA para dar de comer el sensor. (Bater\u00edas no dentro)<\/li>\n<li>\u3010Funci\u00f3n de medici\u00f3n \u3011 Cuenta con la funci\u00f3n de medici\u00f3n de temperatura y humedad para tener en consideraci\u00f3n cualquier desviaci\u00f3n que logre estar presente en el sistema.<\/li>\n<li>\u3010Contrastar \/ Eliminar registros\u3011 Puede contrastar la temperatura \/ humedad m\u00e1xima o m\u00ednima en el pasado. Y puede ver o eliminar registros.<\/li>\n<li>\u3010Luz de fondo y funci\u00f3n de alarma\u3011 Luz de fondo apagada, luz de fondo encendida (blanco), alarma de l\u00edmite superior (luz de fondo naranja), alarma de l\u00edmite inferior (luz de fondo roja). Pantalla clara en la obscuridad , aproximadamente 8 segundos de apagado autom\u00e1tico para ahorrar energ\u00eda.<\/li>\n<\/ul>\n<h5><strong>Especificaciones:<\/strong><\/h5>\n<ul>\n<li>Tama\u00f1o del sensor: diez ,5 * 3,5 * 3,7 cm \/ 4,1 * 1,4 * 1,5 pulgadas<\/li>\n<li>Alcance inal\u00e1mbrico: aproximadamente 100 m \/ 328 pies (distancia abierta), 30 m \/ 98 pies (distancia efectiva )<\/li>\n<li>Rango de humedad: 20% -99% RH<\/li>\n<li>Rango de temperatura interior: 0 ~ 50 \u2103 (32 ~ 122 \u2109)<\/li>\n<li>Tama\u00f1o del bulto : 18 * 18 * 7 cm \/ 7.1 * 7.1 * 2.8in<\/li>\n<li>Resoluci\u00f3n de temperatura: 0,1 \u2103 \/ 0,1 \u2109<\/li>\n<li>Nivel de comodidad : seco (RH \uff1c 50%), c\u00f3modo (15,6-26,7 \u2103, RH 50% -70%), h\u00famedo (RH \uff1e 70%)<\/li>\n<li>Aplicaci\u00f3n : para uso en interiores y exteriores<\/li>\n<li>Fuente de alimentaci\u00f3n : Unidad primordial : Cable USB DC 5V (incluido) o 3 pilas AAA (no dentro ); Sensor: 2 pilas AAA (no dentro )<\/li>\n<li>Visualizaci\u00f3n de la semana: 8 idiomas (ingl\u00e9s, ruso, dan\u00e9s, espa\u00f1ol, holand\u00e9s, franc\u00e9s, italiano, alem\u00e1n)<\/li>\n<li>Peso del bulto : 380g \/ 13,4 oz<\/li>\n<li>Rango de temperatura exterior: -50 ~ 70 \u2103 (-58 ~ 158 \u2109)<\/li>\n<li>Resoluci\u00f3n de humedad: 1%<\/li>\n<li>Unidad de visualizaci\u00f3n de temperatura: \u2103 \/ \u2109 seleccionable<\/li>\n<li>Color: blanco \/ negro (opcional)<\/li>\n<li>Luz de fondo: precisamente 8 segundos de apagado autom\u00e1tico (modo de ahorro de energ\u00eda)<\/li>\n<li>Material: Pl\u00e1stico<\/li>\n<li>Tama\u00f1o del termohigr\u00f3metro: 12,5 * 12,5 * 2 cm \/ 4,9 * 4,9 * 0.8in<\/li>\n<\/ul>\n<h5><strong>Listas de packs:<\/strong><\/h5>\n<ul>\n<li>1 * Manual de usuario (ingl\u00e9s, alem\u00e1n).<\/li>\n<li>1 * termohigr\u00f3metro.<\/li>\n<li>3 * Sensor rec\u00f3ndito con base.<\/li>\n<li>1 * cable USB.<\/li>\n<\/ul>\n<h4><strong>Especificaciones<\/strong><\/h4>\n<h5><strong>Largo del Producto Armado:<\/strong><\/h5>\n<p>18 cm<\/p>\n<h5><strong>Altura del Producto Armado:<\/strong><\/h5>\n<p>7 cm<\/p>\n<h5><strong>Color:<\/strong><\/h5>\n<p>Negro<\/p>\n<h5>Pa\u00eds de Origen:<\/h5>\n<p>China<\/p>\n<h5>Contenido del empaque:<\/h5>\n<p>1 * termohigr\u00f3metro 3 * Sensor rec\u00f3ndito con base 1 * cable USB 1 * Manual de usuario (ingl\u00e9s, alem\u00e1n)<\/p>\n<h5><strong>Ancho del Producto Armado:<\/strong><\/h5>\n<p>18 cm<\/p>\n<h5>Peso del Producto Armado:<\/h5>\n<p>0.37 kg<\/p>\n","protected":false},"excerpt":{"rendered":"<p>Peculiaridades:<\/p>\n<ul>\n<li>\u3010Pantalla de datos m\u00faltiples\u3011 Exhibe la hora, el calendario, la semana, la humedad interior y exterior, la temperatura, la tendencia de temperatura y humedad, el nivel de tranquilidad y registra la temperatura \/ humedad m\u00e1xima y m\u00ednima.<\/li>\n<\/ul>\n","protected":false},"featured_media":7020,"template":"","meta":[],"product_cat":[16],"product_tag":[],"class_list":["post-7017","product","type-product","status-publish","has-post-thumbnail","hentry","product_cat-uncategorized"],"_links":{"self":[{"href":"https:\/\/calibracion.com.mx\/tienda\/wp-json\/wp\/v2\/product\/7017","targetHints":{"allow":["GET"]}}],"collection":[{"href":"https:\/\/calibracion.com.mx\/tienda\/wp-json\/wp\/v2\/product"}],"about":[{"href":"https:\/\/calibracion.com.mx\/tienda\/wp-json\/wp\/v2\/types\/product"}],"wp:featuredmedia":[{"embeddable":true,"href":"https:\/\/calibracion.com.mx\/tienda\/wp-json\/wp\/v2\/media\/7020"}],"wp:attachment":[{"href":"https:\/\/calibracion.com.mx\/tienda\/wp-json\/wp\/v2\/media?parent=7017"}],"wp:term":[{"taxonomy":"product_cat","embeddable":true,"href":"https:\/\/calibracion.com.mx\/tienda\/wp-json\/wp\/v2\/product_cat?post=7017"},{"taxonomy":"product_tag","embeddable":true,"href":"https:\/\/calibracion.com.mx\/tienda\/wp-json\/wp\/v2\/product_tag?post=7017"}],"curies":[{"name":"wp","href":"https:\/\/api.w.org\/{rel}","templated":true}]}}