{"id":7025,"date":"2024-01-08T15:54:36","date_gmt":"2024-01-08T15:54:36","guid":{"rendered":"https:\/\/calibracion.com.mx\/tienda\/?post_type=product&#038;p=7025"},"modified":"2024-01-08T15:54:37","modified_gmt":"2024-01-08T15:54:37","slug":"termohigrometro-con-sonda-htc-2","status":"publish","type":"product","link":"https:\/\/calibracion.com.mx\/tienda\/termohigrometro-con-sonda-htc-2\/","title":{"rendered":"TermoHigr\u00f3metro con sonda | HTC-2"},"content":{"rendered":"<h5><strong>Beneficios:<\/strong><\/h5>\n<ul>\n<li>Cambia entre \u00b0C y \u00b0F.<\/li>\n<li>\u00datil para labores donde es necesario monitorear humedad y temperatura, como laboratorios, invernaderos, transporte de cadena fr\u00eda, almacenamiento y otras.<\/li>\n<li>Colocar pilas, poner hora y listo.<\/li>\n<li>Cambia entre modo de 12 y 24 horas.<\/li>\n<li>Mide temperaturas bajo 0 grados.<\/li>\n<li>Almacena los datos m\u00ednimos y m\u00e1ximos de temperatura.<\/li>\n<li>Funci\u00f3n de reloj.<\/li>\n<li>Sonda de medici\u00f3n a prueba de agua.<\/li>\n<\/ul>\n<h4><strong>Ficha t\u00e9cnica:<\/strong><\/h4>\n<table style=\"height: 228px;\" width=\"801\">\n<tbody>\n<tr>\n<td><strong>Fabricante<\/strong><\/td>\n<td>HTC-2<\/td>\n<\/tr>\n<tr>\n<td><strong>Dimensiones del producto<\/strong><\/td>\n<td>11 \u00d7 10 \u00d7 13 cm<\/td>\n<\/tr>\n<tr>\n<td><strong>Peso<\/strong><\/td>\n<td>0.085 kg<\/td>\n<\/tr>\n<tr>\n<td><strong>Rango Temperatura<\/strong><\/td>\n<td>-50\u2103~+70\u2103<\/td>\n<\/tr>\n<tr>\n<td><strong>Rango humedad<\/strong><\/td>\n<td>10% ~ 99% RH<\/td>\n<\/tr>\n<tr>\n<td><strong>Fuente de alimentaci\u00f3n<\/strong><\/td>\n<td>Bater\u00eda AAA 1,5V (Incluida)<\/td>\n<\/tr>\n<tr>\n<td><strong>Pantalla<\/strong><\/td>\n<td>LCD<\/td>\n<\/tr>\n<\/tbody>\n<\/table>\n","protected":false},"excerpt":{"rendered":"<p>El TermoHigr\u00f3metro con sonda modelo HTC-2, este equipo es ideal para generar lecturas concretas y de calidad que te ayudar\u00e1n a conseguir un desarrollo \u00f3ptimo de tus plantas.<\/p>\n","protected":false},"featured_media":7026,"template":"","meta":[],"product_cat":[16],"product_tag":[],"class_list":["post-7025","product","type-product","status-publish","has-post-thumbnail","hentry","product_cat-uncategorized"],"_links":{"self":[{"href":"https:\/\/calibracion.com.mx\/tienda\/wp-json\/wp\/v2\/product\/7025","targetHints":{"allow":["GET"]}}],"collection":[{"href":"https:\/\/calibracion.com.mx\/tienda\/wp-json\/wp\/v2\/product"}],"about":[{"href":"https:\/\/calibracion.com.mx\/tienda\/wp-json\/wp\/v2\/types\/product"}],"wp:featuredmedia":[{"embeddable":true,"href":"https:\/\/calibracion.com.mx\/tienda\/wp-json\/wp\/v2\/media\/7026"}],"wp:attachment":[{"href":"https:\/\/calibracion.com.mx\/tienda\/wp-json\/wp\/v2\/media?parent=7025"}],"wp:term":[{"taxonomy":"product_cat","embeddable":true,"href":"https:\/\/calibracion.com.mx\/tienda\/wp-json\/wp\/v2\/product_cat?post=7025"},{"taxonomy":"product_tag","embeddable":true,"href":"https:\/\/calibracion.com.mx\/tienda\/wp-json\/wp\/v2\/product_tag?post=7025"}],"curies":[{"name":"wp","href":"https:\/\/api.w.org\/{rel}","templated":true}]}}