{"id":7029,"date":"2024-01-08T16:05:56","date_gmt":"2024-01-08T16:05:56","guid":{"rendered":"https:\/\/calibracion.com.mx\/tienda\/?post_type=product&#038;p=7029"},"modified":"2024-01-08T16:05:57","modified_gmt":"2024-01-08T16:05:57","slug":"termohigrometro-de-montaje-en-pared-jumbo-display-modelo-13309","status":"publish","type":"product","link":"https:\/\/calibracion.com.mx\/tienda\/termohigrometro-de-montaje-en-pared-jumbo-display-modelo-13309\/","title":{"rendered":"Termohigr\u00f3metro de montaje en pared jumbo display Modelo 13309"},"content":{"rendered":"<h5><strong>Modelo 13309:<\/strong><\/h5>\n<ul>\n<li>Pantalla enorme de temperatura, humedad, hora y fecha.<\/li>\n<li>Despertador y campanilla por hora.<\/li>\n<li>Sonda de temperatura externa.<\/li>\n<\/ul>\n<h5 class=\"prod-app\"><b>Aplicaciones:<\/b><\/h5>\n<div class=\"prod-app\">\u00c1reas de almacenamiento y producci\u00f3n, producen salas de maduraci\u00f3n, invernaderos, producci\u00f3n de animales vivos, farmacias, salas limpias y mucho m\u00e1s.<\/div>\n<div><\/div>\n<div><\/div>\n<div>\n<table>\n<caption>Termohigr\u00f3metro de montaje en pared Jumbo Display<\/caption>\n<thead>\n<tr>\n<th scope=\"col\">Caracter\u00edstica<\/th>\n<th scope=\"col\">Especificaci\u00f3n<\/th>\n<\/tr>\n<\/thead>\n<tfoot>\n<tr>\n<td colspan=\"2\"><\/td>\n<\/tr>\n<\/tfoot>\n<tbody>\n<tr>\n<td>Rango de temperatura<\/td>\n<td>Interna: -14 \u00b0C a 122 \u00b0C (de -10 \u00b0F) Sonda externa: -50 \u00b0C a 58 \u00b0C (-158 \u00b0F a 50 \u00b0F)<\/td>\n<\/tr>\n<tr>\n<td>Rango de Humedad<\/td>\n<td>Interna: 10% a 99%<\/td>\n<\/tr>\n<tr>\n<td>Rango de Operaci\u00f3n<\/td>\n<td>De 14\u00b0F a 122\u00b0F (-10\u00b0C a 50\u00b0C)<\/td>\n<\/tr>\n<tr>\n<td>Precisi\u00f3n de la Humedad (Interna)<\/td>\n<td>\u00b15% R.H. de 40% a 70% R.H. a 77\u00b0F~86\u00b0F (25\u00b0C~30\u00b0C)<\/td>\n<\/tr>\n<tr>\n<td>Precisi\u00f3n de la Temperatura (Interna y Externa)<\/td>\n<td>\u00b11.8\u00b0F (1\u00b0C) de 32\u00b0F a 104\u00b0F (0\u00b0C a 40\u00b0C)<\/td>\n<\/tr>\n<tr>\n<td>Sensor de temperatura externo<\/td>\n<td>Longitud del cable: 6.56 pies \/ 2 metros;<br \/>\nInvestigacion: 20mm L x 4mm Diametro<\/td>\n<\/tr>\n<tr>\n<td>Resoluci\u00f3n<\/td>\n<td>H.R.1%, temperatura 0.1\u00b0F \/\u00b0C<\/td>\n<\/tr>\n<tr>\n<td>Tama\u00f1o de ventana de visualizaci\u00f3n<\/td>\n<td>3.15 pulg. De ancho x 2.36 pulg. De alto (80 mm de ancho x 60 mm de alto)<\/td>\n<\/tr>\n<tr>\n<td>Altura de caracteres dentro de la pantalla<\/td>\n<td>1.02 pulg.\u00a0(26mm) \u2013\u00a0Temperatura y humedad<br \/>\n0.87 pulg. (22mm) \u2013\u00a0Fecha y hora<\/td>\n<\/tr>\n<tr>\n<td>Tama\u00f1o de Producto<\/td>\n<td>3.74 pulg. Ancho x 4.02 pulg. H x 0.75 pulg.\u00a0de profundidad<br \/>\n(95 mm de ancho x 102 mm de alto x 19 mm de profundidad)<\/td>\n<\/tr>\n<tr>\n<td>Peso<\/td>\n<td>4,18 onzas (118,4 g)<\/td>\n<\/tr>\n<tr>\n<td>Material del Producto<\/td>\n<td>Policarbonato y pl\u00e1stico ABS<\/td>\n<\/tr>\n<tr>\n<td>Tipo de sensor<\/td>\n<td>Temperatura: Termistor<br \/>\nHumedad: Resistiva Electr\u00f3nica<\/td>\n<\/tr>\n<tr>\n<td>Bater\u00eda<\/td>\n<td>AAA (cantidad 1 cada uno)<\/td>\n<\/tr>\n<tr>\n<td>Certificaci\u00f3n \/ Calibraci\u00f3n<\/td>\n<td>Marca CE, certificado de calibraci\u00f3n trazable NIST<\/td>\n<\/tr>\n<\/tbody>\n<\/table>\n<\/div>\n","protected":false},"excerpt":{"rendered":"<h5><span style=\"font-size: 13.28px;\">Caracter\u00edsticas<\/span><strong>:<\/strong><\/h5>\n<ul>\n<li>Soporte de sonda con respaldo autoadhesivo<\/li>\n<li>Sensores internos de temperatura y humedad.<\/li>\n<li>\u00b0C\/\u00b0F seleccionable<\/li>\n<li>Memoria m\u00ednima \/ m\u00e1xima: lecturas m\u00e1s bajas y mucho m\u00e1s altas guardadas para recuperaci\u00f3n instant\u00e1nea.<\/li>\n<\/ul>\n","protected":false},"featured_media":7030,"template":"","meta":[],"product_cat":[16],"product_tag":[],"class_list":["post-7029","product","type-product","status-publish","has-post-thumbnail","hentry","product_cat-uncategorized"],"_links":{"self":[{"href":"https:\/\/calibracion.com.mx\/tienda\/wp-json\/wp\/v2\/product\/7029","targetHints":{"allow":["GET"]}}],"collection":[{"href":"https:\/\/calibracion.com.mx\/tienda\/wp-json\/wp\/v2\/product"}],"about":[{"href":"https:\/\/calibracion.com.mx\/tienda\/wp-json\/wp\/v2\/types\/product"}],"wp:featuredmedia":[{"embeddable":true,"href":"https:\/\/calibracion.com.mx\/tienda\/wp-json\/wp\/v2\/media\/7030"}],"wp:attachment":[{"href":"https:\/\/calibracion.com.mx\/tienda\/wp-json\/wp\/v2\/media?parent=7029"}],"wp:term":[{"taxonomy":"product_cat","embeddable":true,"href":"https:\/\/calibracion.com.mx\/tienda\/wp-json\/wp\/v2\/product_cat?post=7029"},{"taxonomy":"product_tag","embeddable":true,"href":"https:\/\/calibracion.com.mx\/tienda\/wp-json\/wp\/v2\/product_tag?post=7029"}],"curies":[{"name":"wp","href":"https:\/\/api.w.org\/{rel}","templated":true}]}}