{"id":7040,"date":"2024-01-08T16:31:56","date_gmt":"2024-01-08T16:31:56","guid":{"rendered":"https:\/\/calibracion.com.mx\/tienda\/?post_type=product&#038;p=7040"},"modified":"2024-01-08T16:31:57","modified_gmt":"2024-01-08T16:31:57","slug":"termohigrometro-steren-ter-150","status":"publish","type":"product","link":"https:\/\/calibracion.com.mx\/tienda\/termohigrometro-steren-ter-150\/","title":{"rendered":"TERMOHIGROMETRO STEREN TER-150"},"content":{"rendered":"<h5><strong>CARACTERISTICAS TERMOHIGROMETRO STEREN TER-150:<\/strong><\/h5>\n<p>Tambi\u00e9n puede ser empleado en \u00e1reas de producci\u00f3n y almacenaje de alimentos, medicamentos y art\u00edculos electr\u00f3nicos, as\u00ed como en procesos de fabricaci\u00f3n de materiales sensibles a la humedad. Su dise\u00f1o s\u00f3lido y port\u00e1til lo realiza ideal para llevarlo a cualquier sitio y su sencillez de empleo lo realiza apto para cualquier persona , ya sea en \u00e1mbitos familiares o profesionales.<\/p>\n<h5><strong>CARACTER\u00cdSTICAS GENERALES:<\/strong><\/h5>\n<ul>\n<li>Resoluci\u00f3n de la temperatura: 0.1\u00b0C (0.1\u00b0F)<\/li>\n<li>Resoluci\u00f3n de la humedad relativa: 1% HR<\/li>\n<li>Rango de temperatura: -10 \u00b0C a 60\u00b0C (14\u00b0F a 140\u00b0F)<\/li>\n<li>Modelo: TER-150<\/li>\n<li>Tipo: Termohigr\u00f3metro digital<\/li>\n<li>Precisi\u00f3n de la temperatura: \u00b11\u00b0C (\u00b11.8\u00b0F)<\/li>\n<li>Rango de humedad relativa: diez % a 99% HR<\/li>\n<li>Funci\u00f3n de lectura m\u00ednima\/m\u00e1xima: S\u00ed<\/li>\n<li>Precisi\u00f3n de la humedad relativa: \u00b15% HR<\/li>\n<li>Nutrici\u00f3n : 1 bater\u00eda de litio CR2032 (incluida)<\/li>\n<li>Marca: Steren<\/li>\n<li>Funci\u00f3n de retenci\u00f3n de datos: S\u00ed<\/li>\n<li>Funci\u00f3n de apagado autom\u00e1tico: S\u00ed<\/li>\n<\/ul>\n<h5><strong>CARACTER\u00cdSTICAS F\u00cdSICAS:<\/strong><\/h5>\n<ul>\n<li>Certificaciones: CE, RoHS<\/li>\n<li>Pantalla: LCD de 3 d\u00edgitos<\/li>\n<li>Dimensiones: 58 x 37 x 14 mm<\/li>\n<li>Peso: 22 g<\/li>\n<li>Conexi\u00f3n: No aplica<\/li>\n<\/ul>\n<h5><strong>CARACTER\u00cdSTICAS ESPECIALES:<\/strong><\/h5>\n<ul>\n<li>Indicador de bater\u00eda baja: S\u00ed<\/li>\n<li>Selecci\u00f3n de unidades de medida: \u00b0C o \u00b0F para la temperatura, % o HR para la humedad relativa<\/li>\n<li>Dise\u00f1o compacto y port\u00e1til: permite llevarlo a cualquier lugar y usarlo en distintos ambientes.<\/li>\n<li>Simple de utilizar : con solo presionar un bot\u00f3n se puede entrar a todas las funcionalidades.<\/li>\n<\/ul>\n<h5><strong>CONTENIDO DEL PAQUETE:<\/strong><\/h5>\n<ul>\n<li>Manual de usuario.<\/li>\n<li>Termohigr\u00f3metro Steren TER-150.<\/li>\n<li>1 bater\u00eda de litio CR2032.<\/li>\n<\/ul>\n<h5><strong>APLICACIONES:<\/strong><\/h5>\n<p>El termohigr\u00f3metro Steren TER-150 es un instrumento de medici\u00f3n de bajo costo y alta precisi\u00f3n, perfecto para el monitoreo de la temperatura y la humedad relativa en interiores, en sitios como hogares, \u00e1reas de trabajo , salones de clases, entre otros. Asimismo puede ser usado en \u00e1reas de producci\u00f3n y almacenamiento de alimentos, medicamentos y productos electr\u00f3nicos, as\u00ed como en procesos de fabricaci\u00f3n de materiales sensibles a la humedad. Su dise\u00f1o compacto y port\u00e1til lo realiza perfecto para llevarlo a cualquier lugar y su sencillez de uso lo hace apto para todo el mundo , as\u00ed sea en entornos dom\u00e9sticos o expertos.<\/p>\n<p>&nbsp;<\/p>\n","protected":false},"excerpt":{"rendered":"<p>El termohigr\u00f3metro Steren TER-150 es un instrumento de medici\u00f3n de bajo costo y alta precisi\u00f3n, perfecto para el chequeo de la temperatura y la humedad relativa en interiores, en sitios como hogares, oficinas , salones de clases, entre otros.<\/p>\n","protected":false},"featured_media":7044,"template":"","meta":[],"product_cat":[16],"product_tag":[],"class_list":["post-7040","product","type-product","status-publish","has-post-thumbnail","hentry","product_cat-uncategorized"],"_links":{"self":[{"href":"https:\/\/calibracion.com.mx\/tienda\/wp-json\/wp\/v2\/product\/7040","targetHints":{"allow":["GET"]}}],"collection":[{"href":"https:\/\/calibracion.com.mx\/tienda\/wp-json\/wp\/v2\/product"}],"about":[{"href":"https:\/\/calibracion.com.mx\/tienda\/wp-json\/wp\/v2\/types\/product"}],"wp:featuredmedia":[{"embeddable":true,"href":"https:\/\/calibracion.com.mx\/tienda\/wp-json\/wp\/v2\/media\/7044"}],"wp:attachment":[{"href":"https:\/\/calibracion.com.mx\/tienda\/wp-json\/wp\/v2\/media?parent=7040"}],"wp:term":[{"taxonomy":"product_cat","embeddable":true,"href":"https:\/\/calibracion.com.mx\/tienda\/wp-json\/wp\/v2\/product_cat?post=7040"},{"taxonomy":"product_tag","embeddable":true,"href":"https:\/\/calibracion.com.mx\/tienda\/wp-json\/wp\/v2\/product_tag?post=7040"}],"curies":[{"name":"wp","href":"https:\/\/api.w.org\/{rel}","templated":true}]}}