{"id":7052,"date":"2024-01-08T17:00:45","date_gmt":"2024-01-08T17:00:45","guid":{"rendered":"https:\/\/calibracion.com.mx\/tienda\/?post_type=product&#038;p=7052"},"modified":"2024-01-08T17:04:23","modified_gmt":"2024-01-08T17:04:23","slug":"termohigrometro-imedk-p47","status":"publish","type":"product","link":"https:\/\/calibracion.com.mx\/tienda\/termohigrometro-imedk-p47\/","title":{"rendered":"Termohigr\u00f3metro imedk p47"},"content":{"rendered":"<p>Termohigr\u00f3metro imedk p47, es un instrumento que mide temperatura y humedad relativa, es un termohigr\u00f3metro para farmacias ideal por su dise\u00f1o y pantalla de importante tama\u00f1o , las especificaciones de este termohigr\u00f3metro son perfectas para guardes de f\u00e1rmacos as\u00ed como peque\u00f1as farmacias.<\/p>\n","protected":false},"excerpt":{"rendered":"<table>\n<tbody>\n<tr>\n<td width=\"221\">Tama\u00f1o<\/td>\n<td width=\"221\">150x88x25 mm<\/td>\n<\/tr>\n<tr>\n<td width=\"221\">Pantalla grande<\/td>\n<td width=\"221\">65 x 92 mm<\/td>\n<\/tr>\n<tr>\n<td width=\"221\">Funciones:<\/td>\n<td width=\"221\">Alarma, calendario<\/td>\n<\/tr>\n<tr>\n<td width=\"221\">Temperatura<\/td>\n<td width=\"221\"><em>Es posible cambiar \u00b0C y \u00b0F<\/em><\/td>\n<\/tr>\n<tr>\n<td width=\"221\">Capacidad<\/td>\n<td width=\"221\">-10~+50 Deg.C(14~122 Deg.F)<\/td>\n<\/tr>\n<tr>\n<td width=\"221\">Resoluci\u00f3n<\/td>\n<td width=\"221\">0.1 Deg. C \/ 0.1 Deg. F<\/td>\n<\/tr>\n<tr>\n<td width=\"221\">Humedad<\/td>\n<td width=\"221\">20% ~ 99% \u00b15%<\/td>\n<\/tr>\n<\/tbody>\n<\/table>\n","protected":false},"featured_media":7056,"template":"","meta":[],"product_cat":[16],"product_tag":[],"class_list":["post-7052","product","type-product","status-publish","has-post-thumbnail","hentry","product_cat-uncategorized"],"_links":{"self":[{"href":"https:\/\/calibracion.com.mx\/tienda\/wp-json\/wp\/v2\/product\/7052","targetHints":{"allow":["GET"]}}],"collection":[{"href":"https:\/\/calibracion.com.mx\/tienda\/wp-json\/wp\/v2\/product"}],"about":[{"href":"https:\/\/calibracion.com.mx\/tienda\/wp-json\/wp\/v2\/types\/product"}],"wp:featuredmedia":[{"embeddable":true,"href":"https:\/\/calibracion.com.mx\/tienda\/wp-json\/wp\/v2\/media\/7056"}],"wp:attachment":[{"href":"https:\/\/calibracion.com.mx\/tienda\/wp-json\/wp\/v2\/media?parent=7052"}],"wp:term":[{"taxonomy":"product_cat","embeddable":true,"href":"https:\/\/calibracion.com.mx\/tienda\/wp-json\/wp\/v2\/product_cat?post=7052"},{"taxonomy":"product_tag","embeddable":true,"href":"https:\/\/calibracion.com.mx\/tienda\/wp-json\/wp\/v2\/product_tag?post=7052"}],"curies":[{"name":"wp","href":"https:\/\/api.w.org\/{rel}","templated":true}]}}