{"id":7089,"date":"2024-01-08T20:00:50","date_gmt":"2024-01-08T20:00:50","guid":{"rendered":"https:\/\/calibracion.com.mx\/tienda\/?post_type=product&#038;p=7089"},"modified":"2024-01-08T20:00:50","modified_gmt":"2024-01-08T20:00:50","slug":"sistema-ampliado-de-calibracion-ametek-crystal-crystalcalhp-con-medidor-de-psi","status":"publish","type":"product","link":"https:\/\/calibracion.com.mx\/tienda\/sistema-ampliado-de-calibracion-ametek-crystal-crystalcalhp-con-medidor-de-psi\/","title":{"rendered":"sistema ampliado de calibraci\u00f3n ametek crystal crystalcalhp con medidor de psi"},"content":{"rendered":"<p>Port\u00e1til y m\u00e1s veloz que un probador de peso muerto , este sistema de calibraci\u00f3n tiene un medidor de psi y proporciona calibraciones de 10 puntos hacia arriba y hacia abajo. Terminado con un man\u00f3metro, un registrador gr\u00e1fico y un estuche fuerte a la intemperie, este sistema de calibraci\u00f3n calibra man\u00f3metros, transmisores, sensores y v\u00e1lvulas de seguridad con una aptitud nominal de hasta 15000 psi\/1000 bar.<\/p>\n<h3>Funciones<\/h3>\n<ul>\n<li>De 7 a 10 ocasiones mucho m\u00e1s veloz que un probador de peso muerto.<\/li>\n<li>F\u00e1cil de emplear y tambi\u00e9n disponer, los ayudantes lo gu\u00edan por medio de la configuraci\u00f3n.<\/li>\n<li>Incluye un estuche con ruedas resistente a la intemperie que se puede utilizar como banco port\u00e1til.<\/li>\n<li>0,1 % de precisi\u00f3n de lectura de hasta 15 000 psi (1000 bar) cuando se usa el XP2i como referencia o 0,05 % de precisi\u00f3n de lectura de hasta 5000 psi (300 bar) en el momento en que se usa la serie 30 como referencia.<\/li>\n<li>Achicar los fallos de transcripci\u00f3n\/c\u00e1lculo.<\/li>\n<li>Sistema de calibraci\u00f3n de medidores \/ registradores de gr\u00e1ficos \/ transmisores.<\/li>\n<\/ul>\n<h3>Aplicaciones<\/h3>\n<ul>\n<li>Sistema de medici\u00f3n del transmisor (el uso del Man\u00f3metroCalHP sin fluido es perfecto para calibrar transmisores de presi\u00f3n diferencial).<\/li>\n<li>Sistema de medici\u00f3n de man\u00f3metros.<\/li>\n<li>Sistema de calibraci\u00f3n del registrador gr\u00e1fico.<\/li>\n<\/ul>\n<h3>Especificaciones de CRYSTALCALHP-NPT-PSI de presi\u00f3n cristalina<\/h3>\n<table>\n<tbody>\n<tr>\n<td>Presi\u00f3n hidr\u00e1ulica m\u00e1xima<\/td>\n<td>15.000 psi\/1000 bar\/100 MPa<\/td>\n<\/tr>\n<tr>\n<td>Vac\u00edo<\/td>\n<td>-12,5 psi\/-0,86 bar\/-86,2 kPa<\/td>\n<\/tr>\n<tr>\n<td>Presi\u00f3n neum\u00e1tica m\u00e1xima<\/td>\n<td>400 inH2O\/995 mbar\/29 inHg<\/td>\n<\/tr>\n<tr>\n<td>Sensibilidad (ajuste fino<\/td>\n<td>0.01 pulg.H<sub>2<\/sub>O\/0,025 mbar<\/td>\n<\/tr>\n<tr>\n<td>Presi\u00f3n de rotura<\/td>\n<td>&gt;25.000 psi\/1700 bar\/170 MPa<\/td>\n<\/tr>\n<tr>\n<td>Materiales humedecidos<\/td>\n<td>Acero inoxidable m\u00e1s juntas y dep\u00f3sito acr\u00edlico<\/td>\n<\/tr>\n<tr>\n<td>Recinto<\/td>\n<td>Aluminio anodizado<\/td>\n<\/tr>\n<tr>\n<td>Focas<\/td>\n<td>Buna N (nitrilo), vit\u00f3n y uretano<\/td>\n<\/tr>\n<tr>\n<td>Volumen de carrera del pist\u00f3n<\/td>\n<td>0.8 pulgadas<sup>3<\/sup>\u00a0\/13.1 cm<sup>3<\/sup><\/td>\n<\/tr>\n<tr>\n<td>Volumen del yacimiento<\/td>\n<td>10.8 pulgadas<sup>3<\/sup>\u00a0\/176.9 cm<sup>3<\/sup><\/td>\n<\/tr>\n<tr>\n<td>Dimensiones<\/td>\n<td>8,3 x 20,5 x 5,5\u2033 (210 x 520 x 140 mm)<\/td>\n<\/tr>\n<tr>\n<td>Altura (con asas)<\/td>\n<td>11\u2033 (280 mm)<\/td>\n<\/tr>\n<tr>\n<td>Peso<\/td>\n<td>9 kg (20 libras)<\/td>\n<\/tr>\n<\/tbody>\n<\/table>\n<p>&nbsp;<\/p>\n","protected":false},"excerpt":{"rendered":"<p>Produzca una presi\u00f3n de hasta 15.000 psi con este comparador que calibra m\u00e1s r\u00e1pido que un comprobador de peso muerto.<\/p>\n","protected":false},"featured_media":7090,"template":"","meta":[],"product_cat":[16],"product_tag":[],"class_list":["post-7089","product","type-product","status-publish","has-post-thumbnail","hentry","product_cat-uncategorized"],"_links":{"self":[{"href":"https:\/\/calibracion.com.mx\/tienda\/wp-json\/wp\/v2\/product\/7089","targetHints":{"allow":["GET"]}}],"collection":[{"href":"https:\/\/calibracion.com.mx\/tienda\/wp-json\/wp\/v2\/product"}],"about":[{"href":"https:\/\/calibracion.com.mx\/tienda\/wp-json\/wp\/v2\/types\/product"}],"wp:featuredmedia":[{"embeddable":true,"href":"https:\/\/calibracion.com.mx\/tienda\/wp-json\/wp\/v2\/media\/7090"}],"wp:attachment":[{"href":"https:\/\/calibracion.com.mx\/tienda\/wp-json\/wp\/v2\/media?parent=7089"}],"wp:term":[{"taxonomy":"product_cat","embeddable":true,"href":"https:\/\/calibracion.com.mx\/tienda\/wp-json\/wp\/v2\/product_cat?post=7089"},{"taxonomy":"product_tag","embeddable":true,"href":"https:\/\/calibracion.com.mx\/tienda\/wp-json\/wp\/v2\/product_tag?post=7089"}],"curies":[{"name":"wp","href":"https:\/\/api.w.org\/{rel}","templated":true}]}}