{"id":733,"date":"2023-10-31T17:36:12","date_gmt":"2023-10-31T17:36:12","guid":{"rendered":"https:\/\/calibracion.com.mx\/tienda\/?post_type=product&#038;p=733"},"modified":"2023-11-15T20:31:30","modified_gmt":"2023-11-15T20:31:30","slug":"mitutoyo-209-903-serie-209-calibre-de-cuadrante-interno-70-a-120-mm-metrico","status":"publish","type":"product","link":"https:\/\/calibracion.com.mx\/tienda\/mitutoyo-209-903-serie-209-calibre-de-cuadrante-interno-70-a-120-mm-metrico\/","title":{"rendered":"Mitutoyo 209-903 serie 209 calibre de cuadrante interno, 70 a 120 mm, m\u00e9trico"},"content":{"rendered":"<p>El medidor de calibre de cuadrante interno Mitutoyo 209-903 Serie 209 est\u00e1 desarrollado para usarse como medidor de comparaci\u00f3n. Comb\u00ednalo con un anillo de ajuste o un micr\u00f3metro de tu decisi\u00f3n (se vende separadamente ). Las mordazas accionadas por resorte y la esfera grande ayudan a facilitar la operaci\u00f3n.<\/p>\n<p><strong>Funciones:<\/strong><\/p>\n<ul>\n<li>Profundidad m\u00e1xima de medici\u00f3n de 192 mm.<\/li>\n<li>Esfera grande y simple de leer.<\/li>\n<li>Hondura m\u00e1xima de la ranura A: 8,5 mm; ancho m\u00ednimo de ranura B: 3,3 mm.<\/li>\n<li>Proporciona contactos de medici\u00f3n de tipo B.<\/li>\n<li>Dise\u00f1o accionado por resorte para medir la presi\u00f3n de contacto puntual.<\/li>\n<li>Coincidente con micr\u00f3metros y anillos de ajuste Mitutoyo escogidos (se venden separadamente ).<\/li>\n<li>Desarrollado para su empleo como medidor de comparaci\u00f3n.<\/li>\n<li>0,08\u2033 (2 mm) de di\u00e1metro.<\/li>\n<\/ul>\n<h4>Especificaciones<\/h4>\n<table class=\"table table-striped\" style=\"height: 192px;\" width=\"396\">\n<tbody>\n<tr>\n<td>M\u00e9trico\/SAE<\/td>\n<td>M\u00e9trico<\/td>\n<\/tr>\n<tr>\n<td>Rango de medici\u00f3n<\/td>\n<td>De 70 a 120 mm<\/td>\n<\/tr>\n<tr>\n<td>Exactitud<\/td>\n<td>0,05 mil\u00edmetros<\/td>\n<\/tr>\n<tr>\n<td>Resoluci\u00f3n<\/td>\n<td>0,05 mil\u00edmetros<\/td>\n<\/tr>\n<tr>\n<td>Medidas de graduaci\u00f3n<\/td>\n<td>Mil\u00edmetros<\/td>\n<\/tr>\n<tr>\n<td>Tipo de visualizaci\u00f3n<\/td>\n<td>Marcar<\/td>\n<\/tr>\n<tr>\n<td>Peso del producto<\/td>\n<td>13 g (4,380 onzas)<\/td>\n<\/tr>\n<\/tbody>\n<\/table>\n","protected":false},"excerpt":{"rendered":"<p>Utilice este calibrador de adentro como medidor de comparaci\u00f3n durante las mediciones de espesor. Sus mordazas accionadas por resorte le brindan control de presi\u00f3n.<\/p>\n","protected":false},"featured_media":736,"template":"","meta":[],"product_cat":[16],"product_tag":[],"class_list":["post-733","product","type-product","status-publish","has-post-thumbnail","hentry","product_cat-uncategorized"],"_links":{"self":[{"href":"https:\/\/calibracion.com.mx\/tienda\/wp-json\/wp\/v2\/product\/733","targetHints":{"allow":["GET"]}}],"collection":[{"href":"https:\/\/calibracion.com.mx\/tienda\/wp-json\/wp\/v2\/product"}],"about":[{"href":"https:\/\/calibracion.com.mx\/tienda\/wp-json\/wp\/v2\/types\/product"}],"wp:featuredmedia":[{"embeddable":true,"href":"https:\/\/calibracion.com.mx\/tienda\/wp-json\/wp\/v2\/media\/736"}],"wp:attachment":[{"href":"https:\/\/calibracion.com.mx\/tienda\/wp-json\/wp\/v2\/media?parent=733"}],"wp:term":[{"taxonomy":"product_cat","embeddable":true,"href":"https:\/\/calibracion.com.mx\/tienda\/wp-json\/wp\/v2\/product_cat?post=733"},{"taxonomy":"product_tag","embeddable":true,"href":"https:\/\/calibracion.com.mx\/tienda\/wp-json\/wp\/v2\/product_tag?post=733"}],"curies":[{"name":"wp","href":"https:\/\/api.w.org\/{rel}","templated":true}]}}