{"id":7343,"date":"2024-01-10T19:41:47","date_gmt":"2024-01-10T19:41:47","guid":{"rendered":"https:\/\/calibracion.com.mx\/tienda\/?post_type=product&#038;p=7343"},"modified":"2024-01-10T19:41:48","modified_gmt":"2024-01-10T19:41:48","slug":"registrador-electronico-circular-de-graficos-de-temperatura-modelo-14010-14011-14012","status":"publish","type":"product","link":"https:\/\/calibracion.com.mx\/tienda\/registrador-electronico-circular-de-graficos-de-temperatura-modelo-14010-14011-14012\/","title":{"rendered":"Registrador electr\u00f3nico circular de gr\u00e1ficos de temperatura Modelo 14010, 14011, 14012"},"content":{"rendered":"<h5><b>Aplicaciones:<\/b><\/h5>\n<p>Medir la Temperatura del Aire, Gas, L\u00edquidos, Polvos, Semi-S\u00f3lidos.<br \/>\nEl term\u00f3grafo electr\u00f3nico circular de DeltaTrak, modelos 14010, 14011 y 14012 es un registrador confiable de tiempo y temperatura. La grabadora tiene cuatro velocidades gr\u00e1ficas de 6 horas, 24 h , 7 d\u00edas y 31 d\u00edas. Hay tres rangos de temperatura: -40\u00b0F ~ 30\u00b0F (-40\u00b0C ~ -1\u00b0C), -20\u00b0F ~ 50\u00b0F (-30\u00b0C ~ diez \u00b0C) y 50\u00b0F ~ 120\u00b0F (diez \u00b0C ~ 49\u00b0C) para entornos congelados, fr\u00edos y ambientales.<\/p>\n<p>La temperatura actual es f\u00e1cil de leer y aparece en una pantalla LED de importante tama\u00f1o , al paso que un registro permanente se traza en las graficas de papel. Ambas graficas y plumas son simples de sustituir.<\/p>\n<p>La sonda externa de acero inoxidable deja medir la temperatura del aire, gases, l\u00edquidos y semis\u00f3lidos. Tiene un movimiento de reloj de cuarzo, avance motorizado gr\u00e1fico y precisi\u00f3n de la temperatura de \u00b1 2\u00b0F (\u00b1 1\u00b0C). La grabadora viene en \u00b0F o \u00b0C y se ejecuta en los modelos de 120 V o 220 V AC, 50\/60 Hz. Un compartimiento posterior contiene 8 pilas alcalinas AA, que proporciona hasta 48 horas de grabaci\u00f3n continua en el caso de una p\u00e9rdida de energ\u00eda temporal.<\/p>\n<p>&nbsp;<\/p>\n<table>\n<caption>Modelo 14010-14012 Registrador Electr\u00f3nico Circular de Temperatura<\/caption>\n<thead>\n<tr>\n<th scope=\"col\">Caracter\u00edstica<\/th>\n<th scope=\"col\">Especificaci\u00f3n<\/th>\n<\/tr>\n<\/thead>\n<tfoot>\n<tr>\n<td colspan=\"2\"><\/td>\n<\/tr>\n<\/tfoot>\n<tbody>\n<tr>\n<td>Intervalo de temperatura seleccionable<\/td>\n<td>-40\u00b0F a 30\u00b0F \/ -20\u00b0F a 50\u00b0F \/ 50\u00b0F a 120\u00b0F -40\u00b0C a 0\u00b0C \/ -30\u00b0C a 10\u00b0C \/ 10\u00b0C a 50\u00b0C<\/td>\n<\/tr>\n<tr>\n<td>Velocidad seleccionable de la grafica<\/td>\n<td>6 horas, 24 horas, 7 d\u00edas, 31 d\u00edas<\/td>\n<\/tr>\n<tr>\n<td>Precisi\u00f3n de la velocidad de la grafica<\/td>\n<td>\u00b11%<\/td>\n<\/tr>\n<tr>\n<td>Di\u00e1metro de la grafica<\/td>\n<td>6 pulgadas (152.4mm)<\/td>\n<\/tr>\n<tr>\n<td>Presentaci\u00f3n de la temperatura<\/td>\n<td>3 LED digital 0.5 pulgadas de alto<\/td>\n<\/tr>\n<tr>\n<td>Precisi\u00f3n de la temperatura<\/td>\n<td>\u00b12\u00b0F (\u00b11\u00b0C)<\/td>\n<\/tr>\n<tr>\n<td>Sensor de temperatura<\/td>\n<td>Sonda de acero inoxidable 27\/8\u2033L x \u00bc\u201dD estado s\u00f3lido circuito integrado, en un cable de 15 pies<\/td>\n<\/tr>\n<tr>\n<td>Pluma<\/td>\n<td>De tinta<\/td>\n<\/tr>\n<tr>\n<td>Fuente de Alimentaci\u00f3n<\/td>\n<td>120 VCA, 50\/60 Hz., (220\/240 VCA, 50 Hz. opcional)<\/td>\n<\/tr>\n<tr>\n<td>Bater\u00eda de Respaldo<\/td>\n<td>Soporte para 8 baterias alcalinas AA (baterias no incluidas)<\/td>\n<\/tr>\n<tr>\n<td>Vida de la Bater\u00eda<\/td>\n<td>48 horas<\/td>\n<\/tr>\n<tr>\n<td>Temperatura de funcionamiento<\/td>\n<td>De 32 \u00b0C a 120 \u00b0C (de 0 \u00b0F a 49 \u00b0F)<\/td>\n<\/tr>\n<tr>\n<td>Humedad Relativa<\/td>\n<td>96% m\u00e1ximo<\/td>\n<\/tr>\n<tr>\n<td>Dimensiones<\/td>\n<td>9 pulg x 6.875 pulg x 2.33 pulg (228mm x 174mm x 59mm)<\/td>\n<\/tr>\n<tr>\n<td>Peso<\/td>\n<td>1 lbs 12 oz (80 kg.)<\/td>\n<\/tr>\n<\/tbody>\n<\/table>\n","protected":false},"excerpt":{"rendered":"<p><strong>Peculiaridades:<\/strong><\/p>\n<ul>\n<li>Las bater\u00edas dejan una funci\u00f3n continua (hasta 48 horas) a lo largo de fallas de energ\u00eda.<\/li>\n<li>Seleccione rotaci\u00f3n simple o continua de la grafica.<\/li>\n<li>La sonda de acero inoxidable permite medir la temperatura del aire, gas, l\u00edquidos, polvos, y semi-s\u00f3lidos.<\/li>\n<\/ul>\n","protected":false},"featured_media":7344,"template":"","meta":[],"product_cat":[16],"product_tag":[],"class_list":["post-7343","product","type-product","status-publish","has-post-thumbnail","hentry","product_cat-uncategorized"],"_links":{"self":[{"href":"https:\/\/calibracion.com.mx\/tienda\/wp-json\/wp\/v2\/product\/7343","targetHints":{"allow":["GET"]}}],"collection":[{"href":"https:\/\/calibracion.com.mx\/tienda\/wp-json\/wp\/v2\/product"}],"about":[{"href":"https:\/\/calibracion.com.mx\/tienda\/wp-json\/wp\/v2\/types\/product"}],"wp:featuredmedia":[{"embeddable":true,"href":"https:\/\/calibracion.com.mx\/tienda\/wp-json\/wp\/v2\/media\/7344"}],"wp:attachment":[{"href":"https:\/\/calibracion.com.mx\/tienda\/wp-json\/wp\/v2\/media?parent=7343"}],"wp:term":[{"taxonomy":"product_cat","embeddable":true,"href":"https:\/\/calibracion.com.mx\/tienda\/wp-json\/wp\/v2\/product_cat?post=7343"},{"taxonomy":"product_tag","embeddable":true,"href":"https:\/\/calibracion.com.mx\/tienda\/wp-json\/wp\/v2\/product_tag?post=7343"}],"curies":[{"name":"wp","href":"https:\/\/api.w.org\/{rel}","templated":true}]}}