{"id":7345,"date":"2024-01-10T19:48:45","date_gmt":"2024-01-10T19:48:45","guid":{"rendered":"https:\/\/calibracion.com.mx\/tienda\/?post_type=product&#038;p=7345"},"modified":"2024-01-10T19:49:20","modified_gmt":"2024-01-10T19:49:20","slug":"registrador-de-graficos-circulares-de-temperatura-humedad-punto-de-rocio-modelo-14013-14014","status":"publish","type":"product","link":"https:\/\/calibracion.com.mx\/tienda\/registrador-de-graficos-circulares-de-temperatura-humedad-punto-de-rocio-modelo-14013-14014\/","title":{"rendered":"Registrador de gr\u00e1ficos circulares de temperatura-humedad-punto de roc\u00edo Modelo 14013, 14014"},"content":{"rendered":"<ul>\n<li>Adem\u00e1s de esto tiene un respaldo de la bater\u00eda por 48 horas en el caso de fallo en la alimentaci\u00f3n.<\/li>\n<\/ul>\n<p>&nbsp;<\/p>\n<p>Aplicaciones : Instalaciones de Almacenamiento Refrigerado, Invernaderos, Instalaciones de Producci\u00f3n de Animales Vivos, Salas de Procesamiento, Laboratorios.<br \/>\nEl Term\u00f3grafo Circular de Temperatura \/ Humedad \/ Punto de Roc\u00edo de DeltaTrak, Modelo 14013 (110V) y el Modelo 14014 (220V), dan el monitoreo simultaneo de la temperatura y humedad relativa. Este term\u00f3grafo est\u00e1 disponible en cuatro velocidades de gr\u00e1ficos diferentes : 12 horas, 24 horas , 7 d\u00edas y 31 d\u00edas. Los gr\u00e1ficos est\u00e1n libres en escala \u00baF o \u00baC. El rango de grabaci\u00f3n del registrador gr\u00e1fico de temperatura es de -30 \u00b0C ~ 50 \u00b0C ( -20 \u00b0F ~ 120 \u00b0F) y con diez %-90% HR. El term\u00f3grafo circular tambi\u00e9n calcula el punto de roc\u00edo. Hay un display LCD de de simple lectura y una funci\u00f3n de alarma audible de funci\u00f3n completa para las variantes de temperatura.<\/p>\n<p>La copia de seguridad de la bater\u00eda de 48 horas proporciona energ\u00eda y asegura el desempe\u00f1o del registrador de temperatura a lo largo de la p\u00e9rdida temporal de energ\u00eda.<\/p>\n<p>El term\u00f3grafo circular utiliza un l\u00e1piz rojo para hacer el seguimiento de temperatura y un bol\u00edgrafo azul para seguir la humedad, graba permanentemente estas medidas en un papel gr\u00e1fico de 6 pulgadas (165mm) de di\u00e1metro. La nutrici\u00f3n se suministra al registrador de temperatura a trav\u00e9s de un adaptador de plug-in de 110V AC 50\/60 Hz para el Modelo 14013 y un adaptador de 220V AC para el Modelo 14014. La fuente de nutrici\u00f3n externa puede ser suministrada desde cualquier fuente de 12V DC as\u00ed como las bater\u00edas para autom\u00f3viles , marinas u otra bater\u00eda.<\/p>\n<p>Las aplicaciones para este registrador gr\u00e1fico de temperatura incluyen a las instalaciones de almacenamiento refrigerado, invernaderos, instalaciones de producci\u00f3n de animales vivos, salas de proceso y laboratorios.<\/p>\n<p>&nbsp;<\/p>\n<table>\n<caption>Modelo 14013-14014 Registrador de gr\u00e1ficos con sensor de temperatura\/humedad\/punto de roc\u00edo<\/caption>\n<thead>\n<tr>\n<th scope=\"col\">Caracter\u00edstica<\/th>\n<th scope=\"col\">Especificaci\u00f3n<\/th>\n<\/tr>\n<\/thead>\n<tfoot>\n<tr>\n<td colspan=\"2\"><\/td>\n<\/tr>\n<\/tfoot>\n<tbody>\n<tr>\n<td>Rango de temperatura ambiente<\/td>\n<td>0 a +50\u00b0C (+32\u00b0F a +120\u00b0F)<\/td>\n<\/tr>\n<tr>\n<td>Temperatura de Almacenamiento<\/td>\n<td>-18\u00b0C a +50\u00b0C (0\u00b0F a +120\u00b0F)<\/td>\n<\/tr>\n<tr>\n<td>Energ\u00eda Primaria<\/td>\n<td>Modelo 14013 \u2013 110VAC, 50\/60 Hz Adaptador enchufable. Modelo 14014 \u2013 220-240VAC, adaptador de 50 Hz.<\/td>\n<\/tr>\n<tr>\n<td>Respaldo Opcional de Energ\u00eda<\/td>\n<td>8 bater\u00edas alcalinas AA (Aprox. 48 Horas)<\/td>\n<\/tr>\n<tr>\n<td>Precisi\u00f3n de la Temperatura<\/td>\n<td>+\/- 1\u00b0C\u00a0 (+\/- 2\u00b0F)<\/td>\n<\/tr>\n<tr>\n<td>Rango de Humedad Relativa<\/td>\n<td>10-90%<\/td>\n<\/tr>\n<tr>\n<td>Precisi\u00f3n de Humedad Relativa<\/td>\n<td>+\/- 3% de 20% a 80% @\u00a025\u00b0C (77.0\u00b0F)<\/td>\n<\/tr>\n<tr>\n<td>Intervalo del Punto de Roc\u00edo<\/td>\n<td>De 0 \u00b0C a +50 \u00b0C (de +32 \u00b0F a +130 \u00b0F)<\/td>\n<\/tr>\n<tr>\n<td>Sensor<\/td>\n<td>En combinaci\u00f3n con la Temperatura\/Humedad con un cable de 6 pies. (la extensi\u00f3n del cable est\u00e1 disponible)<\/td>\n<\/tr>\n<tr>\n<td>Gr\u00e1fico<\/td>\n<td>Gr\u00e1fico Circular de 6 pulg.<\/td>\n<\/tr>\n<tr>\n<td>Velocidades de Rotaci\u00f3n del Gr\u00e1fico<\/td>\n<td>31 D\u00edas, 7 D\u00edas, 24 Horas, 12 Horas, 6 Horas, 3 Horas \u00f3<br \/>\n1.5 Horas<\/td>\n<\/tr>\n<tr>\n<td>Modo de Rotaci\u00f3n de Gr\u00e1fico<\/td>\n<td>Seleccionable por el usuario \u2014 Una sola vuelta o Continuo<\/td>\n<\/tr>\n<tr>\n<td>Precisi\u00f3n de la Velocidad del Gr\u00e1fico<\/td>\n<td>+\/- 1%<\/td>\n<\/tr>\n<tr>\n<td>Pantalla<\/td>\n<td>Pantalla LCD alfanum\u00e9rica con luz de fondo, 16 caracteres y 2 l\u00edneas<\/td>\n<\/tr>\n<tr>\n<td>Intervalo de la Alarma de Temperatura<\/td>\n<td>-20\u00b0F a +120\u00b0F (-30\u00b0C a +50\u00b0C)<\/td>\n<\/tr>\n<tr>\n<td>Intervalo de Retraso de la Alarma<\/td>\n<td>Seleccionable por el usuario: Sin Retraso, 10 Min., 30 Min., 1 Hr. o 2 Hr.<\/td>\n<\/tr>\n<tr>\n<td>Conexi\u00f3n de Alarma Remota<\/td>\n<td>Contactos normalmente abiertos 48V AC\/ DC, 0.1 Amp., contactos secos<\/td>\n<\/tr>\n<tr>\n<td>Montaje<\/td>\n<td>Vertical u Horizontal; De pie o montado en la pared<\/td>\n<\/tr>\n<tr>\n<td>Dimensiones<\/td>\n<td>23,5 cm x 18,4 cm x 6,9 cm (9,25\u2033 x 7,25\u2033 x 2,75\u2033)<\/td>\n<\/tr>\n<tr>\n<td>Peso<\/td>\n<td>1. 133 kg (2,5 lb)<\/td>\n<\/tr>\n<tr>\n<td>Consumo de Energ\u00eda<\/td>\n<td>3.5 Watts m\u00e1ximo<\/td>\n<\/tr>\n<\/tbody>\n<\/table>\n","protected":false},"excerpt":{"rendered":"<h5><strong>Peculiaridades:<\/strong><\/h5>\n<ul>\n<li>Incluye una alarma de funci\u00f3n completa.<\/li>\n<li>Deltatrak tiene a disposici\u00f3n el registrador de 110V \u2013 Modelo 14013 y el registrador de 220V \u2013 Modelo 14014.<\/li>\n<li>Tiene una pantalla LCD de f\u00e1cil lectura exhibe la temperatura y la humedad.<\/li>\n<\/ul>\n","protected":false},"featured_media":7346,"template":"","meta":[],"product_cat":[16],"product_tag":[],"class_list":["post-7345","product","type-product","status-publish","has-post-thumbnail","hentry","product_cat-uncategorized"],"_links":{"self":[{"href":"https:\/\/calibracion.com.mx\/tienda\/wp-json\/wp\/v2\/product\/7345","targetHints":{"allow":["GET"]}}],"collection":[{"href":"https:\/\/calibracion.com.mx\/tienda\/wp-json\/wp\/v2\/product"}],"about":[{"href":"https:\/\/calibracion.com.mx\/tienda\/wp-json\/wp\/v2\/types\/product"}],"wp:featuredmedia":[{"embeddable":true,"href":"https:\/\/calibracion.com.mx\/tienda\/wp-json\/wp\/v2\/media\/7346"}],"wp:attachment":[{"href":"https:\/\/calibracion.com.mx\/tienda\/wp-json\/wp\/v2\/media?parent=7345"}],"wp:term":[{"taxonomy":"product_cat","embeddable":true,"href":"https:\/\/calibracion.com.mx\/tienda\/wp-json\/wp\/v2\/product_cat?post=7345"},{"taxonomy":"product_tag","embeddable":true,"href":"https:\/\/calibracion.com.mx\/tienda\/wp-json\/wp\/v2\/product_tag?post=7345"}],"curies":[{"name":"wp","href":"https:\/\/api.w.org\/{rel}","templated":true}]}}