{"id":7352,"date":"2024-01-10T20:05:07","date_gmt":"2024-01-10T20:05:07","guid":{"rendered":"https:\/\/calibracion.com.mx\/tienda\/?post_type=product&#038;p=7352"},"modified":"2024-01-10T20:05:08","modified_gmt":"2024-01-10T20:05:08","slug":"flashlink-now-4g-5g-registrador-en-transito-en-tiempo-real-modelo-22390","status":"publish","type":"product","link":"https:\/\/calibracion.com.mx\/tienda\/flashlink-now-4g-5g-registrador-en-transito-en-tiempo-real-modelo-22390\/","title":{"rendered":"Flashlink now 4g-5g registrador en tr\u00e1nsito en tiempo real Modelo 22390"},"content":{"rendered":"<ul>\n<li>Las opciones de servicio de rastreo a\u00e9reo y mar\u00edtimo garantizan el ingreso a distintas modos de datos integrados de la cadena de suministro.<\/li>\n<li>La plataforma FlashTrak Cloud Service da diferentes niveles de ingreso para mejorar la experiencia del usuario y la integraci\u00f3n de la Interfaz de programaci\u00f3n de aplicaciones en los sistemas del cliente.<\/li>\n<li>Los sensores de luz lo alertan sobre accesos de seguridad no planificados que dismuyen y evitan probables hurtos de art\u00edculos durante el transporte.<\/li>\n<li>Opci\u00f3n USB para bajar datos de viaje en PDF en caso de que la red GSM no est\u00e9 disponible.<\/li>\n<li>El software receptor FlashTrak deja a los remitentes personalizar el acceso a las notificaciones y las condiciones de env\u00edo.<\/li>\n<\/ul>\n<h5><strong>Aplicaciones:<\/strong><\/h5>\n<p>Los sensores de luz lo alertan sobre accesos de seguridad no planeados que reducen y evitan posibles hurtos de modelos a lo largo del transporte Las opciones de servicio de seguimiento a\u00e9reo y mar\u00edtimo garantizan el acceso a diferentes modos de datos integrados de la cadena de suministro.<\/p>\n<p>Monitoreo en el mismo instante de embarques locales y de exportaci\u00f3n, duraci\u00f3n del viaje hasta 60 d\u00edas.<br \/>\nNueva generaci\u00f3n de registradores en el mismo instante , con comunicaci\u00f3n celular global con LCD que usan 4G\/5G LTE con respaldo 2G<\/p>\n<p>Supervisa la localizaci\u00f3n , la temperatura y la luz.<\/p>\n<p>Administre de manera proactiva la ubicaci\u00f3n y las condiciones del env\u00edo para reducir el peligro de p\u00e9rdida de productos gracias a variaciones de temperatura.<\/p>\n<p>La interfaz FlashTrak Cloud Service da diferentes niveles de ingreso para mejorar la experiencia del usuario y la integraci\u00f3n de la Interfaz de programaci\u00f3n de aplicaciones en los sistemas del cliente.<\/p>\n<p>El software receptor FlashTrak deja a los remitentes ajustar el acceso a las alertas y las condiciones de env\u00edo Opci\u00f3n USB para descargar datos de viaje en PDF en el caso de que la red GSM no est\u00e9 libre.<\/p>\n<p>&nbsp;<\/p>\n<table>\n<caption>Registrador en tr\u00e1nsito FlashLink RTL Prime<\/caption>\n<thead>\n<tr>\n<th scope=\"col\">Funci\u00f3n<\/th>\n<th scope=\"col\">Especificaci\u00f3n<\/th>\n<\/tr>\n<\/thead>\n<tfoot>\n<tr>\n<td colspan=\"2\"><\/td>\n<\/tr>\n<\/tfoot>\n<tbody>\n<tr>\n<td>Rango de temperatura<\/td>\n<td>-30 \u00b0C a 70 \u00b0C (-22 \u00b0F a 158 \u00b0F)<\/td>\n<\/tr>\n<tr>\n<td>Precisi\u00f3n de temperatura<\/td>\n<td>\u00b10.5\u00b0C -10\u00b0C a 45\u00b0C (\u00b10.9\u00b0F 14\u00b0F a 113\u00b0F) \u00b11.0\u00b0C<br \/>\n(2.0\u00b0F)<br \/>\nOtros<\/td>\n<\/tr>\n<tr>\n<td>Resoluci\u00f3n de temperatura<\/td>\n<td>0.1\u00b0C\/\u00b0F<\/td>\n<\/tr>\n<tr>\n<td>Tipo de sensor de temperatura<\/td>\n<td>Sensor de temperatura digital interno (trazable por NIST)<\/td>\n<\/tr>\n<tr>\n<td>Gama de sensores de luz<\/td>\n<td>0 a 52000 lux<\/td>\n<\/tr>\n<tr>\n<td>Precisi\u00f3n de detecci\u00f3n de luz<\/td>\n<td>0,01 lux<\/td>\n<\/tr>\n<tr>\n<td>Tipo de uso<\/td>\n<td>De un solo uso<\/td>\n<\/tr>\n<tr>\n<td>Capacidad de datos<\/td>\n<td>Max 28800 lecturas<\/td>\n<\/tr>\n<tr>\n<td>Intervalo de registro<\/td>\n<td>10 min.<\/td>\n<\/tr>\n<tr>\n<td>Intervalo de carga de datos<\/td>\n<td>60 min.<\/td>\n<\/tr>\n<tr>\n<td>Duraci\u00f3n del viaje<\/td>\n<td>60 d\u00edas (basado en intervalos de registro y carga)<\/td>\n<\/tr>\n<tr>\n<td>Tel\u00e9fono celular<\/td>\n<td>Global LTE Cat-1 para red 4G\/5G, con respaldo 2G<\/td>\n<\/tr>\n<tr>\n<td>S\u00cd<\/td>\n<td>Integrado interno (itinerancia global de datos)<\/td>\n<\/tr>\n<tr>\n<td>Fuente de alimentaci\u00f3n<\/td>\n<td>Bater\u00eda de iones de litio, cumple con UN38.3<\/td>\n<\/tr>\n<tr>\n<td>Vida \u00fatil de la bater\u00eda<\/td>\n<td>1 a\u00f1o<\/td>\n<\/tr>\n<tr>\n<td>Dimensiones del registrador<\/td>\n<td>103 mm x 61,3 mm x 30 mm (4,05 pulgadas x 2,41 pulgadas x 1,18 pulgadas)<\/td>\n<\/tr>\n<tr>\n<td>Peso<\/td>\n<td>4,6 onzas (130 gramos)<\/td>\n<\/tr>\n<tr>\n<td>Clasificaci\u00f3n impermeable<\/td>\n<td>IP64<\/td>\n<\/tr>\n<tr>\n<td>Certificaci\u00f3n<\/td>\n<td>Precisi\u00f3n de temperatura rastreable FCC, RoHS, NIST<\/td>\n<\/tr>\n<tr>\n<td>Copia de seguridad de informes en PDF<\/td>\n<td>Cable micro USB a USB para descargar el informe completo del viaje en PDF<\/td>\n<\/tr>\n<\/tbody>\n<\/table>\n","protected":false},"excerpt":{"rendered":"<h5><strong>Caracter\u00edsticas:<\/strong><\/h5>\n<ul>\n<li>Supervisa la localizaci\u00f3n , la temperatura y la luz. Administre de forma proactiva la ubicaci\u00f3n y las condiciones del env\u00edo para achicar el peligro de p\u00e9rdida de productos debido a variaciones de temperatura.<\/li>\n<li>Pr\u00f3xima generaci\u00f3n de registradores en el mismo instante de comunicaciones celulares globales con LCD que utilizan 4G\/5G LTE con respaldo 2G.<\/li>\n<\/ul>\n","protected":false},"featured_media":7353,"template":"","meta":[],"product_cat":[16],"product_tag":[],"class_list":["post-7352","product","type-product","status-publish","has-post-thumbnail","hentry","product_cat-uncategorized"],"_links":{"self":[{"href":"https:\/\/calibracion.com.mx\/tienda\/wp-json\/wp\/v2\/product\/7352","targetHints":{"allow":["GET"]}}],"collection":[{"href":"https:\/\/calibracion.com.mx\/tienda\/wp-json\/wp\/v2\/product"}],"about":[{"href":"https:\/\/calibracion.com.mx\/tienda\/wp-json\/wp\/v2\/types\/product"}],"wp:featuredmedia":[{"embeddable":true,"href":"https:\/\/calibracion.com.mx\/tienda\/wp-json\/wp\/v2\/media\/7353"}],"wp:attachment":[{"href":"https:\/\/calibracion.com.mx\/tienda\/wp-json\/wp\/v2\/media?parent=7352"}],"wp:term":[{"taxonomy":"product_cat","embeddable":true,"href":"https:\/\/calibracion.com.mx\/tienda\/wp-json\/wp\/v2\/product_cat?post=7352"},{"taxonomy":"product_tag","embeddable":true,"href":"https:\/\/calibracion.com.mx\/tienda\/wp-json\/wp\/v2\/product_tag?post=7352"}],"curies":[{"name":"wp","href":"https:\/\/api.w.org\/{rel}","templated":true}]}}