{"id":7367,"date":"2024-01-10T20:52:29","date_gmt":"2024-01-10T20:52:29","guid":{"rendered":"https:\/\/calibracion.com.mx\/tienda\/?post_type=product&#038;p=7367"},"modified":"2024-01-10T20:52:30","modified_gmt":"2024-01-10T20:52:30","slug":"flashlink-rtl-prime-3g-cryo-in-transit-logger-modelo-22368","status":"publish","type":"product","link":"https:\/\/calibracion.com.mx\/tienda\/flashlink-rtl-prime-3g-cryo-in-transit-logger-modelo-22368\/","title":{"rendered":"Flashlink rtl prime 3g cryo in-transit logger Modelo 22368"},"content":{"rendered":"<ul>\n<li>No es necesario abrir la caja de env\u00edo o la puerta del veh\u00edculo para leer los datos.<\/li>\n<li>Datos de ubicaci\u00f3n trazados en los Mapas de Google plus.<\/li>\n<li>Alerta de sensor de luz cuando se abren las puertas de la caja o del veh\u00edculo para su mayor seguridad.<\/li>\n<li>La memoria integrada registra datos cada 10 minutos.<\/li>\n<li>Opci\u00f3n para descargar el informe PDF a la PC con un cable USB.<\/li>\n<li>Vida \u00fatil de la bater\u00eda de 12 meses.<\/li>\n<\/ul>\n<h5><b>Aplicaciones:<\/b><\/h5>\n<p>Monitoreo en tiempo real de env\u00edos de hielo seco y criog\u00e9nico.<\/p>\n<p>El registrador en tr\u00e1nsito Crio FlashLink RTL Prime 3G monitorea e comunica la temperatura, la localizaci\u00f3n y la luz a lo largo del transporte de art\u00edculos perecederos sensibles a la temperatura. Realice un rastreo de las entregas a trav\u00e9s de un servicio basado en la nube para poder ver la informaci\u00f3n y las condiciones de la ruta en el mismo instante en un cami\u00f3n o avi\u00f3n. El registrador en tr\u00e1nsito Crio FlashLink RTL Prime 3G proporciona reportes en tiempo real , adem\u00e1s de una backup en PDF cuando no hay servicio del celular libre.<\/p>\n<p>Este fiable registrador de datos de un uso , env\u00eda datos de viaje a intervalos regulares a la nube, donde siempre y en todo momento est\u00e1n disponibles. Una mayor vida \u00fatil de la bater\u00eda de 12 meses, respaldo en PDF para informes de viaje y una exclusiva funci\u00f3n de modo de vuelo le dan a este registrador la aptitud de convertirse en l\u00edder para rastrear env\u00edos en cualquier lugar. Un tablero de control on line , hace que los datos est\u00e9n disponibles para los remitentes en todo momento , aun antes de que un env\u00edo llegue al muelle de recepci\u00f3n.<\/p>\n<h4 class=\"rl_tabs-title nn_tabs-title\"><strong>Modelos:<\/strong><\/h4>\n<table style=\"height: 57px;\" width=\"668\">\n<tbody>\n<tr>\n<th>Modelo<\/th>\n<th>Duraci\u00f3n del Viaje<\/th>\n<th>Intervalo de registro<\/th>\n<th>Intervalo de Carga de Datos<\/th>\n<\/tr>\n<tr>\n<td>22368<\/td>\n<td>60 D\u00edas<\/td>\n<td>10 Minutos<\/td>\n<td>120 Minutos<\/td>\n<\/tr>\n<\/tbody>\n<\/table>\n<p>&nbsp;<\/p>\n<p>&nbsp;<\/p>\n<table style=\"height: 534px;\" width=\"988\">\n<caption>FlashLink\u00a0RTL Prime 3G Cryo In-Transit Logger<\/caption>\n<thead>\n<tr>\n<th scope=\"col\">Funci\u00f3n<\/th>\n<th scope=\"col\">Especificaci\u00f3n<\/th>\n<\/tr>\n<\/thead>\n<tfoot>\n<tr>\n<td colspan=\"2\"><\/td>\n<\/tr>\n<\/tfoot>\n<tbody>\n<tr>\n<td>Rango de Medici\u00f3n de la sonda externa<\/td>\n<td>-328\u00b0F a 212\u00b0F (-200\u00b0C a 100\u00b0C)<\/td>\n<\/tr>\n<tr>\n<td>Rango de Operaci\u00f3n<\/td>\n<td>-13\u00b0F a 158\u00b0F (-25\u00b0C a 70\u00b0C)<\/td>\n<\/tr>\n<tr>\n<td>Precisi\u00f3n de la Temperatura<\/td>\n<td>\u00b10.9\u00b0F\u00a0de 14\u00baF a 113\u00baF (\u00b10.5\u00b0C de -10\u00b0C a 45\u00b0C) \u00b12\u00b0F (\u00b11\u00baC) otro<\/td>\n<\/tr>\n<tr>\n<td>Resoluci\u00f3n de Temperatura<\/td>\n<td>0.1 \u00baF\/\u00baC<\/td>\n<\/tr>\n<tr>\n<td>Sensor de Luz<\/td>\n<td>Sensor de doble etapa<\/td>\n<\/tr>\n<tr>\n<td>Capacidad de Datos<\/td>\n<td>28,800 puntos de datos<\/td>\n<\/tr>\n<tr>\n<td>Intervalo de registro<\/td>\n<td>10 minutos<\/td>\n<\/tr>\n<tr>\n<td>Intervalo de carga de datos programable de f\u00e1brica<\/td>\n<td>120 minutos<\/td>\n<\/tr>\n<tr>\n<td>Duraci\u00f3n del registro programable de f\u00e1brica<\/td>\n<td>60 d\u00edas<\/td>\n<\/tr>\n<tr>\n<td>Rojo GSM<\/td>\n<td>3G: cobertura global de banda 1\/2\/4\/5\/8<br \/>\n2G:\u00a0GSM de cuatro bandas 850\/900\/1800\/1900 MHz<\/td>\n<\/tr>\n<tr>\n<td>S\u00cd<\/td>\n<td>Integrado interno (Roaming Internacional)<\/td>\n<\/tr>\n<tr>\n<td>Fuente de Poder<\/td>\n<td>Bater\u00eda de iones de litio, cumple con UN38.3<\/td>\n<\/tr>\n<tr>\n<td>Vida \u00datil de la Bater\u00eda<\/td>\n<td>1 a\u00f1o<\/td>\n<\/tr>\n<tr>\n<td>Peso del Registrador<\/td>\n<td>3.63 onzas (103 gramos) (sin cable\/sonda)<\/td>\n<\/tr>\n<tr>\n<td>Dimensiones del Registrador<\/td>\n<td>2.32 pulg x 4.02 pulg x 0.75 pulg (59 mm x 102 mm x 20mm)<\/td>\n<\/tr>\n<tr>\n<td>Tama\u00f1o de la Sonda<\/td>\n<td>2.36 pulg de largo x 0.15 pulg de di\u00e1metro (6cm largo x 0.4cm di\u00e1metro)<br \/>\nAcero inoxidable, punta chata<\/td>\n<\/tr>\n<tr>\n<td>Cable<\/td>\n<td>3.3 pies \/ 1 metro de FEP<\/td>\n<\/tr>\n<tr>\n<td>Certificaci\u00f3n<\/td>\n<td>RTCA\/DO-160, FCC, CE Mark, RoHS, WEEE, precisi\u00f3n de temperatura rastreable por NIST.<\/td>\n<\/tr>\n<tr>\n<td>Requisitos del sistema<\/td>\n<td>El registrador requiere una conexi\u00f3n de red celular para enviar datos a una aplicaci\u00f3n segura en la nube.\u00a0El usuario requiere de una PC u otro dispositivo habilitado con\u00a0Internet para ver los datos en l\u00ednea.<\/td>\n<\/tr>\n<tr>\n<td>Copia de seguridad en PDF<\/td>\n<td>Cable micro USB a\u00a0USB para descargar a la\u00a0PC u otro dispositivo habilitado para USB que pueda leer archivos PDF<\/td>\n<\/tr>\n<tr>\n<td>Clasificaci\u00f3n Impermeable<\/td>\n<td>IP65<\/td>\n<\/tr>\n<\/tbody>\n<\/table>\n","protected":false},"excerpt":{"rendered":"<h5><strong>Caracter\u00edsticas:<\/strong><\/h5>\n<ul>\n<li>El sensor de afuera rastrea la temperatura de los productos.<\/li>\n<li>Chequeo de la temperatura ultrabaja durante el almacenamiento y el transporte, utilizando hielo seco o nitr\u00f3geno l\u00edquido.<\/li>\n<\/ul>\n<p>&nbsp;<\/p>\n","protected":false},"featured_media":7368,"template":"","meta":[],"product_cat":[16],"product_tag":[],"class_list":["post-7367","product","type-product","status-publish","has-post-thumbnail","hentry","product_cat-uncategorized"],"_links":{"self":[{"href":"https:\/\/calibracion.com.mx\/tienda\/wp-json\/wp\/v2\/product\/7367","targetHints":{"allow":["GET"]}}],"collection":[{"href":"https:\/\/calibracion.com.mx\/tienda\/wp-json\/wp\/v2\/product"}],"about":[{"href":"https:\/\/calibracion.com.mx\/tienda\/wp-json\/wp\/v2\/types\/product"}],"wp:featuredmedia":[{"embeddable":true,"href":"https:\/\/calibracion.com.mx\/tienda\/wp-json\/wp\/v2\/media\/7368"}],"wp:attachment":[{"href":"https:\/\/calibracion.com.mx\/tienda\/wp-json\/wp\/v2\/media?parent=7367"}],"wp:term":[{"taxonomy":"product_cat","embeddable":true,"href":"https:\/\/calibracion.com.mx\/tienda\/wp-json\/wp\/v2\/product_cat?post=7367"},{"taxonomy":"product_tag","embeddable":true,"href":"https:\/\/calibracion.com.mx\/tienda\/wp-json\/wp\/v2\/product_tag?post=7367"}],"curies":[{"name":"wp","href":"https:\/\/api.w.org\/{rel}","templated":true}]}}