{"id":7379,"date":"2024-01-10T21:06:15","date_gmt":"2024-01-10T21:06:15","guid":{"rendered":"https:\/\/calibracion.com.mx\/tienda\/?post_type=product&#038;p=7379"},"modified":"2024-01-10T21:08:44","modified_gmt":"2024-01-10T21:08:44","slug":"registrador-en-transito-flashlink-rtl-prime-3g-temperatura-humedad-luz-golpes-modelo-22369","status":"publish","type":"product","link":"https:\/\/calibracion.com.mx\/tienda\/registrador-en-transito-flashlink-rtl-prime-3g-temperatura-humedad-luz-golpes-modelo-22369\/","title":{"rendered":"Registrador en tr\u00e1nsito flashlink rtl prime 3g, temperatura, humedad, luz, golpes Modelo 22369"},"content":{"rendered":"<ul>\n<li>No es requisito abrir la caja de env\u00edo o la puerta del veh\u00edculo para leer los datos.<\/li>\n<li>Opci\u00f3n para bajar el informe en PDF a la PC con un cable USB.<\/li>\n<li>Los datos se cargan autom\u00e1ticamente al servicio en la nube 24 h cada d\u00eda , 7 d\u00edas por semana.<\/li>\n<li>El sensor de encontronazo descubre el encontronazo f\u00edsico y la vibraci\u00f3n.<\/li>\n<li>Memoria integrada que registra datos cada diez minutos.<\/li>\n<\/ul>\n<h5><strong>Aplicaciones :<\/strong><\/h5>\n<p>RTL Prime 3G da los beneficios de un registrador 2 en 1 con informes en el mismo instante y una backup en PDF en el momento en que no hay servicio celular disponible.<\/p>\n<p>Monitoreo en el mismo instante de env\u00edos sensibles a la temperatura y la humedad.<\/p>\n<p>El registrador en tr\u00e1nsito 22369 FlashLink RTL Prime 3G monitorea e informa la temperatura, la humedad, la luz, los golpes y la ubicaci\u00f3n a lo largo del transporte, y es en especial importante para seguir art\u00edculos sensibles a la humedad.<\/p>\n<p>Un servicio apoyado en la nube exhibe informaci\u00f3n y condiciones de ruta en tiempo real en un contenedor de env\u00edo o cami\u00f3n.<\/p>\n<p>El sensor de luz da seguridad adicional al mandar alertas que podr\u00edan indicar manipulaci\u00f3n de la carga o inspecciones de llegada.<\/p>\n<p>Un sensor de impacto registra cuando se descubre una fuerza f\u00edsica excesiva.<\/p>\n<p>Este registrador de datos de un uso manda datos de viaje a intervalos regulares a una aplicaci\u00f3n en la nube donde siempre est\u00e1 disponible.<\/p>\n<p>Panel de control on-line f\u00e1cil de usar provoca que los datos est\u00e9n libres para los expedidores las 24 h del d\u00eda, los 7 d\u00edas de la semana, incluso antes de que un env\u00edo llegue al puerto de recepci\u00f3n.<\/p>\n<p>Backup en PDF a bordo para los informes de viaje y la funci\u00f3n de modo de vuelo da a los remitentes la ventaja para el rastreo de los env\u00edos.<\/p>\n<h4 class=\"rl_tabs-title nn_tabs-title\"><strong>Modelos:<\/strong><\/h4>\n<table style=\"height: 55px;\" width=\"810\">\n<tbody>\n<tr>\n<th>Modelo<\/th>\n<th>Duraci\u00f3n de registro<\/th>\n<th>Intervalo de registro<\/th>\n<th>Intervalo de subida de datos<\/th>\n<\/tr>\n<tr>\n<td>22369<\/td>\n<td>90 d\u00edas<\/td>\n<td>10 Minutos<\/td>\n<td>180 Minutos<\/td>\n<\/tr>\n<\/tbody>\n<\/table>\n<p>&nbsp;<\/p>\n<table style=\"height: 993px;\" width=\"801\">\n<caption>Registrador en tr\u00e1nsito FlashLink RTL Prime 3G, temperatura, humedad, luz, golpes<\/caption>\n<thead>\n<tr>\n<th scope=\"col\">Caracter\u00edstica<\/th>\n<th scope=\"col\">Detalles<\/th>\n<\/tr>\n<\/thead>\n<tfoot>\n<tr>\n<td colspan=\"2\"><\/td>\n<\/tr>\n<\/tfoot>\n<tbody>\n<tr>\n<td>Rango de medici\u00f3n<\/td>\n<td>-22\u00b0F a 158\u00b0F (-30\u00b0C a 70\u00b0C)<\/td>\n<\/tr>\n<tr>\n<td>Precisi\u00f3n de temperatura<\/td>\n<td>\u00b10.9\u00b0F de 14\u00baF a 113\u00baF (\u00b10.5\u00b0C de -10\u00b0C a 45\u00b0C) \u00b12\u00b0F (\u00b11\u00baC) otra<\/td>\n<\/tr>\n<tr>\n<td>Resoluci\u00f3n de temperatura<\/td>\n<td>0.1 \u00baF\/\u00baC<\/td>\n<\/tr>\n<tr>\n<td>Rango de medici\u00f3n de humedad<\/td>\n<td>5% a 95% HR<\/td>\n<\/tr>\n<tr>\n<td>Precisi\u00f3n de humedad<\/td>\n<td>\u00b15% de 20% a 80% RH, \u00b17% &lt;20% y &gt;80%<\/td>\n<\/tr>\n<tr>\n<td>Rango del sensor de luz<\/td>\n<td>0 a 1769 Lux, Sensor de doble nivel<\/td>\n<\/tr>\n<tr>\n<td>Rango de medidor de vibraci\u00f3n<\/td>\n<td>0G a 8G<\/td>\n<\/tr>\n<tr>\n<td>Capacidad de datos<\/td>\n<td>28,800 puntos de registro<\/td>\n<\/tr>\n<tr>\n<td>Intervalo de registro<\/td>\n<td>10 minutos<\/td>\n<\/tr>\n<tr>\n<td>Intervalo de subida de datos<\/td>\n<td>180 minutos (programable de f\u00e1brica)<\/td>\n<\/tr>\n<tr>\n<td>Duraci\u00f3n de registro<\/td>\n<td>90 d\u00edas<\/td>\n<\/tr>\n<tr>\n<td>Rojo GSM<\/td>\n<td>3G: Banda 1\/2\/4\/5\/8 cobertura global 2G: Cuatri banda GSM 850\/900\/1800\/1900 MHz<\/td>\n<\/tr>\n<tr>\n<td>S\u00cd<\/td>\n<td>Integrado interno (Roaming de datos global)<\/td>\n<\/tr>\n<tr>\n<td>Fuente de energ\u00eda<\/td>\n<td>Bater\u00eda Lithium-ion , cumple con UN38.3<\/td>\n<\/tr>\n<tr>\n<td>Vida de la bater\u00eda<\/td>\n<td>90 d\u00edas<\/td>\n<\/tr>\n<tr>\n<td>Peso del registrador<\/td>\n<td>3.63 oz (103 gramos)<\/td>\n<\/tr>\n<tr>\n<td>Dimensiones del registrador<\/td>\n<td>2,58 pulgadas x 4,01 pulgadas x 0,73 pulgadas (65,5 mm x 103 mm x 18,5 mm)<\/td>\n<\/tr>\n<tr>\n<td>Clasificaci\u00f3n impermeable<\/td>\n<td>IP65<\/td>\n<\/tr>\n<tr>\n<td>Certificaci\u00f3n<\/td>\n<td>Precisi\u00f3n de temperatura rastreable FCC, CE Mark, RoHS, WEEE, NIST<\/td>\n<\/tr>\n<tr>\n<td>Requisitos del sistema<\/td>\n<td>Logger requiere una conexi\u00f3n de red celular para enviar datos a una aplicaci\u00f3n segura en la nube. El usuario requiere una PC u otro dispositivo habilitado para Internet para ver los datos en l\u00ednea<\/td>\n<\/tr>\n<tr>\n<td>Requisitos de descarga<\/td>\n<td>Cable micro USB a USB para descargar a PC u otro dispositivo habilitado para USB que pueda leer archivos PDF<\/td>\n<\/tr>\n<\/tbody>\n<\/table>\n","protected":false},"excerpt":{"rendered":"<h5><strong>Peculiaridades:<\/strong><\/h5>\n<ul>\n<li>Datos de localizaci\u00f3n trazados en Google plus Maps Alerta del sensor de luz en el momento en que se abren las puertas de la caja o del veh\u00edculo, para mayor seguridad.<\/li>\n<li>Controle la temperatura, la humedad, la luz y los golpes a lo largo del transporte y el almacenaje.<\/li>\n<\/ul>\n","protected":false},"featured_media":7383,"template":"","meta":[],"product_cat":[16],"product_tag":[],"class_list":["post-7379","product","type-product","status-publish","has-post-thumbnail","hentry","product_cat-uncategorized"],"_links":{"self":[{"href":"https:\/\/calibracion.com.mx\/tienda\/wp-json\/wp\/v2\/product\/7379","targetHints":{"allow":["GET"]}}],"collection":[{"href":"https:\/\/calibracion.com.mx\/tienda\/wp-json\/wp\/v2\/product"}],"about":[{"href":"https:\/\/calibracion.com.mx\/tienda\/wp-json\/wp\/v2\/types\/product"}],"wp:featuredmedia":[{"embeddable":true,"href":"https:\/\/calibracion.com.mx\/tienda\/wp-json\/wp\/v2\/media\/7383"}],"wp:attachment":[{"href":"https:\/\/calibracion.com.mx\/tienda\/wp-json\/wp\/v2\/media?parent=7379"}],"wp:term":[{"taxonomy":"product_cat","embeddable":true,"href":"https:\/\/calibracion.com.mx\/tienda\/wp-json\/wp\/v2\/product_cat?post=7379"},{"taxonomy":"product_tag","embeddable":true,"href":"https:\/\/calibracion.com.mx\/tienda\/wp-json\/wp\/v2\/product_tag?post=7379"}],"curies":[{"name":"wp","href":"https:\/\/api.w.org\/{rel}","templated":true}]}}