{"id":7399,"date":"2024-01-11T14:38:36","date_gmt":"2024-01-11T14:38:36","guid":{"rendered":"https:\/\/calibracion.com.mx\/tienda\/?post_type=product&#038;p=7399"},"modified":"2024-01-11T14:38:38","modified_gmt":"2024-01-11T14:38:38","slug":"registrador-usb-un-practico-aliado-para-las-mediciones-a-largo-plazo","status":"publish","type":"product","link":"https:\/\/calibracion.com.mx\/tienda\/registrador-usb-un-practico-aliado-para-las-mediciones-a-largo-plazo\/","title":{"rendered":"Registrador usb: un pr\u00e1ctico aliado para las mediciones a largo plazo"},"content":{"rendered":"<p>Al mismo tiempo , el monitoreo incesante de los datos sirve para detectar a tiempo las \u00e1reas problem\u00e1ticas. La medici\u00f3n y el registro precisos de los datos son coser y cantar con un registrador de datos USB. Gracias a su pr\u00e1ctica interfaz USB, el bulto de datos se puede leer directamente en el PC y investigar con el software pertinente.<\/p>\n<p>Los registradores de datos USB convencen por sus caracter\u00edsticas :<\/p>\n<p>uso sencillo : estacionario port\u00e1til;<br \/>\nregistro preciso de los datos;<br \/>\nintervalo de medici\u00f3n ajustable;<br \/>\nconexi\u00f3n r\u00e1pida al PC;<br \/>\nextensa selecci\u00f3n de instrumentos, como los registradores de datos de choque.<\/p>\n<h5><strong>Analizador USB: no se requiere mano de obra adicional<\/strong><\/h5>\n<p>Tanto en la industria de la nutrici\u00f3n como en los laboratorios de calibraci\u00f3n es preciso efectuar mediciones de manera constante y peri\u00f3dica, con lo que es casi imposible que un trabajador pueda encargarse de estas tareas. M\u00e1s all\u00e1 de que anteriormente se dispon\u00eda de bastante de mano de obra para asumir estas tareas, en la actualidad la creciente carga de trabajo debe ser cubierta por cada vez menos usados.<\/p>\n<p>Los registradores de datos de presi\u00f3n, temperatura y otros valores son la soluci\u00f3n perfecta , por el hecho de que el registro y el almacenaje de los datos se llevan a cabo de forma totalmente autom\u00e1tica y no necesitan la intervenci\u00f3n de los usados. La lectura de los datos se convierte pr\u00e1cticamente en una labor secundaria. En los controles de calidad internos o cuando sea obligaci\u00f3n registrar los datos de medici\u00f3n, los registradores de datos USB van a ser una soluci\u00f3n eficaz para una tarea que requiere bastante trabajo.<\/p>\n","protected":false},"excerpt":{"rendered":"<p>Registrador USB: un pr\u00e1ctico aliado para las mediciones en un largo plazo<br \/>\nEn multitud de \u00e1mbitos de trabajo es requisito registrar de forma continua y fiable datos relativos a factores como la temperatura o la humedad ambiental. Los protocolos de datos continuos y verificables son obligatorios, por ejemplo , en la industria de la nutrici\u00f3n.<\/p>\n","protected":false},"featured_media":7400,"template":"","meta":[],"product_cat":[16],"product_tag":[],"class_list":["post-7399","product","type-product","status-publish","has-post-thumbnail","hentry","product_cat-uncategorized"],"_links":{"self":[{"href":"https:\/\/calibracion.com.mx\/tienda\/wp-json\/wp\/v2\/product\/7399","targetHints":{"allow":["GET"]}}],"collection":[{"href":"https:\/\/calibracion.com.mx\/tienda\/wp-json\/wp\/v2\/product"}],"about":[{"href":"https:\/\/calibracion.com.mx\/tienda\/wp-json\/wp\/v2\/types\/product"}],"wp:featuredmedia":[{"embeddable":true,"href":"https:\/\/calibracion.com.mx\/tienda\/wp-json\/wp\/v2\/media\/7400"}],"wp:attachment":[{"href":"https:\/\/calibracion.com.mx\/tienda\/wp-json\/wp\/v2\/media?parent=7399"}],"wp:term":[{"taxonomy":"product_cat","embeddable":true,"href":"https:\/\/calibracion.com.mx\/tienda\/wp-json\/wp\/v2\/product_cat?post=7399"},{"taxonomy":"product_tag","embeddable":true,"href":"https:\/\/calibracion.com.mx\/tienda\/wp-json\/wp\/v2\/product_tag?post=7399"}],"curies":[{"name":"wp","href":"https:\/\/api.w.org\/{rel}","templated":true}]}}