{"id":7406,"date":"2024-01-11T14:57:33","date_gmt":"2024-01-11T14:57:33","guid":{"rendered":"https:\/\/calibracion.com.mx\/tienda\/?post_type=product&#038;p=7406"},"modified":"2024-01-11T14:57:35","modified_gmt":"2024-01-11T14:57:35","slug":"registrador-de-datos-de-acero-inoxidable-de-alta-temperatura-modelo-20629","status":"publish","type":"product","link":"https:\/\/calibracion.com.mx\/tienda\/registrador-de-datos-de-acero-inoxidable-de-alta-temperatura-modelo-20629\/","title":{"rendered":"Registrador de datos de acero inoxidable de alta temperatura Modelo 20629"},"content":{"rendered":"<h5><b>Aplicaciones:<\/b><\/h5>\n<p>Monitoreo de temperaturas extremas (altas y bajas), ambientes h\u00famedos, validaci\u00f3n en autoclave, procesamiento de alimentos (pasteurizaci\u00f3n, congelaci\u00f3n instant\u00e1nea, operaciones de Chill Blast).<\/p>\n<p>Este registrador s\u00f3lido y reutilizable est\u00e1 dise\u00f1ado para aplicaciones de chequeo de temperaturas extremas alta y baja. Funciona bien en entornos h\u00famedos, como la esterilizaci\u00f3n en retorta, la validaci\u00f3n en autoclave, y asimismo es para programas HACCP, procesamiento de alimentos, pasteurizaci\u00f3n, congelaci\u00f3n instant\u00e1nea y operaciones de chill blast. Su aguja externa recia ofrece un tiempo de contestaci\u00f3n r\u00e1pido , tiene un sensor de platino RTD para lecturas de alta precisi\u00f3n. El indicio de duraci\u00f3n de la bater\u00eda les deja a los individuos comprender cu\u00e1ndo mudar la bater\u00eda. Delta Manager es un software multiling\u00fce usado para programar los factores de registro, iniciando y deteniendo la unidad. Los datos se informan gr\u00e1ficamente y en formato de tabla de c\u00e1lculo, con an\u00e1lisis de resumen; tambi\u00e9n exporta a Excel para realizar mucho m\u00e1s c\u00e1lculos.<\/p>\n<p>El Registrador de Datos de Acero Inoxidable de Alta Temperatura es una unidad fuerte de alta precisi\u00f3n que necesita un m\u00ednimo cuidado. Es f\u00e1cil de desarrollar , instalar y descargar. La memoria no vol\u00e1til guarda hasta 32,700 puntos de datos, con lo que es ideal para el despliegue de campo en un largo plazo.<\/p>\n<p>&nbsp;<\/p>\n<table>\n<caption>Modelo 20629 Registrador de datos de acero inoxidable de alta temperatura<\/caption>\n<thead>\n<tr>\n<th scope=\"col\">Caracter\u00edstica<\/th>\n<th scope=\"col\">Especificaci\u00f3n<\/th>\n<\/tr>\n<\/thead>\n<tfoot>\n<tr>\n<td colspan=\"2\"><\/td>\n<\/tr>\n<\/tfoot>\n<tbody>\n<tr>\n<td>Rango de medici\u00f3n de la sonda<\/td>\n<td>-40\u00b0C a 140\u00b0C (-40\u00b0F a 284\u00b0F)<\/td>\n<\/tr>\n<tr>\n<td>Rango de funcionamiento del registrador<\/td>\n<td>-40\u00b0C\u00a0a 140\u00b0C (-40\u00b0F\u00a0a 284\u00b0F), 0\u00a0 a 100% R.H<br \/>\n0.002 a 100 PSIA El cuerpo del registrador no puede superar los 140 \u00b0C (284 \u00b0F)<\/td>\n<\/tr>\n<tr>\n<td>Sensor<\/td>\n<td>RTD de platino de 100 \u03a9<\/td>\n<\/tr>\n<tr>\n<td>Resoluci\u00f3n de temperatura<\/td>\n<td>0.01\u00b0C \/ 0.02\u00b0F<\/td>\n<\/tr>\n<tr>\n<td>Exactitud<\/td>\n<td>\u00b10.1\u00b0C 20\u00b0C a 140\u00b0C (\u00b10.18\u00b0F 68\u00b0F a 284\u00b0F) \u00b10.3\u00b0C -20\u00b0C a 19.99\u00b0C (\u00b10.54\u00b0F -4\u00b0F a 67.98\u00b0F) \u00b10.4\u00b0C -40\u00b0C a -20.01\u00b0C (\u00b10.72\u00b0F -40\u00b0F a -4.02\u00b0F)<\/td>\n<\/tr>\n<tr>\n<td>Intervalo de lectura<\/td>\n<td>1 lectura cada 1 segundo a 1 cada 24 horas<\/td>\n<\/tr>\n<tr>\n<td>Capacidad de datos<\/td>\n<td>32,700 puntos<\/td>\n<\/tr>\n<tr>\n<td>Calibraci\u00f3n<\/td>\n<td>NIST rasteable<\/td>\n<\/tr>\n<tr>\n<td>Bater\u00eda<\/td>\n<td>Bater\u00eda de litio de alta temperatura de 3.6V, vida t\u00edpica de 1 a\u00f1o, reemplazable por el usuario<\/td>\n<\/tr>\n<tr>\n<td>Dimensiones del cuerpo<\/td>\n<td>40 mm de alto x 24.6 mm de di\u00e1metro (1.6 \u201cH x 0.97\u201d d\u00eda.)<\/td>\n<\/tr>\n<tr>\n<td>Dimensiones de la sonda<\/td>\n<td>27 mm L x 3.2 mm d\u00eda (1.1 \u201cL x 0.125\u201d d\u00eda)<\/td>\n<\/tr>\n<tr>\n<td>Peso<\/td>\n<td>120 gramos (4.2 oz)<\/td>\n<\/tr>\n<tr>\n<td>Material<\/td>\n<td>Acero inoxidable 316<\/td>\n<\/tr>\n<tr>\n<td>Certificado<\/td>\n<td>Marcado CE<\/td>\n<\/tr>\n<tr>\n<td>Calificaci\u00f3n impermeable<\/td>\n<td>IP 68<\/td>\n<\/tr>\n<tr>\n<td>Requisitos del sistema<\/td>\n<td>XP SP3\/Vista\/Windows 7, Windows 8, Windows 10, 64 bits<\/td>\n<\/tr>\n<tr>\n<td>Requisitos de programaci\u00f3n y descarga<\/td>\n<td>Paquete de software Delta Manager con dispositivo de interfaz USB y cables<\/td>\n<\/tr>\n<tr>\n<td colspan=\"2\">ADVERTENCIA SOBRE LA BATER\u00cdA: PELIGRO DE INCENDIO, EXPLOSI\u00d3N Y QUEMADURAS GRAVES. NO PROVOCAR CORTO CIRCUITO, CARGA O DESCARGA FORZADA, APLASTAR, PENETRAR O INCINERAR. BATER\u00cdA PUEDE FUGAR O EXPLOTAR SI SE CALENTA A M\u00c1S DE 150 \u00baC (302 \u00baF)<\/td>\n<\/tr>\n<\/tbody>\n<\/table>\n","protected":false},"excerpt":{"rendered":"<h5><strong>Peculiaridades<\/strong>:<\/h5>\n<ul>\n<li>Sonda externa recia , tiempo de respuesta veloz.<\/li>\n<li>Muy exacto en un amplio rango de medici\u00f3n.<\/li>\n<li>Medici\u00f3n rastreable NIST.<\/li>\n<li>Fuerte , sumergible, para empleo en entornos hostiles.<\/li>\n<li>Memoria de estado s\u00f3lido no vol\u00e1til para la seguridad m\u00e1xima de los datos.<\/li>\n<li>Bater\u00eda reemplazable por el usuario.<\/li>\n<li>F\u00e1cil de programar y bajar.<\/li>\n<\/ul>\n","protected":false},"featured_media":7411,"template":"","meta":[],"product_cat":[16],"product_tag":[],"class_list":["post-7406","product","type-product","status-publish","has-post-thumbnail","hentry","product_cat-uncategorized"],"_links":{"self":[{"href":"https:\/\/calibracion.com.mx\/tienda\/wp-json\/wp\/v2\/product\/7406","targetHints":{"allow":["GET"]}}],"collection":[{"href":"https:\/\/calibracion.com.mx\/tienda\/wp-json\/wp\/v2\/product"}],"about":[{"href":"https:\/\/calibracion.com.mx\/tienda\/wp-json\/wp\/v2\/types\/product"}],"wp:featuredmedia":[{"embeddable":true,"href":"https:\/\/calibracion.com.mx\/tienda\/wp-json\/wp\/v2\/media\/7411"}],"wp:attachment":[{"href":"https:\/\/calibracion.com.mx\/tienda\/wp-json\/wp\/v2\/media?parent=7406"}],"wp:term":[{"taxonomy":"product_cat","embeddable":true,"href":"https:\/\/calibracion.com.mx\/tienda\/wp-json\/wp\/v2\/product_cat?post=7406"},{"taxonomy":"product_tag","embeddable":true,"href":"https:\/\/calibracion.com.mx\/tienda\/wp-json\/wp\/v2\/product_tag?post=7406"}],"curies":[{"name":"wp","href":"https:\/\/api.w.org\/{rel}","templated":true}]}}