{"id":7426,"date":"2024-01-11T15:12:14","date_gmt":"2024-01-11T15:12:14","guid":{"rendered":"https:\/\/calibracion.com.mx\/tienda\/?post_type=product&#038;p=7426"},"modified":"2024-01-11T15:13:12","modified_gmt":"2024-01-11T15:13:12","slug":"flashlink-rtl-3g-registrador-de-datos-reutilizable-de-temperatura-y-humedad-modelo-22371","status":"publish","type":"product","link":"https:\/\/calibracion.com.mx\/tienda\/flashlink-rtl-3g-registrador-de-datos-reutilizable-de-temperatura-y-humedad-modelo-22371\/","title":{"rendered":"Flashlink rtl 3g registrador de datos reutilizable de temperatura y humedad Modelo 22371"},"content":{"rendered":"<ul>\n<li>Opci\u00f3n para descargar informe PDF a PC con cable USB.<\/li>\n<\/ul>\n<h5><b>Aplicaciones:<\/b><\/h5>\n<p>Chequeo en tiempo real para almacenamiento y transporte de modelos sensibles a la temperatura y la humedad.<\/p>\n<p>La copia de seguridad de PDF y una exclusiva funci\u00f3n de modo de vuelo le dan a este registrador la capacidad l\u00edder en su clase para seguir env\u00edos \u00a1en cualquier sitio! Un tablero on line pone los datos a disposici\u00f3n de los remitentes en todo momento , incluso antes de que un env\u00edo llegue al muelle de recepci\u00f3n.<\/p>\n<p>Este registrador de datos reutilizable de temperatura y humedad FlashLink RTL tercera generaci\u00f3n o 3G monitorea e informa la temperatura, la humedad y la localizaci\u00f3n durante el transporte de modelos perecederos sensibles a la temperatura. Realice un rastreo de las entregas utilizando un servicio apoyado en la nube para poder ver la informaci\u00f3n y las condiciones de la ruta en tiempo real en un cami\u00f3n o avi\u00f3n.<\/p>\n<p>El registrador de datos reutilizable RTL tercera generaci\u00f3n o 3G proporciona reportes en el mismo instante y una copia de seguridad en PDF cuando no hay servicio celular libre. Este registrador de datos reutilizable confiable env\u00eda datos, a intervalos regulares, a la nube, donde siempre est\u00e1 disponible.<\/p>\n<h4 class=\"rl_tabs-title nn_tabs-title\"><strong>Modelos:<\/strong><\/h4>\n<table style=\"height: 90px;\" width=\"526\">\n<thead>\n<tr>\n<th scope=\"col\">Modelo<\/th>\n<th scope=\"col\"><\/th>\n<\/tr>\n<\/thead>\n<tbody>\n<tr>\n<td>22371-01<\/td>\n<td>Incluye 1 a\u00f1o de servicio en la nube FlashTrak RU<\/td>\n<\/tr>\n<tr>\n<td>22371-02<\/td>\n<td>Incluye servicio en la nube FlashTrak RU de 2 a\u00f1os<\/td>\n<\/tr>\n<\/tbody>\n<\/table>\n<p>&nbsp;<\/p>\n<table>\n<caption>FlashLink RTL 3G Registrador de datos reutilizable de temperatura y humedad<\/caption>\n<thead>\n<tr>\n<th scope=\"col\">Caracter\u00edstica<\/th>\n<th scope=\"col\">Especificaci\u00f3n<\/th>\n<\/tr>\n<\/thead>\n<tfoot>\n<tr>\n<td colspan=\"2\"><\/td>\n<\/tr>\n<\/tfoot>\n<tbody>\n<tr>\n<td>Rango de medici\u00f3n de temperatura<\/td>\n<td>-30\u00b0C a 70\u00b0C (-22\u00b0F a 158\u00b0F)<\/td>\n<\/tr>\n<tr>\n<td>Precisi\u00f3n de temperatura<\/td>\n<td>\u00b10.5\u00b0C -10\u00b0C a 45\u00b0C (\u00b10.9\u00b0F 14\u00b0F a 113\u00b0F)\u00b11\u00b0C (\u00b12\u00b0F)<br \/>\notros<\/td>\n<\/tr>\n<tr>\n<td>Resoluci\u00f3n de temperatura<\/td>\n<td>0.1 \u00baC\/\u00baF<\/td>\n<\/tr>\n<tr>\n<td>Rango de medici\u00f3n de humedad<\/td>\n<td>5% a 95% HR<\/td>\n<\/tr>\n<tr>\n<td>Precisi\u00f3n de humedad<\/td>\n<td>\u00b15% de 20% a 80% HR, \u00b17% &lt;20% y &gt;80%<\/td>\n<\/tr>\n<tr>\n<td>Capacidad de datos<\/td>\n<td>50.000 puntos de datos<\/td>\n<\/tr>\n<tr>\n<td>Intervalo de registro<\/td>\n<td>5 minutos<\/td>\n<\/tr>\n<tr>\n<td>Intervalo de carga de datos<\/td>\n<td>15 minutos<\/td>\n<\/tr>\n<tr>\n<td>Duraci\u00f3n del registro<\/td>\n<td>Registro perpetuo cuando se alimenta con un cable USB (incluido) y 15 d\u00edas con carga completa de la bater\u00eda (sin fuente de alimentaci\u00f3n externa)<\/td>\n<\/tr>\n<tr>\n<td>Rojo GSM<\/td>\n<td>3G: Banda 1\/2\/4\/5\/8 Cobertura global 2G: Cuatribanda GSM 850\/900\/1800\/1900 MHz<\/td>\n<\/tr>\n<tr>\n<td>S\u00cd<\/td>\n<td>Integrado interno (roaming global de datos)<\/td>\n<\/tr>\n<tr>\n<td>Fuente de alimentaci\u00f3n<\/td>\n<td>Bater\u00eda de iones de litio, cumple con UN38.3<\/td>\n<\/tr>\n<tr>\n<td>Duraci\u00f3n de la bater\u00eda<\/td>\n<td>15 d\u00edas con una carga completa<\/td>\n<\/tr>\n<tr>\n<td>Peso del registrador<\/td>\n<td>3,63 onzas (103 gramos)<\/td>\n<\/tr>\n<tr>\n<td>Dimensiones del registrador<\/td>\n<td>65,5 mm x 103 mm x 18,5 mm<br \/>\n(2,58 pulgadas x 4,01 pulgadas x 0,73 pulgadas)<\/td>\n<\/tr>\n<tr>\n<td>Clasificaci\u00f3n impermeable<\/td>\n<td>IP64<\/td>\n<\/tr>\n<tr>\n<td>Calibraci\u00f3n<\/td>\n<td>Certificado de calibraci\u00f3n NIST de 1 a\u00f1o y Certificado de cumplimiento del fabricante disponible Opci\u00f3n: Certificado de calibraci\u00f3n ISO 17025 (A2LA)<\/td>\n<\/tr>\n<tr>\n<td>Certificaci\u00f3n<\/td>\n<td>Precisi\u00f3n de temperatura rastreable FCC, marca CE, RoHS, WEEE, NIST<\/td>\n<\/tr>\n<tr>\n<td>Requisitos del sistema<\/td>\n<td>El registrador requiere una conexi\u00f3n de red celular para enviar datos a una aplicaci\u00f3n en la nube segura. El usuario requiere una PC u otro dispositivo habilitado para Internet para ver los datos en l\u00ednea<\/td>\n<\/tr>\n<tr>\n<td>Requisitos de descarga<\/td>\n<td>Cable micro USB a USB para descargar a PC u otro dispositivo habilitado para USB que pueda leer archivos PDF<\/td>\n<\/tr>\n<tr>\n<td>Accesorios<\/td>\n<td>\u2022 Impresora<br \/>\nFlashLink BLE 22375\u2022 Certificado de calibraci\u00f3n ISO 21048 17025<\/td>\n<\/tr>\n<\/tbody>\n<\/table>\n","protected":false},"excerpt":{"rendered":"<ul>\n<li>La memoria integrada registra datos cada 5 minutos.<\/li>\n<li>Los datos se cargan de forma autom\u00e1tica al servicio en la nube 24\/7.<\/li>\n<li>Controle la temperatura, la humedad y la ubicaci\u00f3n durante el almacenamiento y el transporte.<\/li>\n<li>No es requisito abrir cajas o puertas para leer datos.<\/li>\n<li>Datos de localizaci\u00f3n trazados en Google plus Maps.<\/li>\n<\/ul>\n","protected":false},"featured_media":7430,"template":"","meta":[],"product_cat":[16],"product_tag":[],"class_list":["post-7426","product","type-product","status-publish","has-post-thumbnail","hentry","product_cat-uncategorized"],"_links":{"self":[{"href":"https:\/\/calibracion.com.mx\/tienda\/wp-json\/wp\/v2\/product\/7426","targetHints":{"allow":["GET"]}}],"collection":[{"href":"https:\/\/calibracion.com.mx\/tienda\/wp-json\/wp\/v2\/product"}],"about":[{"href":"https:\/\/calibracion.com.mx\/tienda\/wp-json\/wp\/v2\/types\/product"}],"wp:featuredmedia":[{"embeddable":true,"href":"https:\/\/calibracion.com.mx\/tienda\/wp-json\/wp\/v2\/media\/7430"}],"wp:attachment":[{"href":"https:\/\/calibracion.com.mx\/tienda\/wp-json\/wp\/v2\/media?parent=7426"}],"wp:term":[{"taxonomy":"product_cat","embeddable":true,"href":"https:\/\/calibracion.com.mx\/tienda\/wp-json\/wp\/v2\/product_cat?post=7426"},{"taxonomy":"product_tag","embeddable":true,"href":"https:\/\/calibracion.com.mx\/tienda\/wp-json\/wp\/v2\/product_tag?post=7426"}],"curies":[{"name":"wp","href":"https:\/\/api.w.org\/{rel}","templated":true}]}}