{"id":7436,"date":"2024-01-11T15:16:16","date_gmt":"2024-01-11T15:16:16","guid":{"rendered":"https:\/\/calibracion.com.mx\/tienda\/?post_type=product&#038;p=7436"},"modified":"2024-01-11T15:16:17","modified_gmt":"2024-01-11T15:16:17","slug":"pq2071-amperimetro-de-gancho-3-fases-1000a-rms","status":"publish","type":"product","link":"https:\/\/calibracion.com.mx\/tienda\/pq2071-amperimetro-de-gancho-3-fases-1000a-rms\/","title":{"rendered":"Pq2071 \u2014 amperimetro de gancho 3 fases, 1000a rms"},"content":{"rendered":"<p><strong>Caracter\u00edsticas:<\/strong><\/p>\n<ul>\n<li>Abertura de mordaza de pinza de 2,16&#8221; (55 mm).<\/li>\n<li>Completo con conductores de prueba, cuatro conductores codificados por color y pinzas de conexi\u00f3n, cable USB, software de PC, bater\u00eda de 9 V y estuche blando.<\/li>\n<li>Pantalla LCD doble grande retroiluminada (contador 9999) con visualizador de<\/li>\n<li>gr\u00e1ficos de barras.<\/li>\n<li>Almacena\/recupera manualmente hasta 99 conjuntos de datos.<\/li>\n<li>El medidor funciona como una pinza amperim\u00e9trica de verdadero valor eficaz, un medidor de potencia, un mult\u00edmetro y un detector de voltaje CA.<\/li>\n<li>Mide la corriente CA, el voltaje, la frecuencia y la potencia, incluyendo la potencia verdadera, la potencia aparente, la potencia reactiva y la potencia activa.<\/li>\n<li>Mide la potencia verdadera monof\u00e1sica y trif\u00e1sica equilibrada (kW), la potencia aparente (kVA), la potencia reactiva (kVAR) y la potencia activa (kWh), adem\u00e1s del factor de potencia y el \u00e1ngulo de fase.<\/li>\n<li>Retenci\u00f3n de datos, lecturas m\u00e1x.\/m\u00edn. y apagado autom\u00e1tico.<\/li>\n<li>Detector de voltaje sin contacto incorporado con se\u00f1al de alerta LED.<br \/>\nInterfaz USB para conexi\u00f3n a PC para la funci\u00f3n de registro de datos con software incluido.<\/li>\n<\/ul>\n","protected":false},"excerpt":{"rendered":"<p>Pq2071 \u2014 amperimetro de gancho 3 fases, 1000a rms.<\/p>\n<p>&nbsp;<\/p>\n","protected":false},"featured_media":7440,"template":"","meta":[],"product_cat":[16],"product_tag":[],"class_list":["post-7436","product","type-product","status-publish","has-post-thumbnail","hentry","product_cat-uncategorized"],"_links":{"self":[{"href":"https:\/\/calibracion.com.mx\/tienda\/wp-json\/wp\/v2\/product\/7436","targetHints":{"allow":["GET"]}}],"collection":[{"href":"https:\/\/calibracion.com.mx\/tienda\/wp-json\/wp\/v2\/product"}],"about":[{"href":"https:\/\/calibracion.com.mx\/tienda\/wp-json\/wp\/v2\/types\/product"}],"wp:featuredmedia":[{"embeddable":true,"href":"https:\/\/calibracion.com.mx\/tienda\/wp-json\/wp\/v2\/media\/7440"}],"wp:attachment":[{"href":"https:\/\/calibracion.com.mx\/tienda\/wp-json\/wp\/v2\/media?parent=7436"}],"wp:term":[{"taxonomy":"product_cat","embeddable":true,"href":"https:\/\/calibracion.com.mx\/tienda\/wp-json\/wp\/v2\/product_cat?post=7436"},{"taxonomy":"product_tag","embeddable":true,"href":"https:\/\/calibracion.com.mx\/tienda\/wp-json\/wp\/v2\/product_tag?post=7436"}],"curies":[{"name":"wp","href":"https:\/\/api.w.org\/{rel}","templated":true}]}}