{"id":7465,"date":"2024-01-11T16:10:33","date_gmt":"2024-01-11T16:10:33","guid":{"rendered":"https:\/\/calibracion.com.mx\/tienda\/?post_type=product&#038;p=7465"},"modified":"2024-01-11T16:11:08","modified_gmt":"2024-01-11T16:11:08","slug":"registrador-de-datos-de-acero-inoxidable-de-alta-temperatura-modelo-20630","status":"publish","type":"product","link":"https:\/\/calibracion.com.mx\/tienda\/registrador-de-datos-de-acero-inoxidable-de-alta-temperatura-modelo-20630\/","title":{"rendered":"Registrador de datos de acero inoxidable de alta temperatura Modelo 20630"},"content":{"rendered":"<ul>\n<li>Simple de desarrollar y descargar.<\/li>\n<li>Memoria de estado s\u00f3lido no vol\u00e1til para la seguridad m\u00e1xima de datos.<\/li>\n<li>Bater\u00eda reemplazable por usuario.<\/li>\n<\/ul>\n<h5><strong>Aplicaciones :<\/strong><\/h5>\n<p>Botellas, Viales, \u00c1mbitos Dif\u00edciles de Lograr o Dif\u00edciles.<br \/>\nEl Registrador de Datos de Acero Inoxidable de Alta Temperatura es una unidad resistente de alta precisi\u00f3n que necesita m\u00ednimo mantenimiento. Es simple de desarrollar , disponer y bajar. La memoria no vol\u00e1til almacena hasta 32,700 puntos de datos, por lo que es perfecto para el despliegue de campo en un largo plazo y una extensa pluralidad de aplicaciones en entornos farmac\u00e9uticos, m\u00e9dicos, alimenticios y tambi\u00e9n industriales.<\/p>\n<p>El Registrador de Datos de Acero Inoxidable de Alta Temperatura, Modelo 20630 Es compacto y reutilizable est\u00e1 dise\u00f1ado para monitorear temperaturas extremadamente bajas y altas. La aguja de acero inoxidable puede doblarse, girar en espiral o en \u00e1ngulo para lugares bien dif\u00edciles de lograr , como botellas o frascos interiores. Es conveniente para ambientes con mucha humedad, como la esterilizaci\u00f3n en retorta y la validaci\u00f3n en autoclave; para programas HACCP, procesamiento de alimentos, pasteurizaci\u00f3n, congelaci\u00f3n instant\u00e1nea, t\u00faneles de enfriamiento r\u00e1pido y en laboratorios farmac\u00e9uticos y m\u00e9dicos. Los programas de software multiling\u00fces Delta Manager registran factores , comienza y detiene la unidad, y tambi\u00e9n informa datos gr\u00e1ficos, en formato de hoja de c\u00e1lculo con an\u00e1lisis de resumen, y exporta a Excel para efectuar m\u00e1s c\u00e1lculos.<\/p>\n<p>&nbsp;<\/p>\n<table>\n<caption>Modelo 20630 Registrador de datos de acero inoxidable de alta temperatura<\/caption>\n<thead>\n<tr>\n<th scope=\"col\">Caracter\u00edstica<\/th>\n<th scope=\"col\">Especificaci\u00f3n<\/th>\n<\/tr>\n<\/thead>\n<tfoot>\n<tr>\n<td colspan=\"2\"><\/td>\n<\/tr>\n<\/tfoot>\n<tbody>\n<tr>\n<td>Rango de medici\u00f3n de la sonda<\/td>\n<td>-200 \u00b0C a 350 \u00b0C (-328 \u00b0F a 662 \u00b0F) El cuerpo del registrador no puede superar los\u00a0140 \u00b0C (284 \u00b0F)<\/td>\n<\/tr>\n<tr>\n<td>Rango de funcionamiento del registrador<\/td>\n<td>-40 \u00b0C a 140 \u00b0C\u00a0(-40 \u00b0F a 284 \u00b0F)<br \/>\n0 a 100 % de humedad relativa 0.002 a 100 PSIA<\/td>\n<\/tr>\n<tr>\n<td>Sensor<\/td>\n<td>RTD de platino de 100 \u03a9<\/td>\n<\/tr>\n<tr>\n<td>Resoluci\u00f3n de temperatura<\/td>\n<td>0.01\u00b0C \/ 0.02\u00b0F<\/td>\n<\/tr>\n<tr>\n<td>Precisi\u00f3n<\/td>\n<td>\u00b10.1\u00b0C 20\u00b0C a 140\u00b0C (\u00b10.18\u00b0F 68\u00b0F a 284\u00b0F) \u00b10.3\u00b0C -20\u00b0C a 19.99\u00b0C (\u00b10.54\u00b0F -4\u00b0F a 67.98\u00b0F) \u00b10.4\u00b0C -40\u00b0C a -20.01\u00b0C (\u00b10.72\u00b0F -40\u00b0F a -4.02\u00b0F)<\/td>\n<\/tr>\n<tr>\n<td>Intervalo de lectura<\/td>\n<td>1 lectura cada 1 segundo a 1 cada 24 horas<\/td>\n<\/tr>\n<tr>\n<td>Capacidad de datos<\/td>\n<td>32,700 puntos<\/td>\n<\/tr>\n<tr>\n<td>Calibraci\u00f3n<\/td>\n<td>NIST trazable<\/td>\n<\/tr>\n<tr>\n<td>Bater\u00eda<\/td>\n<td>Bater\u00eda de litio de alta temperatura de 3.6V, vida t\u00edpica de 1 a\u00f1o, reemplazable por el usuario<\/td>\n<\/tr>\n<tr>\n<td>Dimensiones del Cuerpo<\/td>\n<td>48 mm de alto x 24.6 mm de di\u00e1metro (1.9 \u201cH x 0.97\u201d d\u00eda.)<\/td>\n<\/tr>\n<tr>\n<td>Dimensiones de la Aguja:<br \/>\nPorci\u00f3n flexible<\/td>\n<td>559 mm L x 1,6 mm de di\u00e1metro (22 \u201cL x 0.062\u201d d\u00eda.)<\/td>\n<\/tr>\n<tr>\n<td>Dimensiones de la sonda:<br \/>\nPunta r\u00edgida con mango<\/td>\n<td>Consejo r\u00edgido: 121 mm L x 3,2 mm de di\u00e1metro (4.8 \u201cL x 0.125\u201d d\u00eda.)<br \/>\nMango: .25 mm L x 4,8 mm de d\u00eda (1 \u201cL x 0.188\u201d de di\u00e1metro)<\/td>\n<\/tr>\n<tr>\n<td>Peso<\/td>\n<td>120 gramos (4.2 oz)<\/td>\n<\/tr>\n<tr>\n<td>Material<\/td>\n<td>Acero inoxidable 316<\/td>\n<\/tr>\n<tr>\n<td>Certificaci\u00f3n<\/td>\n<td>Marcado CE<\/td>\n<\/tr>\n<tr>\n<td>Calificaci\u00f3n impermeable<\/td>\n<td>IP 68<\/td>\n<\/tr>\n<tr>\n<td>Requisitos del sistema<\/td>\n<td>XP SP3\/Vista\/Windows 7, Windows 8, Windows 10, 64 bits<\/td>\n<\/tr>\n<tr>\n<td>Requisitos de programa y descarga<\/td>\n<td>Paquete de software Delta Manager con dispositivo de interfaz USB y cables<\/td>\n<\/tr>\n<tr>\n<td colspan=\"2\">* Para uso en entornos de-40 \u00b0C a -200 \u00b0C\u00a0 (-40 \u00b0F a -328 \u00b0F) y 140 \u00b0C a 250 \u00b0C (284 \u00b0F a 482 \u00b0F) use Thermal Shield (20632) si est\u00e1 fuera de este rango, p\u00f3ngase en contacto con el soporte t\u00e9cnico<\/td>\n<\/tr>\n<tr>\n<td colspan=\"2\">ADVERTENCIA SOBRE LA BATER\u00cdA: PELIGRO DE INCENDIO, EXPLOSI\u00d3N Y QUEMADURAS GRAVES. NO PROVOCAR CORTO CIRCUITO, CARGA O DESCARGA FORZADA, APLASTAR, PENETRAR O INCINERAR. BATER\u00cdA PUEDE FUGAR O EXPLOTAR SI SE CALENTA A M\u00c1S DE 150 \u00baC (302 \u00baF)<\/td>\n<\/tr>\n<\/tbody>\n<\/table>\n","protected":false},"excerpt":{"rendered":"<h5><strong>Peculiaridades:<\/strong><\/h5>\n<p>Fuerte , sumergible, para uso en \u00e1mbitos hostiles.<\/p>\n<p>Calibraci\u00f3n Rastreable NIST.<\/p>\n<p>Aguja maleable con punta recia , mide hasta 350 \u00b0 C (662 \u00b0 F).<\/p>\n<p>Controla la temperatura dentro de botellas, viales, lugares de dif\u00edcil ingreso.<\/p>\n<p>Muy exacto con extenso rango de medici\u00f3n.<\/p>\n","protected":false},"featured_media":7466,"template":"","meta":[],"product_cat":[16],"product_tag":[],"class_list":["post-7465","product","type-product","status-publish","has-post-thumbnail","hentry","product_cat-uncategorized"],"_links":{"self":[{"href":"https:\/\/calibracion.com.mx\/tienda\/wp-json\/wp\/v2\/product\/7465","targetHints":{"allow":["GET"]}}],"collection":[{"href":"https:\/\/calibracion.com.mx\/tienda\/wp-json\/wp\/v2\/product"}],"about":[{"href":"https:\/\/calibracion.com.mx\/tienda\/wp-json\/wp\/v2\/types\/product"}],"wp:featuredmedia":[{"embeddable":true,"href":"https:\/\/calibracion.com.mx\/tienda\/wp-json\/wp\/v2\/media\/7466"}],"wp:attachment":[{"href":"https:\/\/calibracion.com.mx\/tienda\/wp-json\/wp\/v2\/media?parent=7465"}],"wp:term":[{"taxonomy":"product_cat","embeddable":true,"href":"https:\/\/calibracion.com.mx\/tienda\/wp-json\/wp\/v2\/product_cat?post=7465"},{"taxonomy":"product_tag","embeddable":true,"href":"https:\/\/calibracion.com.mx\/tienda\/wp-json\/wp\/v2\/product_tag?post=7465"}],"curies":[{"name":"wp","href":"https:\/\/api.w.org\/{rel}","templated":true}]}}