{"id":7468,"date":"2024-01-11T16:34:27","date_gmt":"2024-01-11T16:34:27","guid":{"rendered":"https:\/\/calibracion.com.mx\/tienda\/?post_type=product&#038;p=7468"},"modified":"2024-01-11T16:35:47","modified_gmt":"2024-01-11T16:35:47","slug":"registrador-de-temperatura-y-humedad-flashlink-in-transit-ble-modelo-40910","status":"publish","type":"product","link":"https:\/\/calibracion.com.mx\/tienda\/registrador-de-temperatura-y-humedad-flashlink-in-transit-ble-modelo-40910\/","title":{"rendered":"Registrador de temperatura y humedad flashlink in-transit ble Modelo 40910"},"content":{"rendered":"<ul>\n<li>Datos de temperatura, humedad y localizaci\u00f3n almacenados en una app fundamentada en la nube.<\/li>\n<li>No se precisan software ni cables para bajar datos.<\/li>\n<li>Escanee el c\u00f3digo QR en el registrador para bajar la aplicaci\u00f3n y conseguir m\u00e1s informaci\u00f3n sobre el producto.<\/li>\n<li>Datos guardados en apps basadas en la nube y en una PC.<\/li>\n<li>Descargue reportes en PDF desde la app o conexi\u00f3n USB directa a una PC.<\/li>\n<li>Ver reportes de viaje en formato gr\u00e1fico y de tabla.<\/li>\n<\/ul>\n<p>Las aplicaciones tienen dentro camionetas refrigeradas, camiones y contenedores, tal como env\u00edos por ferrocarril y por aire. El personal puede descargar y comunicar datos en cualquier punto de contacto, lo que les permite identificar d\u00f3nde y cu\u00e1ndo suceden inconvenientes en la cadena de fr\u00edo.<\/p>\n<p>El FlashLink In-Transit BLE Loggers es un registrador de PDF con capacidades y comunicaciones BLE mejoradas. El registrador es ideal para monitorear de manera inal\u00e1mbrica la temperatura o la temperatura y la humedad de los modelos perecederos a medida que viajan por medio de la cadena de fr\u00edo, desde art\u00edculos hasta alimentos preparados, hasta productos qu\u00edmicos y farmac\u00e9uticos. Los datos se descargan del registrador BLE usando una app de tel\u00e9fono inteligente. El dispositivo m\u00f3vil carga informaci\u00f3n en una app web donde se puede observar de manera remota.<\/p>\n<p>Los receptores de todo el planeta pueden entrar r\u00e1pida y f\u00e1cilmente al historial de viajes usando la aplicaci\u00f3n m\u00f3vil inteligente sin la necesidad de abrir las puertas de carga. Los datos del viaje est\u00e1n disponibles en formato de gr\u00e1fico y tabla, y en el momento en que la app m\u00f3vil inteligente se sincroniza con la aplicaci\u00f3n web, la ubicaci\u00f3n se marca en el instante en que se interroga al registrador.<\/p>\n<p>Un informe PDF se crea de manera autom\u00e1tica en la app y se puede compartir de manera f\u00e1cil por mail con otras partes interesadas. Como caracter\u00edstica de respaldo, el registrador tambi\u00e9n se puede leer utilizando su puerto USB incorporado que, cuando se conecta a una PC, descarga autom\u00e1ticamente un informe en PDF con el historial de viajes.<\/p>\n<p>&nbsp;<\/p>\n<table>\n<caption>Registrador de temperatura y humedad FlashLink In-Transit BLE<\/caption>\n<thead>\n<tr>\n<th scope=\"col\">Caracter\u00edstica<\/th>\n<th scope=\"col\">Especificaci\u00f3n<\/th>\n<\/tr>\n<\/thead>\n<tfoot>\n<tr>\n<td colspan=\"2\"><\/td>\n<\/tr>\n<\/tfoot>\n<tbody>\n<tr>\n<td>Rango de medici\u00f3n<\/td>\n<td>-30\u00b0C a 70\u00b0C (-22\u00b0F a 158\u00b0F)<\/td>\n<\/tr>\n<tr>\n<td>Precisi\u00f3n de la temperatura<\/td>\n<td>-30\u00baC a -25\u00baC: \u00b11.0\u00baC (-22\u00baF a -13\u00baF: \u00b11.0\u00baF) -25\u00baC a +70\u00baC: \u00b10.5\u00baC (-13\u00baF a 158\u00baF: \u00b10.5\u00baF)<\/td>\n<\/tr>\n<tr>\n<td>Rango de humedad<\/td>\n<td>0% a 100% HR<\/td>\n<\/tr>\n<tr>\n<td>Precisi\u00f3n de humedad<\/td>\n<td>\u00b1 5% HR<\/td>\n<\/tr>\n<tr>\n<td>Capacidad de datos<\/td>\n<td>28800 puntos de datos<br \/>\n(14400 para temperatura 14400 para humedad)<\/td>\n<\/tr>\n<tr>\n<td>Intervalo de registro<\/td>\n<td>10 minutos<\/td>\n<\/tr>\n<tr>\n<td>Ciclo de grabaci\u00f3n<\/td>\n<td>Hasta 90 d\u00edas<\/td>\n<\/tr>\n<tr>\n<td>Modo de inicio<\/td>\n<td>Manual<\/td>\n<\/tr>\n<tr>\n<td>Modo de parada<\/td>\n<td>Manual \/ l\u00edmite de datos \/ conexi\u00f3n USB<\/td>\n<\/tr>\n<tr>\n<td>Rango de transmisi\u00f3n:<\/td>\n<td>Intervalo de 5 segundos \/ 65 pies (20 m) a primera vista<\/td>\n<\/tr>\n<tr>\n<td>Duraci\u00f3n<\/td>\n<td>1 a\u00f1o<\/td>\n<\/tr>\n<tr>\n<td>Bater\u00eda<\/td>\n<td>Bater\u00eda de litio 3.0v<\/td>\n<\/tr>\n<tr>\n<td>Dimensiones \/ cuerpo<\/td>\n<td>1.575 pulgadas x 3.189 pulgadas x 0.492 pulgadas (40 mm x 81 mm x 12.5 mm)<\/td>\n<\/tr>\n<tr>\n<td>Caja<\/td>\n<td>Pl\u00e1stico ABS<\/td>\n<\/tr>\n<tr>\n<td>Clasificaci\u00f3n del IP<\/td>\n<td>IP64 (con tapa de silicona)<\/td>\n<\/tr>\n<tr>\n<td>Peso<\/td>\n<td>1.9 oz. (54 gramos)<\/td>\n<\/tr>\n<tr>\n<td>LED<\/td>\n<td>Azul y rojo<\/td>\n<\/tr>\n<tr>\n<td>Certificaci\u00f3n<\/td>\n<td>NIST rastreable, marca CE, FCC RoHS<\/td>\n<\/tr>\n<tr>\n<td>Requisitos del sistema<\/td>\n<td>iOS o Android 6.0.1 y Bluetooth 4.0 requieren acceso a Internet para guardar datos en la nube<\/td>\n<\/tr>\n<tr>\n<td>Conexi\u00f3n Bluetooth<\/td>\n<td>Aplicaci\u00f3n Android \u2122 \/ iOS<\/td>\n<\/tr>\n<tr>\n<td>Rastreo en l\u00ednea<\/td>\n<td>Portal web personalizado<\/td>\n<\/tr>\n<\/tbody>\n<\/table>\n","protected":false},"excerpt":{"rendered":"<h5><strong>Especificaciones:<\/strong><\/h5>\n<p>Acceda a datos en dispositivos m\u00f3viles inteligentes a una distancia de ~ 65 pies \/ 20 metros.<\/p>\n<p>Lea los datos en los puntos de contacto del env\u00edo sin abrir las puertas.<\/p>\n<p>Transmite datos de forma inal\u00e1mbrica a dispositivos capaces con la app (iOS y Android).<\/p>\n<p>&nbsp;<\/p>\n","protected":false},"featured_media":7469,"template":"","meta":[],"product_cat":[16],"product_tag":[],"class_list":["post-7468","product","type-product","status-publish","has-post-thumbnail","hentry","product_cat-uncategorized"],"_links":{"self":[{"href":"https:\/\/calibracion.com.mx\/tienda\/wp-json\/wp\/v2\/product\/7468","targetHints":{"allow":["GET"]}}],"collection":[{"href":"https:\/\/calibracion.com.mx\/tienda\/wp-json\/wp\/v2\/product"}],"about":[{"href":"https:\/\/calibracion.com.mx\/tienda\/wp-json\/wp\/v2\/types\/product"}],"wp:featuredmedia":[{"embeddable":true,"href":"https:\/\/calibracion.com.mx\/tienda\/wp-json\/wp\/v2\/media\/7469"}],"wp:attachment":[{"href":"https:\/\/calibracion.com.mx\/tienda\/wp-json\/wp\/v2\/media?parent=7468"}],"wp:term":[{"taxonomy":"product_cat","embeddable":true,"href":"https:\/\/calibracion.com.mx\/tienda\/wp-json\/wp\/v2\/product_cat?post=7468"},{"taxonomy":"product_tag","embeddable":true,"href":"https:\/\/calibracion.com.mx\/tienda\/wp-json\/wp\/v2\/product_tag?post=7468"}],"curies":[{"name":"wp","href":"https:\/\/api.w.org\/{rel}","templated":true}]}}