{"id":7476,"date":"2024-01-11T17:43:48","date_gmt":"2024-01-11T17:43:48","guid":{"rendered":"https:\/\/calibracion.com.mx\/tienda\/?post_type=product&#038;p=7476"},"modified":"2024-01-11T17:43:50","modified_gmt":"2024-01-11T17:43:50","slug":"registrador-de-transito-flashlink-vu-modelo-20879","status":"publish","type":"product","link":"https:\/\/calibracion.com.mx\/tienda\/registrador-de-transito-flashlink-vu-modelo-20879\/","title":{"rendered":"Registrador de tr\u00e1nsito flashlink vu Modelo 20879"},"content":{"rendered":"<ul>\n<li>Montado en una tarjeta de localizaci\u00f3n de alta visibilidad.<\/li>\n<li>Estad\u00edsticas del historial de viajes en LCD para resoluciones de recepci\u00f3n veloces.<\/li>\n<li>La funci\u00f3n patentada Shadow Log garantiza la informaci\u00f3n aun si el operador no enciende el registrador.<\/li>\n<li>Descarga datos a la PC como PDF seguro.<\/li>\n<\/ul>\n<h5><b>Aplicaciones:<\/b><\/h5>\n<p>Transporte, Almacenaje en Fr\u00edo, Instalaciones de Procesamiento<br \/>\nEste registrador en tr\u00e1nsito de un solo uso es aceptado por la mayor\u00eda de los receptores y es la herramienta ideal en gesti\u00f3n de la cadena de fr\u00edo para el rastreo de la temperatura durante el transporte de art\u00edculos caducos. Se puede utilizar en todas las cargas de salida, con lo que los distribuidores tienen la posibilidad de consolidar sus registradores de temperatura en un modelo. La utilizaci\u00f3n del registrador en tr\u00e1nsito FlashLink VU quiere decir que no hay necesidad de guardar varias marcas en la oficina de env\u00edos, lo que facilita la administraci\u00f3n del inventario y elimina el problema de quedarse sin un tipo particular de registrador para un receptor concreto.<\/p>\n<p>El modelo 20879 est\u00e1 configurado de f\u00e1brica con ajustes de alarma para alertar a los receptores con un LED parpadeante rojo , cuando la temperatura durante el tr\u00e1nsito ha superado los 41 \u00b0 F \/ 5 \u00b0 C o es inferior a 33 \u00b0 F \/ 0.6 \u00b0 C, y tiene un principio de retraso de 30 minutos y 30 Retraso de alarma minuto. La funci\u00f3n patentada Shadow Log \u2122 garantiza los datos, aun si el remitente olvida iniciar la unidad. Los datos se descargan utilizando el programa libre y de uso gratuito FlashLink Data Manager, y los informes se guardan en formato PDF para mandarlos por e-mail y archivarlos con la intenci\u00f3n de sostener registros, trazabilidad y realizar los requisitos de HACCP y FSMA (Ley de Modernizaci\u00f3n de Seguridad Alimentaria ).<\/p>\n<div class=\"woocommerce-tabs wc-tabs-wrapper\">\n<div id=\"tab-description\" class=\"woocommerce-Tabs-panel woocommerce-Tabs-panel--description panel entry-content wc-tab\" role=\"tabpanel\" aria-labelledby=\"tab-title-description\">\n<div class=\"prod-bottom\">\n<div class=\"prod-desc\">\n<div class=\"prod-desc\">\n<h5 class=\"rl_tabs-title nn_tabs-title\"><strong>Modelos:<\/strong><\/h5>\n<table>\n<tbody>\n<tr>\n<th>Modelos<\/th>\n<th>Alarma<br \/>\nAlta<\/th>\n<th>Alarma<br \/>\nBaja<\/th>\n<th>Retraso<br \/>\nde Alarma<\/th>\n<th>Inicio<br \/>\nAtrasado<\/th>\n<\/tr>\n<tr>\n<td>20879<\/td>\n<td>41\u00baF (5\u00baC)<\/td>\n<td>33\u00baF (0.6\u00baC)<\/td>\n<td>30 min.<\/td>\n<td>30 min.<\/td>\n<\/tr>\n<\/tbody>\n<\/table>\n<p>&nbsp;<\/p>\n<table>\n<caption>Registrador de tr\u00e1nsito FlashLink VU<\/caption>\n<thead>\n<tr>\n<th scope=\"col\">Caracter\u00edstica<\/th>\n<th scope=\"col\">Especificaci\u00f3n<\/th>\n<\/tr>\n<\/thead>\n<tfoot>\n<tr>\n<td colspan=\"2\"><\/td>\n<\/tr>\n<\/tfoot>\n<tbody>\n<tr>\n<td>Periodo de Grabaci\u00f3n<\/td>\n<td>15 D\u00edas<\/td>\n<\/tr>\n<tr>\n<td>Intervalo de registro<\/td>\n<td>5 min, 40 segundos<\/td>\n<\/tr>\n<tr>\n<td>Intervalo de Medici\u00f3n<\/td>\n<td>-40\u00b0F a 122\u00b0F (-40\u00b0C a 50\u00b0C)<\/td>\n<\/tr>\n<tr>\n<td>Resoluci\u00f3n de la Temperatura<\/td>\n<td>0.1\u00b0F\/\u00b0C<\/td>\n<\/tr>\n<tr>\n<td>Precisi\u00f3n de la Temperatura<\/td>\n<td>\u00b11.0\u00b0F desde 14\u00b0F a 77\u00b0F (\u00b10.5\u00b0C desde -10\u00b0C a 25\u00b0C);<br \/>\n\u00b12.0\u00b0F por encima de 77\u00b0F (\u00b11.0\u00b0C por encima de 25\u00b0C)<br \/>\n\u00b12.0\u00b0F por debajo de 14\u00b0F (\u00b11.0\u00b0C por debajo de -10\u00b0C)<\/td>\n<\/tr>\n<tr>\n<td>Capacidad de Datos<\/td>\n<td>3823 puntos<\/td>\n<\/tr>\n<tr>\n<td>Tiempo de Descarga de Datos<\/td>\n<td>5 segundos para 3823 puntos<\/td>\n<\/tr>\n<tr>\n<td>Alarmas\/Ajustes<\/td>\n<td>Alta 41\u00b0 F (5\u00b0C), Baja 33\u00b0 F (0.5\u00b0C)<br \/>\nRetraso de Inicio de 30 min, Retraso de Alarma de 30 min<\/td>\n<\/tr>\n<tr>\n<td>Bater\u00eda<\/td>\n<td>Bater\u00eda de Litio de Celda de Moneda<\/td>\n<\/tr>\n<tr>\n<td>Dimensiones del Registrador<\/td>\n<td>1.962\u2033 x 3.423\u2033 x .575\u2033 (50mm x 87mm x 15mm)<\/td>\n<\/tr>\n<tr>\n<td>Cubierta<\/td>\n<td>Pl\u00e1stico ABS<\/td>\n<\/tr>\n<tr>\n<td>Peso del Registrador<\/td>\n<td>1.6 oz. (45.36 gramos)<\/td>\n<\/tr>\n<tr>\n<td>Resistencia a los Golpes<\/td>\n<td>Soporta ca\u00eddas de 3 p\u00edes (1 metro) a superficies duras<\/td>\n<\/tr>\n<tr>\n<td>Certificaci\u00f3n<\/td>\n<td>Marca CE, trazable a NIST, Cumplimiento RoHS<\/td>\n<\/tr>\n<tr>\n<td>Pantalla<\/td>\n<td>Escala \u00b0F en la pantalla LCD, LED rojo de alarma<\/td>\n<\/tr>\n<tr>\n<td>Clasificaci\u00f3n IP<\/td>\n<td>IP56<\/td>\n<\/tr>\n<tr>\n<td>Condiciones de Almacenamiento<\/td>\n<td>-4\u00b0F a 122\u00b0F (-20\u00b0C a 50\u00b0C) HR 0% a 95% sin condensaci\u00f3n<\/td>\n<\/tr>\n<tr>\n<td>Requisitos del sistema<\/td>\n<td>Windows PC con sistema operativo actualizado, Adobe Reader, software FlashLink Data Manager<\/td>\n<\/tr>\n<tr>\n<td>Requisitos para la descarga<\/td>\n<td>adaptador 8 -Pin a USB<\/td>\n<\/tr>\n<\/tbody>\n<\/table>\n<\/div>\n<\/div>\n<\/div>\n<\/div>\n<\/div>\n","protected":false},"excerpt":{"rendered":"<p>Caracter\u00edsticas:<\/p>\n<p>Recibido por la mayor parte de los recibidores.<br \/>\nConsolide su inventario con un s\u00f3lo producto para todos sus env\u00edos.<br \/>\n20879 tiene alarmas de alta \/ baja 41 \u00b0 F \/ 33 \u00b0 F.<\/p>\n","protected":false},"featured_media":7477,"template":"","meta":[],"product_cat":[16],"product_tag":[],"class_list":["post-7476","product","type-product","status-publish","has-post-thumbnail","hentry","product_cat-uncategorized"],"_links":{"self":[{"href":"https:\/\/calibracion.com.mx\/tienda\/wp-json\/wp\/v2\/product\/7476","targetHints":{"allow":["GET"]}}],"collection":[{"href":"https:\/\/calibracion.com.mx\/tienda\/wp-json\/wp\/v2\/product"}],"about":[{"href":"https:\/\/calibracion.com.mx\/tienda\/wp-json\/wp\/v2\/types\/product"}],"wp:featuredmedia":[{"embeddable":true,"href":"https:\/\/calibracion.com.mx\/tienda\/wp-json\/wp\/v2\/media\/7477"}],"wp:attachment":[{"href":"https:\/\/calibracion.com.mx\/tienda\/wp-json\/wp\/v2\/media?parent=7476"}],"wp:term":[{"taxonomy":"product_cat","embeddable":true,"href":"https:\/\/calibracion.com.mx\/tienda\/wp-json\/wp\/v2\/product_cat?post=7476"},{"taxonomy":"product_tag","embeddable":true,"href":"https:\/\/calibracion.com.mx\/tienda\/wp-json\/wp\/v2\/product_tag?post=7476"}],"curies":[{"name":"wp","href":"https:\/\/api.w.org\/{rel}","templated":true}]}}