{"id":7478,"date":"2024-01-11T17:53:51","date_gmt":"2024-01-11T17:53:51","guid":{"rendered":"https:\/\/calibracion.com.mx\/tienda\/?post_type=product&#038;p=7478"},"modified":"2024-01-11T17:53:52","modified_gmt":"2024-01-11T17:53:52","slug":"registrador-de-transito-flashlink-vu-modelo-20862-01","status":"publish","type":"product","link":"https:\/\/calibracion.com.mx\/tienda\/registrador-de-transito-flashlink-vu-modelo-20862-01\/","title":{"rendered":"Registrador de tr\u00e1nsito flashlink vu Modelo 20862-01"},"content":{"rendered":"<ul>\n<li>Descarga datos a una PC como informe PDF seguro.<\/li>\n<li>Estad\u00edsticas del historial de viajes en LCD para resoluciones de recepci\u00f3n r\u00e1pidas.<\/li>\n<li>Funci\u00f3n patentada Shadow Log garantiza registro de datos aun si el operador no puede comenzar la unidad.<\/li>\n<\/ul>\n<h5><strong>Aplicaciones :<\/strong><\/h5>\n<p>Transporte, almacenaje en fr\u00edo, instalaciones de procesamiento.<br \/>\nEste registrador de datos en tr\u00e1nsito de usar y tirar es recibido por la mayor parte de los receptores y es la herramienta ideal de gesti\u00f3n en la cadena fr\u00eda para seguir la temperatura durante el transporte de art\u00edculos caducos. Se puede emplear en todas las cargas de salida, por lo que los proveedores pueden consolidar sus registradores de temperatura en un modelo. El uso del registrador en tr\u00e1nsito FlashLink VU quiere decir que no hay necesidad de guardar m\u00faltiples fabricantes en la oficina de env\u00edos, lo que facilita la administraci\u00f3n del inventario y suprime el inconveniente de quedarse sin un tipo particular de registrador para un receptor concreto.<\/p>\n<p>Este registrador est\u00e1 dise\u00f1ado para env\u00edos de modelos que necesitan configuraciones de alarma ya configuradas para alertar a los receptores con un LED rojo parpadeante cuando la temperatura a lo largo del tr\u00e1nsito super\u00f3 los 36 \u00b0 F \/ 2 \u00b0 C o es inferior a 28 \u00b0 F \/ -2 \u00b0 C. Montado en una tarjeta de env\u00edo de color verde refulgente , es simple para los receptores localizar el registro a su llegada, lo que ayuda a acelerar el proceso de descarga de la informaci\u00f3n del viaje. Nuestra Funci\u00f3n patentada Shadow Log ofrece datos asegurados , aun si el remitente olvida prender la unidad. Los registradores se descargan utilizando el software FlashLink Data Manager, y los informes se guardan en formato PDF al mail y archivo para el mantenimiento de registros, la trazabilidad y para ayudar a cumplir con los requisitos de HACCP y FSMA (Ley de Modernizaci\u00f3n de Seguridad Alimentaria ).<\/p>\n<p>&nbsp;<\/p>\n<table>\n<caption>Registrador de tr\u00e1nsito FlashLink VU<\/caption>\n<thead>\n<tr>\n<th scope=\"col\">Caracter\u00edstica<\/th>\n<th scope=\"col\">Especificaci\u00f3n<\/th>\n<\/tr>\n<\/thead>\n<tfoot>\n<tr>\n<td colspan=\"2\"><\/td>\n<\/tr>\n<\/tfoot>\n<tbody>\n<tr>\n<td>Periodo de Registro<\/td>\n<td>15 D\u00edas<\/td>\n<\/tr>\n<tr>\n<td>Intervalo de registro<\/td>\n<td>6 minutos<\/td>\n<\/tr>\n<tr>\n<td>Intervalo de registro<\/td>\n<td>-40\u00b0F a 122\u00b0F (-40\u00b0C a 50\u00b0C)<\/td>\n<\/tr>\n<tr>\n<td>Resoluci\u00f3n de la temperatura<\/td>\n<td>0.1\u00b0F\/\u00b0C<\/td>\n<\/tr>\n<tr>\n<td>Precisi\u00f3n de la Temperatura<\/td>\n<td>\u00b1 1.0 \u00b0 F de 14 \u00b0 F a 77 \u00b0 F (\u00b1 0.5 \u00b0 C de -10 \u00b0 C a 25 \u00b0 C); \u00b1 2.0 \u00b0 F por encima de 77 \u00b0 F (\u00b1 1.0 \u00b0 C por encima de 25 \u00b0 C) \u00b1 2.0 \u00b0 F por debajo de 14 \u00b0 F (\u00b1 1.0 \u00b0 C por debajo de -10 \u00b0 C)<\/td>\n<\/tr>\n<tr>\n<td>Capacidad de Datos<\/td>\n<td>3823 puntos<\/td>\n<\/tr>\n<tr>\n<td>Tiempo de Descarga de Datos<\/td>\n<td>5 segundos t\u00edpicos para 3823 puntos<\/td>\n<\/tr>\n<tr>\n<td>Alarmas \/ Configuraciones<\/td>\n<td>Alto 36 \u00b0 F (2 \u00b0 C), Bajo 28 \u00b0 F (-2 \u00b0 C)<br \/>\nRetraso de inicio 30 min, Retraso de alarma 30 min<\/td>\n<\/tr>\n<tr>\n<td>Bater\u00eda<\/td>\n<td>Bater\u00eda de Litio de Celda de Moneda<\/td>\n<\/tr>\n<tr>\n<td>Dimensiones del Registrador<\/td>\n<td>1.962\u2033 x 3.423\u2033 x .575\u2033 (50mm x 87mm x 15mm)<\/td>\n<\/tr>\n<tr>\n<td>Caja<\/td>\n<td>Pl\u00e1stico ABS<\/td>\n<\/tr>\n<tr>\n<td>Peso<\/td>\n<td>1.6 oz. (45,36 gramos)<\/td>\n<\/tr>\n<tr>\n<td>Resistencia a Golpes<\/td>\n<td>Resiste una ca\u00edda de 3 pies (1 metro) a la superficie dura<\/td>\n<\/tr>\n<tr>\n<td>Certificaci\u00f3n<\/td>\n<td>Marca CE, NIST trazable, cumple con ROHS<\/td>\n<\/tr>\n<tr>\n<td>Pantalla<\/td>\n<td>\u00b0 F Escala en LCD, alarma LED roja<\/td>\n<\/tr>\n<tr>\n<td>Clasificaci\u00f3n del IP<\/td>\n<td>IP56<\/td>\n<\/tr>\n<tr>\n<td>Condiciones de Almacenaje<\/td>\n<td>-4 \u00b0 F a 122 \u00b0 F (-20 \u00b0 C a 50 \u00b0 C) 0% a 95% HR sin condensaci\u00f3n<\/td>\n<\/tr>\n<tr>\n<td>Min. Requisitos del Sistema<\/td>\n<td>Windows\u00a0PC con sistema operativo actualizado, software FlashLink Data Manager, Adobe Reader<\/td>\n<\/tr>\n<tr>\n<td>Descargar Requisitos<\/td>\n<td>Adaptador de 8 pines a USB<\/td>\n<\/tr>\n<\/tbody>\n<\/table>\n","protected":false},"excerpt":{"rendered":"<p><strong>Especificaciones:<\/strong><\/p>\n<ul>\n<li>Alarmas alta\/baja programadas para 36 \u00b0 F \/ 28 \u00b0 F<\/li>\n<li>Aceptada por la mayor parte de los receptores.<\/li>\n<li>Consolidar el inventario maderero con una sola marca para todos los env\u00edos.<\/li>\n<li>Montado en tarjeta de localizaci\u00f3n de alta visibilidad.<\/li>\n<\/ul>\n<p>&nbsp;<\/p>\n","protected":false},"featured_media":7479,"template":"","meta":[],"product_cat":[16],"product_tag":[],"class_list":["post-7478","product","type-product","status-publish","has-post-thumbnail","hentry","product_cat-uncategorized"],"_links":{"self":[{"href":"https:\/\/calibracion.com.mx\/tienda\/wp-json\/wp\/v2\/product\/7478","targetHints":{"allow":["GET"]}}],"collection":[{"href":"https:\/\/calibracion.com.mx\/tienda\/wp-json\/wp\/v2\/product"}],"about":[{"href":"https:\/\/calibracion.com.mx\/tienda\/wp-json\/wp\/v2\/types\/product"}],"wp:featuredmedia":[{"embeddable":true,"href":"https:\/\/calibracion.com.mx\/tienda\/wp-json\/wp\/v2\/media\/7479"}],"wp:attachment":[{"href":"https:\/\/calibracion.com.mx\/tienda\/wp-json\/wp\/v2\/media?parent=7478"}],"wp:term":[{"taxonomy":"product_cat","embeddable":true,"href":"https:\/\/calibracion.com.mx\/tienda\/wp-json\/wp\/v2\/product_cat?post=7478"},{"taxonomy":"product_tag","embeddable":true,"href":"https:\/\/calibracion.com.mx\/tienda\/wp-json\/wp\/v2\/product_tag?post=7478"}],"curies":[{"name":"wp","href":"https:\/\/api.w.org\/{rel}","templated":true}]}}