{"id":7483,"date":"2024-01-11T19:16:49","date_gmt":"2024-01-11T19:16:49","guid":{"rendered":"https:\/\/calibracion.com.mx\/tienda\/?post_type=product&#038;p=7483"},"modified":"2024-01-11T19:16:50","modified_gmt":"2024-01-11T19:16:50","slug":"flashlink-mini-pdf-in-transit-logger-modelo-31011-31012","status":"publish","type":"product","link":"https:\/\/calibracion.com.mx\/tienda\/flashlink-mini-pdf-in-transit-logger-modelo-31011-31012\/","title":{"rendered":"Flashlink mini pdf in-transit logger Modelo 31011, 31012"},"content":{"rendered":"<ul>\n<li>Los datos grabados se escalan de manera autom\u00e1tica para ajustarse al gr\u00e1fico completo.<\/li>\n<li>Conector USB incorporado, sin dispositivo de lectura particular.<\/li>\n<li>Guardar y compartir archivos desde PC o tablet.<\/li>\n<li>Informes PDF y CSV en escalas \u00b0 F y \u00b0 C.<\/li>\n<li>No se requiere programa para bajar informes.<\/li>\n<\/ul>\n<h5><b>Aplicaciones:<\/b><\/h5>\n<p>Los receptores de todo el planeta tienen la posibilidad de bajar r\u00e1pida y de manera f\u00e1cil el historial de viajes grabado sin dispositivos de lectura especiales o instalar programa. Los informes PDF y CSV se generan autom\u00e1ticamente con escalas \u00b0 F y \u00b0 C, que tienen dentro un gr\u00e1fico, an\u00e1lisis de resumen y datos tabulares. Los ficheros se comparten , imprimen y guardan convenientemente desde una PC, tablet o tel\u00e9fono capaz con adaptador y app Adobe Reader compatible.<\/p>\n<p>Vacunas, medicamentos de ensayos cl\u00ednicos, insulina, productos biol\u00f3gicos y otros productos farmac\u00e9uticos.<br \/>\nEste registrador est\u00e1 dise\u00f1ado para aplicaciones en ciencias biol\u00f3gicas, con intervalos de exhibe cada 5 minutos y alarmas preestablecidas, ideal para mandar vacunas, f\u00e1rmacos de ensayos cl\u00ednicos, insulina, art\u00edculos biol\u00f3gicos y otros productos farmac\u00e9uticos. El modelo 31011 tiene alarmas bajas\/altas de 2 \u00b0 C \/ 8 \u00b0 C para condiciones de refrigeraci\u00f3n, el modelo 31012 tiene alarmas de 15 \u00b0 C \/ 25 \u00b0 C para art\u00edculos TAC (temperatura \u00e1mbito dominada).<\/p>\n<p>Nuestro registrador plug-and-play de pr\u00f3xima generaci\u00f3n tiene el beneficio agregada de la tecnolog\u00eda Shadow Log, garantizando que los receptores siempre y en todo momento consigan datos de viaje, incluso si el remitente olvida comenzar la unidad. Este registrador de temperatura compacto de usar y tirar tiene un conector USB incorporado y programa incorporado, lo que lo realiza ideal para env\u00edos de exportaci\u00f3n.<\/p>\n<h4 class=\"rl_tabs-title nn_tabs-title\"><strong>Modelos:<\/strong><\/h4>\n<table>\n<thead>\n<tr>\n<th>Modelo<\/th>\n<th>31011<\/th>\n<th>31012<\/th>\n<\/tr>\n<\/thead>\n<tbody>\n<tr>\n<td>Configuraci\u00f3n de Alarmas Baja\/Alta<\/td>\n<td>2\u00b0C\/8\u00b0C<\/td>\n<td>15\u00b0C\/25\u00b0C<\/td>\n<\/tr>\n<tr>\n<td>Frecuencia de Muestreo<\/td>\n<td>5 Minutos<\/td>\n<td>5 Minutos<\/td>\n<\/tr>\n<tr>\n<td>Capacidad de Datos<\/td>\n<td>12,288\u00a0puntos de datos<\/td>\n<td>12,288\u00a0puntos de datos<\/td>\n<\/tr>\n<tr>\n<td>Duraci\u00f3n de Viaje<\/td>\n<td>42.5 d\u00edas<\/td>\n<td>42.5 d\u00edas<\/td>\n<\/tr>\n<tr>\n<td>Escala de Temperatura<\/td>\n<td>\u00b0F \/ \u00b0C<\/td>\n<td>\u00b0F \/ \u00b0C<\/td>\n<\/tr>\n<\/tbody>\n<\/table>\n<p>&nbsp;<\/p>\n<p>&nbsp;<\/p>\n<table>\n<caption>Registrador en tr\u00e1nsito FlashLink Mini PDF, modelo 31011, 31012<\/caption>\n<thead>\n<tr>\n<th>Caracter\u00edstica<\/th>\n<th>Especificaci\u00f3n<\/th>\n<\/tr>\n<\/thead>\n<tfoot>\n<tr>\n<td colspan=\"2\"><\/td>\n<\/tr>\n<\/tfoot>\n<tbody>\n<tr>\n<td>Rango de Medici\u00f3n<\/td>\n<td>-40\u00b0F a 188.6\u00b0F (-40\u00b0C a 87\u00b0C)<\/td>\n<\/tr>\n<tr>\n<td>Precisi\u00f3n<\/td>\n<td>\u00b11.0\u00b0F de -4\u00b0F a 14\u00b0F (\u00b10.5\u00b0C de -20\u00b0C a -10\u00b0C) \u00b10.6\u00b0F de 14\u00b0F a 50\u00b0F (\u00b10.3\u00b0C de -10\u00b0C a 10\u00b0C) \u00b11.0\u00b0F de 50\u00b0F a 77\u00b0F (\u00b10.5\u00b0C de 10\u00b0C a 25\u00b0C) \u00b11.8\u00b0F si &lt; -4\u00b0F o &gt; 77\u00b0F (\u00b11.0\u00b0C si &lt; -20\u00b0C o &gt; 25\u00b0C)<\/td>\n<\/tr>\n<tr>\n<td>Tiempo de Descarga de Datos<\/td>\n<td>T\u00edpicos 30 segundos<\/td>\n<\/tr>\n<tr>\n<td>Programable de F\u00e1brica<\/td>\n<td>Niveles alto y bajo en todo el rango<\/td>\n<\/tr>\n<tr>\n<td>Inicio Atrasado<\/td>\n<td>30 minutos<\/td>\n<\/tr>\n<tr>\n<td>Bater\u00eda<\/td>\n<td>Bater\u00eda de celda de moneda<\/td>\n<\/tr>\n<tr>\n<td>Dimensiones<\/td>\n<td>1.858 pulgadas x 3.071 pulgadas x 0.402 pulgadas (47.2 mm x 78 mm x 10.2 mm)<\/td>\n<\/tr>\n<tr>\n<td>Peso<\/td>\n<td>0.854 onzas (24,2 gramos) \/ TD&gt;<\/td>\n<\/tr>\n<tr>\n<td>Duraci\u00f3n<\/td>\n<td>18 Meses<\/td>\n<\/tr>\n<tr>\n<td>Certificaci\u00f3n<\/td>\n<td>RTCA\/DO-160G Sect 21.5, Marca CE, calibraci\u00f3n trazable a NIST, compatible con RoHS<\/td>\n<\/tr>\n<tr>\n<td>Pantalla<\/td>\n<td>LED Verde y Rojo<\/td>\n<\/tr>\n<tr>\n<td>Calificaci\u00f3n impermeable<\/td>\n<td>IP54 con tapa de silicona<\/td>\n<\/tr>\n<tr>\n<td>Condiciones de Almacenaje<\/td>\n<td>-4 \u00b0 F a 122 \u00b0 F (-20 \u00b0 C a 50 \u00b0 C) 0% a 95% HR sin condensaci\u00f3n<\/td>\n<\/tr>\n<tr>\n<td>Requisitos de\u00a0Sistema<\/td>\n<td>PC con Windows con sistema operativo actual, Adobe Reader<\/td>\n<\/tr>\n<tr>\n<td>Requisitos de Descarga<\/td>\n<td>Conexi\u00f3n USB directa a PC, tableta o impresorar<\/td>\n<\/tr>\n<\/tbody>\n<\/table>\n","protected":false},"excerpt":{"rendered":"<h5><strong>Caracter\u00edsticas:<\/strong><\/h5>\n<ul>\n<li>Modelo para una duraci\u00f3n de viaje de hasta 42.5 d\u00edas.<\/li>\n<li>Shadow Log garantiza datos de viaje.<\/li>\n<li>Configuraci\u00f3n de Alarmas Baja\/Alta.<\/li>\n<li>Registrador de temperatura s\u00f3lido de usar y tirar.<\/li>\n<\/ul>\n","protected":false},"featured_media":7484,"template":"","meta":[],"product_cat":[16],"product_tag":[],"class_list":["post-7483","product","type-product","status-publish","has-post-thumbnail","hentry","product_cat-uncategorized"],"_links":{"self":[{"href":"https:\/\/calibracion.com.mx\/tienda\/wp-json\/wp\/v2\/product\/7483","targetHints":{"allow":["GET"]}}],"collection":[{"href":"https:\/\/calibracion.com.mx\/tienda\/wp-json\/wp\/v2\/product"}],"about":[{"href":"https:\/\/calibracion.com.mx\/tienda\/wp-json\/wp\/v2\/types\/product"}],"wp:featuredmedia":[{"embeddable":true,"href":"https:\/\/calibracion.com.mx\/tienda\/wp-json\/wp\/v2\/media\/7484"}],"wp:attachment":[{"href":"https:\/\/calibracion.com.mx\/tienda\/wp-json\/wp\/v2\/media?parent=7483"}],"wp:term":[{"taxonomy":"product_cat","embeddable":true,"href":"https:\/\/calibracion.com.mx\/tienda\/wp-json\/wp\/v2\/product_cat?post=7483"},{"taxonomy":"product_tag","embeddable":true,"href":"https:\/\/calibracion.com.mx\/tienda\/wp-json\/wp\/v2\/product_tag?post=7483"}],"curies":[{"name":"wp","href":"https:\/\/api.w.org\/{rel}","templated":true}]}}