{"id":7485,"date":"2024-01-11T19:22:06","date_gmt":"2024-01-11T19:22:06","guid":{"rendered":"https:\/\/calibracion.com.mx\/tienda\/?post_type=product&#038;p=7485"},"modified":"2024-01-11T19:22:07","modified_gmt":"2024-01-11T19:22:07","slug":"flashlink-mini-pdf-in-transit-logger-modelo-31010","status":"publish","type":"product","link":"https:\/\/calibracion.com.mx\/tienda\/flashlink-mini-pdf-in-transit-logger-modelo-31010\/","title":{"rendered":"Flashlink mini pdf in-transit logger Modelo 31010"},"content":{"rendered":"<ul>\n<li>Datos grabados se escalan autom\u00e1ticamente para ajustarse al gr\u00e1fico completo.<\/li>\n<li>Conector USB incorporado, sin dispositivo de lectura especial.<\/li>\n<li>Guardar y comunicar ficheros desde PC o tablet.<\/li>\n<li>Informes PDF y CSV en escalas \u00b0 F y \u00b0 C.<\/li>\n<\/ul>\n<p>Un modelo conveniente para rutas nacionales y operaciones de importaci\u00f3n\/exportaci\u00f3n, para todos y cada uno de los modos de transporte: a\u00e9reo, cami\u00f3n, ferrocarril o contenedor mar\u00edtimo. Los expedidores simplifican la gesti\u00f3n del inventario del registrador sin tener que guardar m\u00faltiples modelos de varias duraciones de registro. Los datos grabados se escalan a un gr\u00e1fico en un informe PDF de una p\u00e1gina, lo que significa que los periodos de registro m\u00e1s cortos se muestran con alta resoluci\u00f3n como un gr\u00e1fico terminado.<\/p>\n<p>Nuestro registrador plug-and-play de nueva generaci\u00f3n tiene el beneficio agregada de la tecnolog\u00eda Shadow Log, garantizando que los receptores siempre obtengan datos de viaje, aun si el remitente olvida comenzar la unidad. Este registrador de temperatura compacto de un uso tiene un conector USB y software incorporado, lo que lo hace perfecto para env\u00edos de exportaci\u00f3n.<\/p>\n<p>Los receptores de todo el mundo pueden descargar r\u00e1pida y de forma f\u00e1cil Los informes PDF y CSV se generan de manera autom\u00e1tica con escalas \u00b0 F y \u00b0 C, que tienen dentro un gr\u00e1fico, an\u00e1lisis de resumen y datos tabulares. Los ficheros se distribuyen , imprimen y guardan convenientemente desde una PC, tableta o tel\u00e9fono capaz y son compatibles con la app Adobe Reader.<\/p>\n<h4 class=\"rl_tabs-title nn_tabs-title\"><strong>Modelos:<\/strong><\/h4>\n<table style=\"height: 157px;\" width=\"505\">\n<thead>\n<tr>\n<th>Modelo<\/th>\n<th>31010<\/th>\n<\/tr>\n<\/thead>\n<tbody>\n<tr>\n<td>Configuraci\u00f3n de Alarma Baja \/ Alta<\/td>\n<td>Ninguno<\/td>\n<\/tr>\n<tr>\n<td>Frecuencia de Muestreo<\/td>\n<td>10 Minutos<\/td>\n<\/tr>\n<tr>\n<td>Capacidad de Datos<\/td>\n<td>12,288\u00a0 puntos de datos<\/td>\n<\/tr>\n<tr>\n<td>Duraci\u00f3n de Viaje<\/td>\n<td>85 D\u00edas<\/td>\n<\/tr>\n<tr>\n<td>Escala de Temperatura<\/td>\n<td>\u00b0F \/ \u00b0C<\/td>\n<\/tr>\n<\/tbody>\n<\/table>\n<p>&nbsp;<\/p>\n<table>\n<caption>Registrador en tr\u00e1nsito FlashLink Mini PDF, modelo 31010<\/caption>\n<thead>\n<tr>\n<th>Caracter\u00edstica<\/th>\n<th>Especificaci\u00f3n<\/th>\n<\/tr>\n<\/thead>\n<tfoot>\n<tr>\n<td colspan=\"2\"><\/td>\n<\/tr>\n<\/tfoot>\n<tbody>\n<tr>\n<td>Rango de Medici\u00f3n<\/td>\n<td>-40\u00b0F A 140\u00b0F (-40\u00b0C A 60\u00b0C)<\/td>\n<\/tr>\n<tr>\n<td>Precisi\u00f3n<\/td>\n<td>\u00b11.0\u00b0F de -4\u00b0F a 14\u00b0F (\u00b10.5\u00b0C de -20\u00b0C a -10\u00b0C) \u00b10.6\u00b0F de 14\u00b0F a 50\u00b0F (\u00b10.3\u00b0C de -10\u00b0C a 10\u00b0C) \u00b11.0\u00b0F de 50\u00b0F a 77\u00b0F (\u00b10.5\u00b0C de 5\u00b0C a 25\u00b0C) \u00b11.8\u00b0F si &lt; -4\u00b0F a &gt; 77\u00b0F (\u00b11.0\u00b0C si &lt; -20\u00b0C a &gt; 25\u00b0C)<\/td>\n<\/tr>\n<tr>\n<td>Tiempo de Descarga de Datos<\/td>\n<td>t\u00edpico 5\u00a0segundos<\/td>\n<\/tr>\n<tr>\n<td>Programable de F\u00e1brica<\/td>\n<td>Niveles Alto y Bajo en todo el rango<\/td>\n<\/tr>\n<tr>\n<td>Inicio Diferido<\/td>\n<td>30 minutos<\/td>\n<\/tr>\n<tr>\n<td>Bater\u00eda<\/td>\n<td>Bater\u00eda de Celda de Moneda<\/td>\n<\/tr>\n<tr>\n<td>Dimensiones<\/td>\n<td>1.858 pulgadas x 3.071 pulgadas x 0.402 pulgadas (47.2 mm x 78 mm x 10.2 mm)<\/td>\n<\/tr>\n<tr>\n<td>Peso<\/td>\n<td>0.854 onzas (24,2 gramos) \/ TD&gt;<\/td>\n<\/tr>\n<tr>\n<td>Vida \u00fatil<\/td>\n<td>18 Meses<\/td>\n<\/tr>\n<tr>\n<td>Certificaci\u00f3n<\/td>\n<td>RTCA\/DO-160G Sect 21.5, Marca CE, calibraci\u00f3n rastreable a NIST, RoHS compatible<\/td>\n<\/tr>\n<tr>\n<td>Pantalla<\/td>\n<td>LED Verde y Rojo<\/td>\n<\/tr>\n<tr>\n<td>Calificaci\u00f3n Impermeable<\/td>\n<td>IP54 con tapa de silicona<\/td>\n<\/tr>\n<tr>\n<td>Condiciones de Almacenamiento<\/td>\n<td>-4 \u00b0 F a 122 \u00b0 F (-20 \u00b0 C a 50 \u00b0 C) 0% a 95% HR sin condensaci\u00f3n<\/td>\n<\/tr>\n<tr>\n<td>Requerimientos del Sistema<\/td>\n<td>PC con Windows con sistema operativo actual, Adobe Reader<\/td>\n<\/tr>\n<tr>\n<td>Requisitos de Descarga<\/td>\n<td>Conexi\u00f3n USB directa a PC, tableta o impresora<\/td>\n<\/tr>\n<\/tbody>\n<\/table>\n","protected":false},"excerpt":{"rendered":"<h5><strong>Caracter\u00edsticas:<\/strong><\/h5>\n<ul>\n<li>Registrador de temperatura s\u00f3lido de usar y tirar.<\/li>\n<li>Shadow Log garantiza datos de viaje.<\/li>\n<li>Un modelo para una duraci\u00f3n de viaje de hasta 85 d\u00edas.<\/li>\n<li>No se necesita programa para bajar informes.<\/li>\n<\/ul>\n","protected":false},"featured_media":7486,"template":"","meta":[],"product_cat":[16],"product_tag":[],"class_list":["post-7485","product","type-product","status-publish","has-post-thumbnail","hentry","product_cat-uncategorized"],"_links":{"self":[{"href":"https:\/\/calibracion.com.mx\/tienda\/wp-json\/wp\/v2\/product\/7485","targetHints":{"allow":["GET"]}}],"collection":[{"href":"https:\/\/calibracion.com.mx\/tienda\/wp-json\/wp\/v2\/product"}],"about":[{"href":"https:\/\/calibracion.com.mx\/tienda\/wp-json\/wp\/v2\/types\/product"}],"wp:featuredmedia":[{"embeddable":true,"href":"https:\/\/calibracion.com.mx\/tienda\/wp-json\/wp\/v2\/media\/7486"}],"wp:attachment":[{"href":"https:\/\/calibracion.com.mx\/tienda\/wp-json\/wp\/v2\/media?parent=7485"}],"wp:term":[{"taxonomy":"product_cat","embeddable":true,"href":"https:\/\/calibracion.com.mx\/tienda\/wp-json\/wp\/v2\/product_cat?post=7485"},{"taxonomy":"product_tag","embeddable":true,"href":"https:\/\/calibracion.com.mx\/tienda\/wp-json\/wp\/v2\/product_tag?post=7485"}],"curies":[{"name":"wp","href":"https:\/\/api.w.org\/{rel}","templated":true}]}}