{"id":75,"date":"2023-10-25T15:16:01","date_gmt":"2023-10-25T15:16:01","guid":{"rendered":"https:\/\/calibracion.com.mx\/tienda\/?post_type=product&#038;p=75"},"modified":"2023-10-27T20:51:43","modified_gmt":"2023-10-27T20:51:43","slug":"elitech-loget-8-ble-datalogger-de-temperatura-bluetooth","status":"publish","type":"product","link":"https:\/\/calibracion.com.mx\/tienda\/elitech-loget-8-ble-datalogger-de-temperatura-bluetooth\/","title":{"rendered":"Elitech loget 8 ble datalogger de temperatura bluetooth"},"content":{"rendered":"<p>Elitech Loget 8 Ble<\/p>\n<p>Marca: Elitech<\/p>\n<p>Modelo: LogEt 8 BLE<\/p>\n<p>Funcionalidades :<\/p>\n<p>\u2981 Conexi\u00f3n Bluetooth para descarga de datos en tiempo real a trav\u00e9s de una aplicaci\u00f3n m\u00f3vil<br \/>\n\u2981 Dise\u00f1o resistente al agua y al polvo<br \/>\n\u2981 Funci\u00f3n de calibraci\u00f3n de temperatura y humedad relativa<br \/>\n\u2981 Alarma de temperatura y humedad programable<br \/>\n\u2981 Pantalla LCD para visualizaci\u00f3n de datos en tiempo real<br \/>\n\u2981 Bater\u00eda de larga duraci\u00f3n reemplazable<br \/>\n\u2981 Registro de temperatura y humedad relativa en tiempo real<br \/>\n\u2981 Funci\u00f3n de memoria para almacenar hasta 80000 registros de datos<\/p>\n<p>Informaciones t\u00e9cnicas:<\/p>\n<p>\u2981 Precisi\u00f3n de la medici\u00f3n de temperatura: +\/- 0.5\u00b0C<br \/>\n\u2981 Dimensiones: 82mm x 53mm x 16.5mm<br \/>\n\u2981 Bater\u00eda: CR2450, 3V, 1000mAh<br \/>\n\u2981 Precisi\u00f3n de la medici\u00f3n de humedad relativa: +\/- 3%<br \/>\n\u2981 Peso: 48g<br \/>\n\u2981 Conectividad: Bluetooth 4.0<br \/>\n\u2981 Rango de medici\u00f3n de temperatura: -30\u00b0C a 70\u00b0C<br \/>\n\u2981 Frecuencia de muestreo: 10 segundos a 24 horas<br \/>\n\u2981 Rango de medici\u00f3n de humedad relativa: 0% a 100%<\/p>\n<p>App m\u00f3vil inteligente : La aplicaci\u00f3n m\u00f3vil inteligente Elitech RC5+ es compatible con el datalogger LogEt 8 BLE y se puede descargar de manera gratuita en App Store o Google plus Play. La app deja al usuario visualizar y descargar datos de temperatura y humedad relativa en tiempo real. Adem\u00e1s de esto , la aplicaci\u00f3n tiene las pr\u00f3ximas funciones:<\/p>\n<p>\u2981 An\u00e1lisis de datos mediante gr\u00e1ficos y tablas<br \/>\n\u2981 Configuraci\u00f3n de la unidad de temperatura y humedad relativa.<br \/>\n\u2981 Configuraci\u00f3n de la frecuencia de muestreo<br \/>\n\u2981 Descarga de datos hist\u00f3ricos<br \/>\n\u2981 Exportaci\u00f3n de datos a formato CSV o PDF<br \/>\n\u2981 Configuraci\u00f3n de la alarma de temperatura y humedad relativa<\/p>\n<p>&nbsp;<\/p>\n","protected":false},"excerpt":{"rendered":"<p>Caracter\u00edsticas elitech loget 8 ble datalogger de temperatura bluetooth<\/p>\n<p>La aplicaci\u00f3n m\u00f3vil inteligente Elitech RC5+ es compatible con el datalogger LogEt 8 BLE y se puede bajar de forma gratuita en App Store o Google plus Play. La app deja al usuario visualizar y descargar datos de temperatura y humedad relativa en el mismo instante.<\/p>\n","protected":false},"featured_media":77,"template":"","meta":[],"product_cat":[16],"product_tag":[],"class_list":["post-75","product","type-product","status-publish","has-post-thumbnail","hentry","product_cat-uncategorized"],"_links":{"self":[{"href":"https:\/\/calibracion.com.mx\/tienda\/wp-json\/wp\/v2\/product\/75","targetHints":{"allow":["GET"]}}],"collection":[{"href":"https:\/\/calibracion.com.mx\/tienda\/wp-json\/wp\/v2\/product"}],"about":[{"href":"https:\/\/calibracion.com.mx\/tienda\/wp-json\/wp\/v2\/types\/product"}],"wp:featuredmedia":[{"embeddable":true,"href":"https:\/\/calibracion.com.mx\/tienda\/wp-json\/wp\/v2\/media\/77"}],"wp:attachment":[{"href":"https:\/\/calibracion.com.mx\/tienda\/wp-json\/wp\/v2\/media?parent=75"}],"wp:term":[{"taxonomy":"product_cat","embeddable":true,"href":"https:\/\/calibracion.com.mx\/tienda\/wp-json\/wp\/v2\/product_cat?post=75"},{"taxonomy":"product_tag","embeddable":true,"href":"https:\/\/calibracion.com.mx\/tienda\/wp-json\/wp\/v2\/product_tag?post=75"}],"curies":[{"name":"wp","href":"https:\/\/api.w.org\/{rel}","templated":true}]}}