{"id":7503,"date":"2024-01-11T20:42:56","date_gmt":"2024-01-11T20:42:56","guid":{"rendered":"https:\/\/calibracion.com.mx\/tienda\/?post_type=product&#038;p=7503"},"modified":"2024-01-11T20:44:17","modified_gmt":"2024-01-11T20:44:17","slug":"registrador-de-datos-reutilizable-flashlink-usb-pdf-modelo-40516","status":"publish","type":"product","link":"https:\/\/calibracion.com.mx\/tienda\/registrador-de-datos-reutilizable-flashlink-usb-pdf-modelo-40516\/","title":{"rendered":"Registrador de datos reutilizable FlashLink USB PDF Modelo 40516"},"content":{"rendered":"<ul>\n<li>Grados Minutos y c\u00e1lculos MKT.<\/li>\n<li>Programable por el usuario: inicio manual o autom\u00e1tico, intervalos de registro, alarmas altas\/bajas.<\/li>\n<li>Gran pantalla LCD simple de leer.<\/li>\n<li>Programa multiling\u00fce FlashLink Program Manager.<\/li>\n<li>Ideal para controlar la temperatura \u00e1mbito.<\/li>\n<li>An\u00e1lisis resumido de datos, con informaci\u00f3n de alarma.<\/li>\n<\/ul>\n<h5><strong>Aplicaciones :<\/strong><\/h5>\n<p>Un conector USB incorporado posibilita la programaci\u00f3n y descarga del registrador sin dispositivos de lectura particulares. El software FlashLink Program Manager deja a los clientes modificar factores de registro, como intervalos de muestra , l\u00edmites de alarma altos\/bajos, comienzo autom\u00e1tico o manual y delay de alarma. Los informes PDF detallan el historial de temperatura como un gr\u00e1fico con an\u00e1lisis de resumen, as\u00ed como en formato de tabla. La caracter\u00edstica \u00fanica de esta unidad es el software dentro , lo que lo transforma en un registrador plug-and-play que permite al personal en el campo acceder de forma r\u00e1pida a los informes de temperatura. Los datos se pueden bajar a un PC o tableta con puerto USB, sin necesidad de disponer el software FlashLink Program Manager en computadoras adicionales.<\/p>\n<p>Art\u00edculos , Alimentos preparados, Modelos farmac\u00e9uticos, Modelos qu\u00edmicos, Entidades de almacenaje , Refrigeradores.<br \/>\nEste registrador reutilizable monitorea la temperatura ambiente en instalaciones, autom\u00f3viles de transporte, \u00e1reas de almacenamiento y procesamiento. Da reportes que se utilizan para distintas aplicaciones , como la verificaci\u00f3n y validaci\u00f3n de procesos o equipos, el mapeo t\u00e9rmico y el cumplimiento normativo. Los datos se analizan para detectar tendencias y patrones, y luego se utilizan para progresar las pr\u00e1cticas de administraci\u00f3n en \u00e1reas como el procesamiento y la log\u00edstica de la cadena de fr\u00edo. Los reportes PDF se pueden archivar para el mantenimiento de registros, auditor\u00edas y para realizar HACCP, FSMA y otros requisitos reglamentarios.<\/p>\n<h4 class=\"rl_tabs-title nn_tabs-title\"><strong>Especificaciones:<\/strong><\/h4>\n<table style=\"height: 630px;\" width=\"785\">\n<caption>Registrador de datos reutilizable FlashLink USB PDF, modelo 40516<\/caption>\n<thead>\n<tr>\n<th scope=\"col\">Caracter\u00edstica<\/th>\n<th scope=\"col\">Especificaci\u00f3n<\/th>\n<\/tr>\n<\/thead>\n<tfoot>\n<tr>\n<td colspan=\"2\"><\/td>\n<\/tr>\n<\/tfoot>\n<tbody>\n<tr>\n<td>Rango de medici\u00f3n<\/td>\n<td>-40\u00b0F a 116\u00b0F (-40\u00b0C a 47\u00b0C)<\/td>\n<\/tr>\n<tr>\n<td>Resoluci\u00f3n de temperatura<\/td>\n<td>0,1 \u00b0C en el rango completo de medici\u00f3n de temperatura<\/td>\n<\/tr>\n<tr>\n<td>Exactitud<\/td>\n<td>\u00b10.5\u00b0C de 0\u00b0C a 25\u00b0C \u00b11.0\u00b0C de 25\u00b0C a 47\u00b0C \u00b11.0\u00b0C de -40\u00b0C a 0\u00b0C<\/td>\n<\/tr>\n<tr>\n<td>Capacidad de datos<\/td>\n<td>16.000 puntos de datos<\/td>\n<\/tr>\n<tr>\n<td>Tiempo de descarga de datos<\/td>\n<td>5 segundos t\u00edpicos para 3823 puntos<\/td>\n<\/tr>\n<tr>\n<td>Niveles de alarma programables de f\u00e1brica<\/td>\n<td>Niveles altos y bajos en todo el rango, mostrados en LCD<\/td>\n<\/tr>\n<tr>\n<td>Bater\u00eda<\/td>\n<td>2 pilas de litio AAA, reemplazables por el usuario Opci\u00f3n de reemplazar con 2 pilas alcalinas AAA<\/td>\n<\/tr>\n<tr>\n<td>Dimensiones<\/td>\n<td>1,57\u2033 x 3,67\u2033 x 0,94\u2033 (40 mm x 93,5 mm x 24 mm)<\/td>\n<\/tr>\n<tr>\n<td>Cubierta<\/td>\n<td>Pl\u00e1stico PC\/ABS<\/td>\n<\/tr>\n<tr>\n<td>Peso<\/td>\n<td>1.9 onzas (54 gramos)<\/td>\n<\/tr>\n<tr>\n<td>Resistencia a los golpes<\/td>\n<td>Soporta ca\u00eddas de 3 pies (1 metro) a la superficie dura<\/td>\n<\/tr>\n<tr>\n<td>Certificaci\u00f3n<\/td>\n<td>Marca CE, trazable NIST, compatible con ROHS, compatible con BSS 7061<\/td>\n<\/tr>\n<tr>\n<td>Cumplimiento de la FAA<\/td>\n<td>RTCA\/DO-160<\/td>\n<\/tr>\n<tr>\n<td>Monitor<\/td>\n<td>Alarma LED roja<\/td>\n<\/tr>\n<tr>\n<td>Clasificaci\u00f3n IP<\/td>\n<td>IP54 (con tapa de silicona puesta)<\/td>\n<\/tr>\n<tr>\n<td>Condiciones de almacenamiento<\/td>\n<td>-4\u00b0F a 122\u00b0F (-20\u00b0C a 50\u00b0C) 0% a 95% HR sin condensaci\u00f3n<\/td>\n<\/tr>\n<tr>\n<td>Requisitos del sistema<\/td>\n<td>PC con Windows con sistema operativo actual Adobe reader<\/td>\n<\/tr>\n<tr>\n<td>Programaci\u00f3n<\/td>\n<td>FlashLink Program Manager Software<\/td>\n<\/tr>\n<tr>\n<td>Requisitos de descarga<\/td>\n<td>Conexi\u00f3n USB directa<\/td>\n<\/tr>\n<tr>\n<td colspan=\"2\">Patente No. 6,088,514<\/td>\n<\/tr>\n<\/tbody>\n<\/table>\n","protected":false},"excerpt":{"rendered":"<h5><strong>Peculiaridades:<\/strong><\/h5>\n<ul>\n<li>Rango de medici\u00f3n de -40 \u00b0F\/\u00b0C a 116 \u00b0F\/47 \u00b0C.<\/li>\n<li>Crea autom\u00e1ticamente un informe PDF y un archivo CSV.<\/li>\n<li>Sensor de adentro de un solo canal.<\/li>\n<li>Puntos de datos de 16K, memoria no vol\u00e1til.<\/li>\n<\/ul>\n","protected":false},"featured_media":7506,"template":"","meta":[],"product_cat":[16],"product_tag":[],"class_list":["post-7503","product","type-product","status-publish","has-post-thumbnail","hentry","product_cat-uncategorized"],"_links":{"self":[{"href":"https:\/\/calibracion.com.mx\/tienda\/wp-json\/wp\/v2\/product\/7503","targetHints":{"allow":["GET"]}}],"collection":[{"href":"https:\/\/calibracion.com.mx\/tienda\/wp-json\/wp\/v2\/product"}],"about":[{"href":"https:\/\/calibracion.com.mx\/tienda\/wp-json\/wp\/v2\/types\/product"}],"wp:featuredmedia":[{"embeddable":true,"href":"https:\/\/calibracion.com.mx\/tienda\/wp-json\/wp\/v2\/media\/7506"}],"wp:attachment":[{"href":"https:\/\/calibracion.com.mx\/tienda\/wp-json\/wp\/v2\/media?parent=7503"}],"wp:term":[{"taxonomy":"product_cat","embeddable":true,"href":"https:\/\/calibracion.com.mx\/tienda\/wp-json\/wp\/v2\/product_cat?post=7503"},{"taxonomy":"product_tag","embeddable":true,"href":"https:\/\/calibracion.com.mx\/tienda\/wp-json\/wp\/v2\/product_tag?post=7503"}],"curies":[{"name":"wp","href":"https:\/\/api.w.org\/{rel}","templated":true}]}}