{"id":7513,"date":"2024-01-12T14:44:05","date_gmt":"2024-01-12T14:44:05","guid":{"rendered":"https:\/\/calibracion.com.mx\/tienda\/?post_type=product&#038;p=7513"},"modified":"2024-01-12T14:44:06","modified_gmt":"2024-01-12T14:44:06","slug":"registrador-de-datos-usb-reutilizable-flashlink-modelo-20908","status":"publish","type":"product","link":"https:\/\/calibracion.com.mx\/tienda\/registrador-de-datos-usb-reutilizable-flashlink-modelo-20908\/","title":{"rendered":"Registrador de datos usb reutilizable flashlink Modelo 20908"},"content":{"rendered":"<ul>\n<li>Indicio de bater\u00eda sobrante (bater\u00eda baja).<\/li>\n<li>Estad\u00edsticas de historia del viaje disponibles en la pantalla LCD.<\/li>\n<li>Trazable a NIST y CE Mark.<\/li>\n<li>Conexi\u00f3n USB.<\/li>\n<\/ul>\n<h5><b>Aplicaciones:<\/b><\/h5>\n<p>Modelos , Alimentos Preparados, Modelos Farmac\u00e9uticos, Productos Qu\u00edmicos, Entidades de Almacenamiento , Refrigeradores.<br \/>\nEl Registrador de Datos USB FlashLink Reutilizable puede monitorear art\u00edculos sensibles a la temperatura a lo largo del transporte y almacenaje o en entornos de procesamiento. Su sensor interno \u00fanico de temperatura funciona en un intervalo de -40 \u00b0F (-40 \u00b0C) a 149 \u00b0F (65 \u00b0C). La conexi\u00f3n USB deja una simple programaci\u00f3n del registrador de datos y la descarga de los datos grabados a una PC. El usuario puede configurar algunos factores , tales como intervalos de muestreo, l\u00edmites de alarma alta y baja, encendido autom\u00e1tico o manual, salto y retraso de alarma, y para el registro de los datos en modo c\u00edclico o de forma autom\u00e1tica se detendr\u00e1 en el momento en que la memoria est\u00e9 llena. El historial descargado de la temperatura se expone como un archivo PDF con un gr\u00e1fico y resumen de datos, tales como las temperaturas altas y bajas que se alcanzan, temperatura media, tiempo de permanencia en la alarma, grados minuto, y tambi\u00e9n en el momento en que se inicio el registro de datos, cuando se detiene y cuando se descarga.<\/p>\n<p>El Registrador de Datos USB FlashLink Reutilizable de DeltaTrak es una herramienta de chequeo de la temperatura de transporte para productos sensibles equipados con una conexi\u00f3n USB para cargar los datos f\u00e1cilmente a una PC. Este dispositivo proporciona informaci\u00f3n del historial de temperatura que cambia de -40 \u00b0C (-40 \u00b0F) hasta 65 \u00b0C (149 \u00b0F). El registrador de datos reutilizable deja al usuario desarrollar las funciones de registrador, introduciendo el periodo de registro de datos (5,15,45 y 75 per\u00edodos del d\u00eda), el muestreo de intervalos, un bucle o stop cuando est\u00e9 lleno, alarmas altas y altas, comienzo retardado, salto de alarma y retardo de alarma. La unidad tambi\u00e9n se puede desarrollar a opciones de fabrica con un m\u00e1ximo de 6 m\u00faltiples plazos de zona de alarma. Cada regi\u00f3n puede ser programada para un per\u00edodo determinado y el registrador de datos va a hacer un rastreo de tiempo acumulado que est\u00e9 en este intervalo. Esta informaci\u00f3n se expone en formato gr\u00e1fico en la descarga del registrador.<\/p>\n<h5 class=\"rl_tabs-title nn_tabs-title\"><strong>Especificaciones:<\/strong><\/h5>\n<table style=\"height: 583px;\" width=\"871\">\n<caption>Modelo 20908 FlashLink Registrador de datos USB reutilizable<\/caption>\n<thead>\n<tr>\n<th scope=\"col\">Caracter\u00edstica<\/th>\n<th scope=\"col\">Especificaci\u00f3n<\/th>\n<\/tr>\n<\/thead>\n<tfoot>\n<tr>\n<td colspan=\"2\"><\/td>\n<\/tr>\n<\/tfoot>\n<tbody>\n<tr>\n<td>Intervalo de Medici\u00f3n<\/td>\n<td>-40\u00b0F a 149\u00b0F (-40\u00b0C a 65\u00b0C)<\/td>\n<\/tr>\n<tr>\n<td>Resoluci\u00f3n de la Temperatura<\/td>\n<td>0.1\u00b0F\/\u00b0C<\/td>\n<\/tr>\n<tr>\n<td>Precisi\u00f3n<\/td>\n<td>\u00b11.0\u00b0F de 14\u00b0F a 77\u00b0F (\u00b10.5\u00b0C de -10\u00b0C a 25\u00b0C);<br \/>\n\u00b12.0\u00b0F por encima de 77\u00b0F (\u00b11.0\u00b0C por encima de 25\u00b0C);<br \/>\n\u00b12.0\u00b0F por debajo de 14\u00b0F (\u00b11.0\u00b0C por debajo de -10\u00b0C)<\/td>\n<\/tr>\n<tr>\n<td>Capacidad de Datos<\/td>\n<td>3823 puntos de datos<\/td>\n<\/tr>\n<tr>\n<td>Tiempo de Descarga de Datos<\/td>\n<td>2 segundos normalmente para 3823 puntos<\/td>\n<\/tr>\n<tr>\n<td>Niveles de alarma programables<\/td>\n<td>Los niveles altos y bajos sobre todo el intervalo se muestran en la pantalla LCD<\/td>\n<\/tr>\n<tr>\n<td>Bater\u00eda<\/td>\n<td>Bater\u00eda de Litio Coin Cell, indicador en pantalla % de energ\u00eda restante<\/td>\n<\/tr>\n<tr>\n<td>Dimensiones\/Cuerpo<\/td>\n<td>1.575\u2033 x 3.189\u2033 x .575\u2033 (40mm x 81mm x 13mm)<\/td>\n<\/tr>\n<tr>\n<td>Cubierta<\/td>\n<td>PC \/ pl\u00e1stico ABS<\/td>\n<\/tr>\n<tr>\n<td>Peso<\/td>\n<td>1.3 oz. (36 gramos)<\/td>\n<\/tr>\n<tr>\n<td>Resistente a Golpes<\/td>\n<td>Soporta ca\u00eddas de 3 pies (1 metro) a una superficie dura<\/td>\n<\/tr>\n<tr>\n<td>Certificaci\u00f3n<\/td>\n<td>Marca CE, trazable a NIST, Cumplimiento RoHS<\/td>\n<\/tr>\n<tr>\n<td>Pantalla<\/td>\n<td>LCD, LED rojo de Alarma<\/td>\n<\/tr>\n<tr>\n<td>Grado Impermeable<\/td>\n<td>IP64 (con la tapa puesta de silic\u00f3n)<\/td>\n<\/tr>\n<tr>\n<td>Condiciones de Almacenamiento<\/td>\n<td>-4\u00b0F a 122\u00b0F (-20\u00b0C a 50\u00b0C) 0% a 95% HR sin condensaci\u00f3n<\/td>\n<\/tr>\n<tr>\n<td>Requisitos del Sistema<\/td>\n<td>Windows PC con sistema operativo actual y Adobe Reader<\/td>\n<\/tr>\n<tr>\n<td>Programaci\u00f3n<\/td>\n<td>\u201cFlashLink Program Manager Software\u201d o \u201cUSB Program Manager software\u201d<\/td>\n<\/tr>\n<tr>\n<td>Requisitos para Descarga<\/td>\n<td>Conexi\u00f3n USB directa<\/td>\n<\/tr>\n<\/tbody>\n<\/table>\n","protected":false},"excerpt":{"rendered":"<h5><strong>Peculiaridades:<\/strong><\/h5>\n<ul>\n<li>Programable por el Usuario: Comienzo autom\u00e1tico o manual, intervalo de muestreo, l\u00edmites de alarma, etiquetas de datos.<\/li>\n<li>Pantalla LCD grande y de simple lectura.<\/li>\n<li>Un solo canal, con un sensor de adentro para la temperatura del aire de \u00e1mbito.<\/li>\n<\/ul>\n<p>&nbsp;<\/p>\n<p>&nbsp;<\/p>\n","protected":false},"featured_media":7514,"template":"","meta":[],"product_cat":[16],"product_tag":[],"class_list":["post-7513","product","type-product","status-publish","has-post-thumbnail","hentry","product_cat-uncategorized"],"_links":{"self":[{"href":"https:\/\/calibracion.com.mx\/tienda\/wp-json\/wp\/v2\/product\/7513","targetHints":{"allow":["GET"]}}],"collection":[{"href":"https:\/\/calibracion.com.mx\/tienda\/wp-json\/wp\/v2\/product"}],"about":[{"href":"https:\/\/calibracion.com.mx\/tienda\/wp-json\/wp\/v2\/types\/product"}],"wp:featuredmedia":[{"embeddable":true,"href":"https:\/\/calibracion.com.mx\/tienda\/wp-json\/wp\/v2\/media\/7514"}],"wp:attachment":[{"href":"https:\/\/calibracion.com.mx\/tienda\/wp-json\/wp\/v2\/media?parent=7513"}],"wp:term":[{"taxonomy":"product_cat","embeddable":true,"href":"https:\/\/calibracion.com.mx\/tienda\/wp-json\/wp\/v2\/product_cat?post=7513"},{"taxonomy":"product_tag","embeddable":true,"href":"https:\/\/calibracion.com.mx\/tienda\/wp-json\/wp\/v2\/product_tag?post=7513"}],"curies":[{"name":"wp","href":"https:\/\/api.w.org\/{rel}","templated":true}]}}